{"id":2605,"date":"2024-01-09T06:32:50","date_gmt":"2024-01-09T06:32:50","guid":{"rendered":"https:\/\/sparkhdw.com\/?post_type=product&#038;p=2605"},"modified":"2024-08-23T05:45:08","modified_gmt":"2024-08-23T05:45:08","slug":"sliding-barn-door-handles","status":"publish","type":"product","link":"https:\/\/sparkhdw.com\/cs\/manufacturer\/sliding-barn-door-handles\/","title":{"rendered":"Posuvn\u00e9 kliky od stodoly"},"content":{"rendered":"<div class=\"container section-title-container\" ><h3 class=\"section-title section-title-center\"><b><\/b><span class=\"section-title-main\" >Specifikace<\/span><b><\/b><\/h3><\/div>\n<div class=\"row\"  id=\"row-568988675\">\n\n\t<div id=\"col-599205032\" class=\"col medium-6 small-12 large-6\"  >\n\t\t\t\t<div class=\"col-inner\"  >\n\t\t\t\n\t\t\t\n<table style=\"border-collapse: collapse; width: 245.53pt;\" border=\"0\" width=\"491\" cellspacing=\"0\" cellpadding=\"0\">\n<tbody>\n<tr style=\"height: 25.00pt;\">\n<td class=\"et3\" style=\"height: 25.00pt; width: 114.00pt;\" width=\"228\" height=\"50\">Model \u010d\u00edslo.<\/td>\n<td class=\"et4\" style=\"width: 131.50pt;\" width=\"263\">SPK-9349<\/td>\n<\/tr>\n<tr style=\"height: 25.00pt;\">\n<td class=\"et3\" style=\"height: 25.00pt; width: 114.00pt;\" width=\"228\" height=\"50\">Materi\u00e1l<\/td>\n<td class=\"et4\" style=\"width: 131.50pt;\" width=\"263\">Uhl\u00edkov\u00e1 ocel<\/td>\n<\/tr>\n<tr style=\"height: 25.00pt;\">\n<td class=\"et3\" style=\"height: 25.00pt; width: 114.00pt;\" width=\"228\" height=\"50\">Dokon\u010dit<\/td>\n<td class=\"et4\" style=\"width: 131.50pt;\" width=\"263\">\u010cern\u00e1 pr\u00e1\u0161kov\u00e1 barva<\/td>\n<\/tr>\n<tr style=\"height: 25.00pt;\">\n<td class=\"et3\" style=\"height: 25.00pt; width: 114.00pt;\" width=\"228\" height=\"50\">Oprava<\/td>\n<td class=\"et4\" style=\"width: 131.50pt;\" width=\"263\">Jedna strana<\/td>\n<\/tr>\n<tr style=\"height: 25.00pt;\">\n<td class=\"et3\" style=\"height: 25.00pt; width: 114.00pt;\" width=\"228\" height=\"50\">P\u0159\u00edslu\u0161enstv\u00ed v cen\u011b<\/td>\n<td class=\"et4\" style=\"width: 131.50pt;\" width=\"263\">\u0160rouby<\/td>\n<\/tr>\n<tr style=\"height: 25.00pt;\">\n<td class=\"et5\" style=\"height: 25.00pt;\" height=\"50\">MOQ<\/td>\n<td class=\"et6\">20 ks<\/td>\n<\/tr>\n<tr style=\"height: 26.00pt;\">\n<td class=\"et5\" style=\"height: 26.00pt;\" height=\"52\">aplikace<\/td>\n<td class=\"et6\">D\u0159ev\u011bn\u00e9 dve\u0159e<\/td>\n<\/tr>\n<\/tbody>\n<\/table>\n\t\t<\/div>\n\t\t\t\t\t<\/div>\n\n\t\n\n\t<div id=\"col-418742451\" class=\"col medium-4 small-12 large-4\"  >\n\t\t\t\t<div class=\"col-inner\"  >\n\t\t\t\n\t\t\t\n\t<div class=\"img has-hover x md-x lg-x y md-y lg-y\" id=\"image_1724861216\">\n\t\t\t\t\t\t\t\t<div class=\"img-inner dark\" >\n\t\t\t<img width=\"411\" height=\"265\" src=\"https:\/\/sparkhdw.com\/wp-content\/uploads\/2024\/01\/Drawing-of-black-barn-door-pull.webp\" class=\"attachment-large size-large\" alt=\"Kresba tahu dve\u0159\u00ed \u010dern\u00e9 stodoly\" decoding=\"async\" loading=\"lazy\" srcset=\"https:\/\/sparkhdw.com\/wp-content\/uploads\/2024\/01\/Drawing-of-black-barn-door-pull.webp 411w, https:\/\/sparkhdw.com\/wp-content\/uploads\/2024\/01\/Drawing-of-black-barn-door-pull-300x193.webp 300w\" sizes=\"(max-width: 411px) 100vw, 411px\" \/>\t\t\t\t\t\t\n\t\t\t\t\t<\/div>\n\t\t\t\t\t\t\t\t\n<style>\n#image_1724861216 {\n  width: 100%;\n}\n<\/style>\n\t<\/div>\n\t\n\t\t<\/div>\n\t\t\t\t\t<\/div>\n\n\t\n<\/div>","protected":false},"excerpt":{"rendered":"<p>\u010c\u00edslo modelu: SPK-9349<br \/>\nUhl\u00edkov\u00e1 ocel s \u010dern\u00fdm pr\u00e1\u0161kov\u00fdm n\u00e1st\u0159ikem<br \/>\nLze osadit d\u0159ev\u011bn\u00fdmi dve\u0159mi o tlou\u0161\u0165ce 30-55 mm.<\/p>","protected":false},"featured_media":2563,"comment_status":"open","ping_status":"closed","template":"","meta":[],"product_cat":[45],"product_tag":[],"yoast_head":"<!-- This site is optimized with the Yoast SEO plugin v22.6 - https:\/\/yoast.com\/wordpress\/plugins\/seo\/ -->\n<title>Sliding barn door handles - Spark Hardware<\/title>\n<meta name=\"description\" content=\"Elevate your projects with our precision-crafted handles, ensuring a seamless blend of functionality and enduring performance.\" \/>\n<meta name=\"robots\" content=\"index, follow, max-snippet:-1, max-image-preview:large, max-video-preview:-1\" \/>\n<link rel=\"canonical\" href=\"https:\/\/sparkhdw.com\/cs\/manufacturer\/sliding-barn-door-handles\/\" \/>\n<meta property=\"og:locale\" content=\"cs_CZ\" \/>\n<meta property=\"og:type\" content=\"article\" \/>\n<meta property=\"og:title\" content=\"Sliding barn door handles - Spark Hardware\" \/>\n<meta property=\"og:description\" content=\"Elevate your projects with our precision-crafted handles, ensuring a seamless blend of functionality and enduring performance.\" \/>\n<meta property=\"og:url\" content=\"https:\/\/sparkhdw.com\/cs\/manufacturer\/sliding-barn-door-handles\/\" \/>\n<meta property=\"og:site_name\" content=\"Spark Hardware\" \/>\n<meta property=\"article:modified_time\" content=\"2024-08-23T05:45:08+00:00\" \/>\n<meta property=\"og:image\" content=\"https:\/\/sparkhdw.com\/wp-content\/uploads\/2024\/01\/sliding-barn-door-handles.webp\" \/>\n\t<meta property=\"og:image:width\" content=\"1000\" \/>\n\t<meta property=\"og:image:height\" content=\"1000\" \/>\n\t<meta property=\"og:image:type\" content=\"image\/webp\" \/>\n<meta name=\"twitter:card\" content=\"summary_large_image\" \/>\n<meta name=\"twitter:label1\" content=\"Est. reading time\" \/>\n\t<meta name=\"twitter:data1\" content=\"1 minuta\" \/>\n<script type=\"application\/ld+json\" class=\"yoast-schema-graph\">{\"@context\":\"https:\/\/schema.org\",\"@graph\":[{\"@type\":\"WebPage\",\"@id\":\"https:\/\/sparkhdw.com\/manufacturer\/sliding-barn-door-handles\/\",\"url\":\"https:\/\/sparkhdw.com\/manufacturer\/sliding-barn-door-handles\/\",\"name\":\"Sliding barn door handles - Spark Hardware\",\"isPartOf\":{\"@id\":\"https:\/\/sparkhdw.com\/#website\"},\"primaryImageOfPage\":{\"@id\":\"https:\/\/sparkhdw.com\/manufacturer\/sliding-barn-door-handles\/#primaryimage\"},\"image\":{\"@id\":\"https:\/\/sparkhdw.com\/manufacturer\/sliding-barn-door-handles\/#primaryimage\"},\"thumbnailUrl\":\"https:\/\/sparkhdw.com\/wp-content\/uploads\/2024\/01\/sliding-barn-door-handles.webp\",\"datePublished\":\"2024-01-09T06:32:50+00:00\",\"dateModified\":\"2024-08-23T05:45:08+00:00\",\"description\":\"Elevate your projects with our precision-crafted handles, ensuring a seamless blend of functionality and enduring performance.\",\"breadcrumb\":{\"@id\":\"https:\/\/sparkhdw.com\/manufacturer\/sliding-barn-door-handles\/#breadcrumb\"},\"inLanguage\":\"cs\",\"potentialAction\":[{\"@type\":\"ReadAction\",\"target\":[\"https:\/\/sparkhdw.com\/manufacturer\/sliding-barn-door-handles\/\"]}]},{\"@type\":\"ImageObject\",\"inLanguage\":\"cs\",\"@id\":\"https:\/\/sparkhdw.com\/manufacturer\/sliding-barn-door-handles\/#primaryimage\",\"url\":\"https:\/\/sparkhdw.com\/wp-content\/uploads\/2024\/01\/sliding-barn-door-handles.webp\",\"contentUrl\":\"https:\/\/sparkhdw.com\/wp-content\/uploads\/2024\/01\/sliding-barn-door-handles.webp\",\"width\":1000,\"height\":1000,\"caption\":\"sliding barn door handles\"},{\"@type\":\"BreadcrumbList\",\"@id\":\"https:\/\/sparkhdw.com\/manufacturer\/sliding-barn-door-handles\/#breadcrumb\",\"itemListElement\":[{\"@type\":\"ListItem\",\"position\":1,\"name\":\"Home\",\"item\":\"https:\/\/sparkhdw.com\/\"},{\"@type\":\"ListItem\",\"position\":2,\"name\":\"Products\",\"item\":\"https:\/\/sparkhdw.com\/shop\/\"},{\"@type\":\"ListItem\",\"position\":3,\"name\":\"Sliding barn door handles\"}]},{\"@type\":\"WebSite\",\"@id\":\"https:\/\/sparkhdw.com\/#website\",\"url\":\"https:\/\/sparkhdw.com\/\",\"name\":\"Spark Hardware\",\"description\":\"\",\"potentialAction\":[{\"@type\":\"SearchAction\",\"target\":{\"@type\":\"EntryPoint\",\"urlTemplate\":\"https:\/\/sparkhdw.com\/?s={search_term_string}\"},\"query-input\":\"required name=search_term_string\"}],\"inLanguage\":\"cs\"}]}<\/script>\n<!-- \/ Yoast SEO plugin. -->","yoast_head_json":{"title":"Kliky posuvn\u00fdch dve\u0159\u00ed stodoly - Spark Hardware","description":"Pozvedn\u011bte sv\u00e9 projekty pomoc\u00ed na\u0161ich precizn\u011b vyroben\u00fdch rukojet\u00ed, kter\u00e9 zajist\u00ed bezprobl\u00e9movou kombinaci funk\u010dnosti a trval\u00e9ho v\u00fdkonu.","robots":{"index":"index","follow":"follow","max-snippet":"max-snippet:-1","max-image-preview":"max-image-preview:large","max-video-preview":"max-video-preview:-1"},"canonical":"https:\/\/sparkhdw.com\/cs\/manufacturer\/sliding-barn-door-handles\/","og_locale":"cs_CZ","og_type":"article","og_title":"Sliding barn door handles - Spark Hardware","og_description":"Elevate your projects with our precision-crafted handles, ensuring a seamless blend of functionality and enduring performance.","og_url":"https:\/\/sparkhdw.com\/cs\/manufacturer\/sliding-barn-door-handles\/","og_site_name":"Spark Hardware","article_modified_time":"2024-08-23T05:45:08+00:00","og_image":[{"width":1000,"height":1000,"url":"https:\/\/sparkhdw.com\/wp-content\/uploads\/2024\/01\/sliding-barn-door-handles.webp","type":"image\/webp"}],"twitter_card":"summary_large_image","twitter_misc":{"Est. reading time":"1 minuta"},"schema":{"@context":"https:\/\/schema.org","@graph":[{"@type":"WebPage","@id":"https:\/\/sparkhdw.com\/manufacturer\/sliding-barn-door-handles\/","url":"https:\/\/sparkhdw.com\/manufacturer\/sliding-barn-door-handles\/","name":"Kliky posuvn\u00fdch dve\u0159\u00ed stodoly - Spark Hardware","isPartOf":{"@id":"https:\/\/sparkhdw.com\/#website"},"primaryImageOfPage":{"@id":"https:\/\/sparkhdw.com\/manufacturer\/sliding-barn-door-handles\/#primaryimage"},"image":{"@id":"https:\/\/sparkhdw.com\/manufacturer\/sliding-barn-door-handles\/#primaryimage"},"thumbnailUrl":"https:\/\/sparkhdw.com\/wp-content\/uploads\/2024\/01\/sliding-barn-door-handles.webp","datePublished":"2024-01-09T06:32:50+00:00","dateModified":"2024-08-23T05:45:08+00:00","description":"Pozvedn\u011bte sv\u00e9 projekty pomoc\u00ed na\u0161ich precizn\u011b vyroben\u00fdch rukojet\u00ed, kter\u00e9 zajist\u00ed bezprobl\u00e9movou kombinaci funk\u010dnosti a trval\u00e9ho v\u00fdkonu.","breadcrumb":{"@id":"https:\/\/sparkhdw.com\/manufacturer\/sliding-barn-door-handles\/#breadcrumb"},"inLanguage":"cs","potentialAction":[{"@type":"ReadAction","target":["https:\/\/sparkhdw.com\/manufacturer\/sliding-barn-door-handles\/"]}]},{"@type":"ImageObject","inLanguage":"cs","@id":"https:\/\/sparkhdw.com\/manufacturer\/sliding-barn-door-handles\/#primaryimage","url":"https:\/\/sparkhdw.com\/wp-content\/uploads\/2024\/01\/sliding-barn-door-handles.webp","contentUrl":"https:\/\/sparkhdw.com\/wp-content\/uploads\/2024\/01\/sliding-barn-door-handles.webp","width":1000,"height":1000,"caption":"sliding barn door handles"},{"@type":"BreadcrumbList","@id":"https:\/\/sparkhdw.com\/manufacturer\/sliding-barn-door-handles\/#breadcrumb","itemListElement":[{"@type":"ListItem","position":1,"name":"Home","item":"https:\/\/sparkhdw.com\/"},{"@type":"ListItem","position":2,"name":"Products","item":"https:\/\/sparkhdw.com\/shop\/"},{"@type":"ListItem","position":3,"name":"Sliding barn door handles"}]},{"@type":"WebSite","@id":"https:\/\/sparkhdw.com\/#website","url":"https:\/\/sparkhdw.com\/","name":"Hardware Spark","description":"","potentialAction":[{"@type":"SearchAction","target":{"@type":"EntryPoint","urlTemplate":"https:\/\/sparkhdw.com\/?s={search_term_string}"},"query-input":"required name=search_term_string"}],"inLanguage":"cs"}]}},"_links":{"self":[{"href":"https:\/\/sparkhdw.com\/cs\/wp-json\/wp\/v2\/product\/2605"}],"collection":[{"href":"https:\/\/sparkhdw.com\/cs\/wp-json\/wp\/v2\/product"}],"about":[{"href":"https:\/\/sparkhdw.com\/cs\/wp-json\/wp\/v2\/types\/product"}],"replies":[{"embeddable":true,"href":"https:\/\/sparkhdw.com\/cs\/wp-json\/wp\/v2\/comments?post=2605"}],"wp:featuredmedia":[{"embeddable":true,"href":"https:\/\/sparkhdw.com\/cs\/wp-json\/wp\/v2\/media\/2563"}],"wp:attachment":[{"href":"https:\/\/sparkhdw.com\/cs\/wp-json\/wp\/v2\/media?parent=2605"}],"wp:term":[{"taxonomy":"product_cat","embeddable":true,"href":"https:\/\/sparkhdw.com\/cs\/wp-json\/wp\/v2\/product_cat?post=2605"},{"taxonomy":"product_tag","embeddable":true,"href":"https:\/\/sparkhdw.com\/cs\/wp-json\/wp\/v2\/product_tag?post=2605"}],"curies":[{"name":"wp","href":"https:\/\/api.w.org\/{rel}","templated":true}]}}