{"id":2612,"date":"2024-01-09T07:41:26","date_gmt":"2024-01-09T07:41:26","guid":{"rendered":"https:\/\/sparkhdw.com\/?post_type=product&#038;p=2612"},"modified":"2024-08-23T05:44:59","modified_gmt":"2024-08-23T05:44:59","slug":"square-door-handles","status":"publish","type":"product","link":"https:\/\/sparkhdw.com\/cs\/manufacturer\/square-door-handles\/","title":{"rendered":"\u010ctvercov\u00e9 kliky dve\u0159\u00ed"},"content":{"rendered":"<div class=\"container section-title-container\" ><h3 class=\"section-title section-title-normal\"><b><\/b><span class=\"section-title-main\" >Specifikace<\/span><b><\/b><\/h3><\/div>\n<div class=\"row\"  id=\"row-238163715\">\n\n\t<div id=\"col-1361720909\" class=\"col medium-6 small-12 large-6\"  >\n\t\t\t\t<div class=\"col-inner\"  >\n\t\t\t\n\t\t\t\n<table style=\"border-collapse: collapse; width: 461px; height: 253px;\" border=\"0\" width=\"491\" cellspacing=\"0\" cellpadding=\"0\">\n<tbody>\n<tr style=\"height: 25.00pt;\">\n<td class=\"et3\" style=\"height: 25.00pt; width: 114.00pt;\" width=\"228\" height=\"50\">Model \u010d\u00edslo.<\/td>\n<td class=\"et4\" style=\"width: 131.50pt;\" width=\"263\">SPK-9305<\/td>\n<\/tr>\n<tr style=\"height: 25.00pt;\">\n<td class=\"et3\" style=\"height: 25.00pt; width: 114.00pt;\" width=\"228\" height=\"50\">Materi\u00e1l<\/td>\n<td class=\"et4\" style=\"width: 131.50pt;\" width=\"263\">Nerezov\u00e1 ocel 304<\/td>\n<\/tr>\n<tr style=\"height: 25.00pt;\">\n<td class=\"et3\" style=\"height: 25.00pt; width: 114.00pt;\" width=\"228\" height=\"50\">Dokon\u010dit<\/td>\n<td class=\"et4\" style=\"width: 131.50pt;\" width=\"263\">Kart\u00e1\u010dovan\u00fd, le\u0161t\u011bn\u00fd, zlat\u00fd a \u010dern\u00fd<\/td>\n<\/tr>\n<tr style=\"height: 25.00pt;\">\n<td class=\"et3\" style=\"height: 25.00pt; width: 114.00pt;\" width=\"228\" height=\"50\">Oprava<\/td>\n<td class=\"et4\" style=\"width: 131.50pt;\" width=\"263\">Jedna strana, z\u00e1dy k sob\u011b\u00a0<\/td>\n<\/tr>\n<tr style=\"height: 25.00pt;\">\n<td class=\"et3\" style=\"height: 25.00pt; width: 114.00pt;\" width=\"228\" height=\"50\">P\u0159\u00edslu\u0161enstv\u00ed v cen\u011b<\/td>\n<td class=\"et4\" style=\"width: 131.50pt;\" width=\"263\">\u0160rouby<\/td>\n<\/tr>\n<tr style=\"height: 25.00pt;\">\n<td class=\"et5\" style=\"height: 25.00pt;\" height=\"50\">MOQ<\/td>\n<td class=\"et6\">20 ks<\/td>\n<\/tr>\n<tr style=\"height: 26.00pt;\">\n<td class=\"et5\" style=\"height: 26.00pt;\" height=\"52\">aplikace<\/td>\n<td class=\"et6\">Sklen\u011bn\u00e9 dve\u0159e, d\u0159ev\u011bn\u00e9 a d\u0159ev\u011bn\u00e9 dve\u0159e<\/td>\n<\/tr>\n<\/tbody>\n<\/table>\n\t\t<\/div>\n\t\t\t\t\t<\/div>\n\n\t\n<\/div>","protected":false},"excerpt":{"rendered":"<p>\u010c\u00edslo modelu: SPK-9305<br \/>\nNerezov\u00e1 ocel 304 s kart\u00e1\u010dovan\u00fdm povrchem<br \/>\nLze osadit sklen\u011bn\u00fdmi dve\u0159mi o tlou\u0161\u0165ce 8-12 mm.<\/p>","protected":false},"featured_media":2581,"comment_status":"open","ping_status":"closed","template":"","meta":[],"product_cat":[45],"product_tag":[],"yoast_head":"<!-- This site is optimized with the Yoast SEO plugin v22.6 - https:\/\/yoast.com\/wordpress\/plugins\/seo\/ -->\n<title>Square Door Handles - Spark Hardware<\/title>\n<meta name=\"description\" content=\"Made of high-quality stainless steel 304, square door handles can be single-side mounting and back-to-back mounting. Sample orders are welcome!\" \/>\n<meta name=\"robots\" content=\"index, follow, max-snippet:-1, max-image-preview:large, max-video-preview:-1\" \/>\n<link rel=\"canonical\" href=\"https:\/\/sparkhdw.com\/cs\/manufacturer\/square-door-handles\/\" \/>\n<meta property=\"og:locale\" content=\"cs_CZ\" \/>\n<meta property=\"og:type\" content=\"article\" \/>\n<meta property=\"og:title\" content=\"Square Door Handles - Spark Hardware\" \/>\n<meta property=\"og:description\" content=\"Made of high-quality stainless steel 304, square door handles can be single-side mounting and back-to-back mounting. Sample orders are welcome!\" \/>\n<meta property=\"og:url\" content=\"https:\/\/sparkhdw.com\/cs\/manufacturer\/square-door-handles\/\" \/>\n<meta property=\"og:site_name\" content=\"Spark Hardware\" \/>\n<meta property=\"article:modified_time\" content=\"2024-08-23T05:44:59+00:00\" \/>\n<meta property=\"og:image\" content=\"https:\/\/sparkhdw.com\/wp-content\/uploads\/2024\/01\/square-door-handles.webp\" \/>\n\t<meta property=\"og:image:width\" content=\"1000\" \/>\n\t<meta property=\"og:image:height\" content=\"1000\" \/>\n\t<meta property=\"og:image:type\" content=\"image\/webp\" \/>\n<meta name=\"twitter:card\" content=\"summary_large_image\" \/>\n<meta name=\"twitter:label1\" content=\"Est. reading time\" \/>\n\t<meta name=\"twitter:data1\" content=\"1 minuta\" \/>\n<script type=\"application\/ld+json\" class=\"yoast-schema-graph\">{\"@context\":\"https:\/\/schema.org\",\"@graph\":[{\"@type\":\"WebPage\",\"@id\":\"https:\/\/sparkhdw.com\/manufacturer\/square-door-handles\/\",\"url\":\"https:\/\/sparkhdw.com\/manufacturer\/square-door-handles\/\",\"name\":\"Square Door Handles - Spark Hardware\",\"isPartOf\":{\"@id\":\"https:\/\/sparkhdw.com\/#website\"},\"primaryImageOfPage\":{\"@id\":\"https:\/\/sparkhdw.com\/manufacturer\/square-door-handles\/#primaryimage\"},\"image\":{\"@id\":\"https:\/\/sparkhdw.com\/manufacturer\/square-door-handles\/#primaryimage\"},\"thumbnailUrl\":\"https:\/\/sparkhdw.com\/wp-content\/uploads\/2024\/01\/square-door-handles.webp\",\"datePublished\":\"2024-01-09T07:41:26+00:00\",\"dateModified\":\"2024-08-23T05:44:59+00:00\",\"description\":\"Made of high-quality stainless steel 304, square door handles can be single-side mounting and back-to-back mounting. Sample orders are welcome!\",\"breadcrumb\":{\"@id\":\"https:\/\/sparkhdw.com\/manufacturer\/square-door-handles\/#breadcrumb\"},\"inLanguage\":\"cs\",\"potentialAction\":[{\"@type\":\"ReadAction\",\"target\":[\"https:\/\/sparkhdw.com\/manufacturer\/square-door-handles\/\"]}]},{\"@type\":\"ImageObject\",\"inLanguage\":\"cs\",\"@id\":\"https:\/\/sparkhdw.com\/manufacturer\/square-door-handles\/#primaryimage\",\"url\":\"https:\/\/sparkhdw.com\/wp-content\/uploads\/2024\/01\/square-door-handles.webp\",\"contentUrl\":\"https:\/\/sparkhdw.com\/wp-content\/uploads\/2024\/01\/square-door-handles.webp\",\"width\":1000,\"height\":1000,\"caption\":\"square door handles\"},{\"@type\":\"BreadcrumbList\",\"@id\":\"https:\/\/sparkhdw.com\/manufacturer\/square-door-handles\/#breadcrumb\",\"itemListElement\":[{\"@type\":\"ListItem\",\"position\":1,\"name\":\"Home\",\"item\":\"https:\/\/sparkhdw.com\/\"},{\"@type\":\"ListItem\",\"position\":2,\"name\":\"Products\",\"item\":\"https:\/\/sparkhdw.com\/shop\/\"},{\"@type\":\"ListItem\",\"position\":3,\"name\":\"Square Door Handles\"}]},{\"@type\":\"WebSite\",\"@id\":\"https:\/\/sparkhdw.com\/#website\",\"url\":\"https:\/\/sparkhdw.com\/\",\"name\":\"Spark Hardware\",\"description\":\"\",\"potentialAction\":[{\"@type\":\"SearchAction\",\"target\":{\"@type\":\"EntryPoint\",\"urlTemplate\":\"https:\/\/sparkhdw.com\/?s={search_term_string}\"},\"query-input\":\"required name=search_term_string\"}],\"inLanguage\":\"cs\"}]}<\/script>\n<!-- \/ Yoast SEO plugin. -->","yoast_head_json":{"title":"\u010ctvercov\u00e9 kliky dve\u0159\u00ed - Spark Hardware","description":"\u010ctvercov\u00e9 kliky dve\u0159\u00ed vyroben\u00e9 z vysoce kvalitn\u00ed nerezov\u00e9 oceli 304 lze jednostrann\u011b montovat a montovat z\u00e1dy k sob\u011b. Vzorov\u00e9 objedn\u00e1vky jsou v\u00edt\u00e1ny!","robots":{"index":"index","follow":"follow","max-snippet":"max-snippet:-1","max-image-preview":"max-image-preview:large","max-video-preview":"max-video-preview:-1"},"canonical":"https:\/\/sparkhdw.com\/cs\/manufacturer\/square-door-handles\/","og_locale":"cs_CZ","og_type":"article","og_title":"Square Door Handles - Spark Hardware","og_description":"Made of high-quality stainless steel 304, square door handles can be single-side mounting and back-to-back mounting. Sample orders are welcome!","og_url":"https:\/\/sparkhdw.com\/cs\/manufacturer\/square-door-handles\/","og_site_name":"Spark Hardware","article_modified_time":"2024-08-23T05:44:59+00:00","og_image":[{"width":1000,"height":1000,"url":"https:\/\/sparkhdw.com\/wp-content\/uploads\/2024\/01\/square-door-handles.webp","type":"image\/webp"}],"twitter_card":"summary_large_image","twitter_misc":{"Est. reading time":"1 minuta"},"schema":{"@context":"https:\/\/schema.org","@graph":[{"@type":"WebPage","@id":"https:\/\/sparkhdw.com\/manufacturer\/square-door-handles\/","url":"https:\/\/sparkhdw.com\/manufacturer\/square-door-handles\/","name":"\u010ctvercov\u00e9 kliky dve\u0159\u00ed - Spark Hardware","isPartOf":{"@id":"https:\/\/sparkhdw.com\/#website"},"primaryImageOfPage":{"@id":"https:\/\/sparkhdw.com\/manufacturer\/square-door-handles\/#primaryimage"},"image":{"@id":"https:\/\/sparkhdw.com\/manufacturer\/square-door-handles\/#primaryimage"},"thumbnailUrl":"https:\/\/sparkhdw.com\/wp-content\/uploads\/2024\/01\/square-door-handles.webp","datePublished":"2024-01-09T07:41:26+00:00","dateModified":"2024-08-23T05:44:59+00:00","description":"\u010ctvercov\u00e9 kliky dve\u0159\u00ed vyroben\u00e9 z vysoce kvalitn\u00ed nerezov\u00e9 oceli 304 lze jednostrann\u011b montovat a montovat z\u00e1dy k sob\u011b. Vzorov\u00e9 objedn\u00e1vky jsou v\u00edt\u00e1ny!","breadcrumb":{"@id":"https:\/\/sparkhdw.com\/manufacturer\/square-door-handles\/#breadcrumb"},"inLanguage":"cs","potentialAction":[{"@type":"ReadAction","target":["https:\/\/sparkhdw.com\/manufacturer\/square-door-handles\/"]}]},{"@type":"ImageObject","inLanguage":"cs","@id":"https:\/\/sparkhdw.com\/manufacturer\/square-door-handles\/#primaryimage","url":"https:\/\/sparkhdw.com\/wp-content\/uploads\/2024\/01\/square-door-handles.webp","contentUrl":"https:\/\/sparkhdw.com\/wp-content\/uploads\/2024\/01\/square-door-handles.webp","width":1000,"height":1000,"caption":"square door handles"},{"@type":"BreadcrumbList","@id":"https:\/\/sparkhdw.com\/manufacturer\/square-door-handles\/#breadcrumb","itemListElement":[{"@type":"ListItem","position":1,"name":"Home","item":"https:\/\/sparkhdw.com\/"},{"@type":"ListItem","position":2,"name":"Products","item":"https:\/\/sparkhdw.com\/shop\/"},{"@type":"ListItem","position":3,"name":"Square Door Handles"}]},{"@type":"WebSite","@id":"https:\/\/sparkhdw.com\/#website","url":"https:\/\/sparkhdw.com\/","name":"Hardware Spark","description":"","potentialAction":[{"@type":"SearchAction","target":{"@type":"EntryPoint","urlTemplate":"https:\/\/sparkhdw.com\/?s={search_term_string}"},"query-input":"required name=search_term_string"}],"inLanguage":"cs"}]}},"_links":{"self":[{"href":"https:\/\/sparkhdw.com\/cs\/wp-json\/wp\/v2\/product\/2612"}],"collection":[{"href":"https:\/\/sparkhdw.com\/cs\/wp-json\/wp\/v2\/product"}],"about":[{"href":"https:\/\/sparkhdw.com\/cs\/wp-json\/wp\/v2\/types\/product"}],"replies":[{"embeddable":true,"href":"https:\/\/sparkhdw.com\/cs\/wp-json\/wp\/v2\/comments?post=2612"}],"wp:featuredmedia":[{"embeddable":true,"href":"https:\/\/sparkhdw.com\/cs\/wp-json\/wp\/v2\/media\/2581"}],"wp:attachment":[{"href":"https:\/\/sparkhdw.com\/cs\/wp-json\/wp\/v2\/media?parent=2612"}],"wp:term":[{"taxonomy":"product_cat","embeddable":true,"href":"https:\/\/sparkhdw.com\/cs\/wp-json\/wp\/v2\/product_cat?post=2612"},{"taxonomy":"product_tag","embeddable":true,"href":"https:\/\/sparkhdw.com\/cs\/wp-json\/wp\/v2\/product_tag?post=2612"}],"curies":[{"name":"wp","href":"https:\/\/api.w.org\/{rel}","templated":true}]}}