{"id":2901,"date":"2024-08-27T07:35:46","date_gmt":"2024-08-27T07:35:46","guid":{"rendered":"https:\/\/sparkhdw.com\/?post_type=product&#038;p=2901"},"modified":"2024-08-27T08:13:44","modified_gmt":"2024-08-27T08:13:44","slug":"modern-barn-door","status":"publish","type":"product","link":"https:\/\/sparkhdw.com\/da\/manufacturer\/modern-barn-door\/","title":{"rendered":"Morden Laded\u00f8r"},"content":{"rendered":"<p><strong>Product Details\uff1a <\/strong><\/p>\n<ul>\n<li>\n<p class=\"styles__H1-sc-11vpuyu-0 krJSUv typography variant--h1 align--left product-brand-description\">White Primed Mdf Single Barn Door (Hardware Included)<\/p>\n<\/li>\n<li>Accomodates to 36-in x 84-in door openings.<\/li>\n<li>Solid engineered wood core resists cracking or warping from humidity fluctuations in your home or office.<\/li>\n<li>Pre-finished with a white primer, the door is ready to be painted to complement your d\u00e9cor.<\/li>\n<li>Quick Hang Hardware mounts directly to the wall for a streamlined appearance and simplified installation.<\/li>\n<li>The door comes ready to hang with pre-drilled strap holes, a bottom groove guide, handle, and three floor guide options.<\/li>\n<li>5-Year limited warranty.<\/li>\n<\/ul>\n\t<div id=\"gap-1714420635\" class=\"gap-element clearfix\" style=\"display:block; height:auto;\">\n\t\t\n<style>\n#gap-1714420635 {\n  padding-top: 30px;\n}\n<\/style>\n\t<\/div>\n\t\n\t<div id=\"text-1349745172\" class=\"text\">\n\t\t\n<p><b>Specification of model barn door:<\/b><\/p>\n<table style=\"height: 427px;\" width=\"571\">\n<tbody>\n<tr>\n<td width=\"303\">Door Model<\/td>\n<td width=\"735\">BD-01\uff08Hardware model: SPK-301)<\/td>\n<\/tr>\n<tr>\n<td>Door Material<\/td>\n<td>MDF<\/td>\n<\/tr>\n<tr>\n<td width=\"303\">Door Finish<\/td>\n<td><span style=\"color: #0000ff;\"><strong>Primed White\u00a0<\/strong><\/span><\/td>\n<\/tr>\n<tr>\n<td width=\"303\">Door Size\u00a0<\/td>\n<td>30 in x 84 in; 36 in x 84 in; 42 in x 84 in;\u00a0<\/p>\n<div>*Custom-size is also available<\/div>\n<\/td>\n<\/tr>\n<tr>\n<td width=\"303\">Door Thickness<\/td>\n<td width=\"735\">1 3\/8 in [35mm]<\/td>\n<\/tr>\n<tr>\n<td width=\"303\">MOQ<\/td>\n<td>1 PC<\/td>\n<\/tr>\n<tr>\n<td width=\"303\">Warranty<\/td>\n<td width=\"735\">5 Years warranty<\/td>\n<\/tr>\n<tr>\n<td width=\"303\">Supply Ability<\/td>\n<td width=\"735\">50000 Sets per Month<\/td>\n<\/tr>\n<tr>\n<td width=\"303\">Design Style<\/td>\n<td width=\"735\">Modern<\/td>\n<\/tr>\n<tr>\n<td width=\"303\">Door Handle<\/td>\n<td width=\"735\">Available<\/td>\n<\/tr>\n<tr>\n<td width=\"303\">Packaging<\/td>\n<td width=\"735\">Each set a sales unit, 16 sets into a wooden pallet.<\/td>\n<\/tr>\n<tr>\n<td width=\"303\">Application<\/td>\n<td width=\"735\">Hostel, apartment, kitchen, bathroom, pantry, closet&#8230;<\/td>\n<\/tr>\n<tr>\n<td width=\"303\">After-sale Service<\/td>\n<td width=\"735\">Online technical support<\/td>\n<\/tr>\n<tr>\n<td width=\"303\">Project Solution Capability<\/td>\n<td width=\"735\">Graphic design, 3D model design<\/td>\n<\/tr>\n<\/tbody>\n<\/table>\n\t\t\n<style>\n#text-1349745172 {\n  line-height: 1.45;\n}\n<\/style>\n\t<\/div>\n\t\n<div class=\"container section-title-container\" ><h3 class=\"section-title section-title-center\"><b><\/b><span class=\"section-title-main\" >Door Type<\/span><b><\/b><\/h3><\/div>\n<div class=\"row\"  id=\"row-1619866224\">\n\n\t<div id=\"col-1275102424\" class=\"col small-12 large-12\"  >\n\t\t\t\t<div class=\"col-inner\"  >\n\t\t\t\n\t\t\t\n\t<div class=\"img has-hover x md-x lg-x y md-y lg-y\" id=\"image_1432464669\">\n\t\t\t\t\t\t\t\t<div class=\"img-inner dark\" >\n\t\t\t<img width=\"1000\" height=\"1000\" src=\"https:\/\/sparkhdw.com\/wp-content\/uploads\/2024\/08\/Barn-Door-Types.webp\" class=\"attachment-large size-large\" alt=\"Bifolding Barn Door Types\" decoding=\"async\" loading=\"lazy\" srcset=\"https:\/\/sparkhdw.com\/wp-content\/uploads\/2024\/08\/Barn-Door-Types.webp 1000w, https:\/\/sparkhdw.com\/wp-content\/uploads\/2024\/08\/Barn-Door-Types-300x300.webp 300w, https:\/\/sparkhdw.com\/wp-content\/uploads\/2024\/08\/Barn-Door-Types-150x150.webp 150w, https:\/\/sparkhdw.com\/wp-content\/uploads\/2024\/08\/Barn-Door-Types-768x768.webp 768w, https:\/\/sparkhdw.com\/wp-content\/uploads\/2024\/08\/Barn-Door-Types-12x12.webp 12w, https:\/\/sparkhdw.com\/wp-content\/uploads\/2024\/08\/Barn-Door-Types-600x600.webp 600w, https:\/\/sparkhdw.com\/wp-content\/uploads\/2024\/08\/Barn-Door-Types-100x100.webp 100w\" sizes=\"(max-width: 1000px) 100vw, 1000px\" \/>\t\t\t\t\t\t\n\t\t\t\t\t<\/div>\n\t\t\t\t\t\t\t\t\n<style>\n#image_1432464669 {\n  width: 100%;\n}\n<\/style>\n\t<\/div>\n\t\n\t\t<\/div>\n\t\t\t\t\t<\/div>\n\n\t\n<\/div>\n\t<section class=\"section\" id=\"section_1412674240\">\n\t\t<div class=\"bg section-bg fill bg-fill  bg-loaded\" >\n\n\t\t\t\n\t\t\t\n\t\t\t\n\n\t\t<\/div>\n\n\t\t\n\n\t\t<div class=\"section-content relative\">\n\t\t\t\n\t<div id=\"text-3578468618\" class=\"text\">\n\t\t\n<h3>Door Slab Option<\/h3>\n\t\t\n<style>\n#text-3578468618 {\n  text-align: center;\n}\n<\/style>\n\t<\/div>\n\t\n<div class=\"row\"  id=\"row-188057676\">\n\n\t<div id=\"col-259169578\" class=\"col medium-6 small-12 large-6\"  >\n\t\t\t\t<div class=\"col-inner\"  >\n\t\t\t\n\t\t\t\n\t<div class=\"box has-hover   has-hover box-text-bottom\" >\n\n\t\t<div class=\"box-image\" >\n\t\t\t\t\t\t<div class=\"\" >\n\t\t\t\t<img width=\"1000\" height=\"1000\" src=\"https:\/\/sparkhdw.com\/wp-content\/uploads\/2024\/08\/Solid-Door.webp\" class=\"attachment- size-\" alt=\"Solid core folding barn door\" decoding=\"async\" loading=\"lazy\" srcset=\"https:\/\/sparkhdw.com\/wp-content\/uploads\/2024\/08\/Solid-Door.webp 1000w, https:\/\/sparkhdw.com\/wp-content\/uploads\/2024\/08\/Solid-Door-300x300.webp 300w, https:\/\/sparkhdw.com\/wp-content\/uploads\/2024\/08\/Solid-Door-150x150.webp 150w, https:\/\/sparkhdw.com\/wp-content\/uploads\/2024\/08\/Solid-Door-768x768.webp 768w, https:\/\/sparkhdw.com\/wp-content\/uploads\/2024\/08\/Solid-Door-12x12.webp 12w, https:\/\/sparkhdw.com\/wp-content\/uploads\/2024\/08\/Solid-Door-600x600.webp 600w, https:\/\/sparkhdw.com\/wp-content\/uploads\/2024\/08\/Solid-Door-100x100.webp 100w\" sizes=\"(max-width: 1000px) 100vw, 1000px\" \/>\t\t\t\t\t\t\t\t\t\t\t<\/div>\n\t\t\t\t\t<\/div>\n\n\t\t<div class=\"box-text text-center\" >\n\t\t\t<div class=\"box-text-inner\">\n\t\t\t\t\n<h4>White Primed Solid Core Molded Door Slab<\/h4>\n\t\t\t<\/div>\n\t\t<\/div>\n\t<\/div>\n\t\n\t\t<\/div>\n\t\t\t\t\t<\/div>\n\n\t\n\n\t<div id=\"col-374387797\" class=\"col medium-6 small-12 large-6\"  >\n\t\t\t\t<div class=\"col-inner\"  >\n\t\t\t\n\t\t\t\n\t<div class=\"box has-hover   has-hover box-text-bottom\" >\n\n\t\t<div class=\"box-image\" >\n\t\t\t\t\t\t<div class=\"\" >\n\t\t\t\t<img width=\"1000\" height=\"1000\" src=\"https:\/\/sparkhdw.com\/wp-content\/uploads\/2024\/08\/hollow-core-barn-door.webp\" class=\"attachment- size-\" alt=\"hollow core barn door\" decoding=\"async\" loading=\"lazy\" srcset=\"https:\/\/sparkhdw.com\/wp-content\/uploads\/2024\/08\/hollow-core-barn-door.webp 1000w, https:\/\/sparkhdw.com\/wp-content\/uploads\/2024\/08\/hollow-core-barn-door-300x300.webp 300w, https:\/\/sparkhdw.com\/wp-content\/uploads\/2024\/08\/hollow-core-barn-door-150x150.webp 150w, https:\/\/sparkhdw.com\/wp-content\/uploads\/2024\/08\/hollow-core-barn-door-768x768.webp 768w, https:\/\/sparkhdw.com\/wp-content\/uploads\/2024\/08\/hollow-core-barn-door-12x12.webp 12w, https:\/\/sparkhdw.com\/wp-content\/uploads\/2024\/08\/hollow-core-barn-door-600x600.webp 600w, https:\/\/sparkhdw.com\/wp-content\/uploads\/2024\/08\/hollow-core-barn-door-100x100.webp 100w\" sizes=\"(max-width: 1000px) 100vw, 1000px\" \/>\t\t\t\t\t\t\t\t\t\t\t<\/div>\n\t\t\t\t\t<\/div>\n\n\t\t<div class=\"box-text text-center\" >\n\t\t\t<div class=\"box-text-inner\">\n\t\t\t\t\n<h4>Vinyl Wrapped Black Hollow Core Molded Door Slab<\/h4>\n\t\t\t<\/div>\n\t\t<\/div>\n\t<\/div>\n\t\n\t\t<\/div>\n\t\t\t\t\t<\/div>\n\n\t\n<\/div>\n\t\t<\/div>\n\n\t\t\n<style>\n#section_1412674240 {\n  padding-top: 30px;\n  padding-bottom: 30px;\n}\n#section_1412674240 .ux-shape-divider--top svg {\n  height: 150px;\n  --divider-top-width: 100%;\n}\n#section_1412674240 .ux-shape-divider--bottom svg {\n  height: 150px;\n  --divider-width: 100%;\n}\n<\/style>\n\t<\/section>\n\t\n\t<div id=\"gap-811591916\" class=\"gap-element clearfix\" style=\"display:block; height:auto;\">\n\t\t\n<style>\n#gap-811591916 {\n  padding-top: 30px;\n}\n<\/style>\n\t<\/div>\n\t\n\t<div id=\"gap-736994744\" class=\"gap-element clearfix\" style=\"display:block; height:auto;\">\n\t\t\n<style>\n#gap-736994744 {\n  padding-top: 30px;\n}\n<\/style>\n\t<\/div>\n\t\n","protected":false},"excerpt":{"rendered":"<p>Vores moderne staldd\u00f8re er fremstillet af f\u00f8rsteklasses materialer, hvilket sikrer enest\u00e5ende holdbarhed og langtidsholdbar ydeevne. Med et slankt og elegant design er disse d\u00f8re ikke kun visuelt betagende, men ogs\u00e5 det perfekte valg til at l\u00f8fte sofistikeringen af ethvert rum.<\/p>","protected":false},"featured_media":2902,"comment_status":"open","ping_status":"closed","template":"","meta":[],"product_cat":[48],"product_tag":[],"yoast_head":"<!-- This site is optimized with the Yoast SEO plugin v22.6 - https:\/\/yoast.com\/wordpress\/plugins\/seo\/ -->\n<title>Morden Barn Door - Spark Hardware<\/title>\n<meta name=\"description\" content=\"Our customizable, high-quality sliding door perfactly used for closets, living rooms, and more. Idea for elegant, space-saving solutions.\" \/>\n<meta name=\"robots\" content=\"index, follow, max-snippet:-1, max-image-preview:large, max-video-preview:-1\" \/>\n<link rel=\"canonical\" href=\"https:\/\/sparkhdw.com\/da\/manufacturer\/modern-barn-door\/\" \/>\n<meta property=\"og:locale\" content=\"da_DK\" \/>\n<meta property=\"og:type\" content=\"article\" \/>\n<meta property=\"og:title\" content=\"Morden Barn Door - Spark Hardware\" \/>\n<meta property=\"og:description\" content=\"Our customizable, high-quality sliding door perfactly used for closets, living rooms, and more. Idea for elegant, space-saving solutions.\" \/>\n<meta property=\"og:url\" content=\"https:\/\/sparkhdw.com\/da\/manufacturer\/modern-barn-door\/\" \/>\n<meta property=\"og:site_name\" content=\"Spark Hardware\" \/>\n<meta property=\"article:modified_time\" content=\"2024-08-27T08:13:44+00:00\" \/>\n<meta property=\"og:image\" content=\"https:\/\/sparkhdw.com\/wp-content\/uploads\/2024\/08\/modern-barn-doors.webp\" \/>\n\t<meta property=\"og:image:width\" content=\"1000\" \/>\n\t<meta property=\"og:image:height\" content=\"1000\" \/>\n\t<meta property=\"og:image:type\" content=\"image\/webp\" \/>\n<meta name=\"twitter:card\" content=\"summary_large_image\" \/>\n<meta name=\"twitter:label1\" content=\"Est. reading time\" \/>\n\t<meta name=\"twitter:data1\" content=\"2 minutter\" \/>\n<script type=\"application\/ld+json\" class=\"yoast-schema-graph\">{\"@context\":\"https:\/\/schema.org\",\"@graph\":[{\"@type\":\"WebPage\",\"@id\":\"https:\/\/sparkhdw.com\/manufacturer\/modern-barn-door\/\",\"url\":\"https:\/\/sparkhdw.com\/manufacturer\/modern-barn-door\/\",\"name\":\"Morden Barn Door - Spark Hardware\",\"isPartOf\":{\"@id\":\"https:\/\/sparkhdw.com\/#website\"},\"primaryImageOfPage\":{\"@id\":\"https:\/\/sparkhdw.com\/manufacturer\/modern-barn-door\/#primaryimage\"},\"image\":{\"@id\":\"https:\/\/sparkhdw.com\/manufacturer\/modern-barn-door\/#primaryimage\"},\"thumbnailUrl\":\"https:\/\/sparkhdw.com\/wp-content\/uploads\/2024\/08\/modern-barn-doors.webp\",\"datePublished\":\"2024-08-27T07:35:46+00:00\",\"dateModified\":\"2024-08-27T08:13:44+00:00\",\"description\":\"Our customizable, high-quality sliding door perfactly used for closets, living rooms, and more. Idea for elegant, space-saving solutions.\",\"breadcrumb\":{\"@id\":\"https:\/\/sparkhdw.com\/manufacturer\/modern-barn-door\/#breadcrumb\"},\"inLanguage\":\"da-DK\",\"potentialAction\":[{\"@type\":\"ReadAction\",\"target\":[\"https:\/\/sparkhdw.com\/manufacturer\/modern-barn-door\/\"]}]},{\"@type\":\"ImageObject\",\"inLanguage\":\"da-DK\",\"@id\":\"https:\/\/sparkhdw.com\/manufacturer\/modern-barn-door\/#primaryimage\",\"url\":\"https:\/\/sparkhdw.com\/wp-content\/uploads\/2024\/08\/modern-barn-doors.webp\",\"contentUrl\":\"https:\/\/sparkhdw.com\/wp-content\/uploads\/2024\/08\/modern-barn-doors.webp\",\"width\":1000,\"height\":1000,\"caption\":\"modern barn doors\"},{\"@type\":\"BreadcrumbList\",\"@id\":\"https:\/\/sparkhdw.com\/manufacturer\/modern-barn-door\/#breadcrumb\",\"itemListElement\":[{\"@type\":\"ListItem\",\"position\":1,\"name\":\"Home\",\"item\":\"https:\/\/sparkhdw.com\/\"},{\"@type\":\"ListItem\",\"position\":2,\"name\":\"Products\",\"item\":\"https:\/\/sparkhdw.com\/shop\/\"},{\"@type\":\"ListItem\",\"position\":3,\"name\":\"Morden Barn Door\"}]},{\"@type\":\"WebSite\",\"@id\":\"https:\/\/sparkhdw.com\/#website\",\"url\":\"https:\/\/sparkhdw.com\/\",\"name\":\"Spark Hardware\",\"description\":\"\",\"potentialAction\":[{\"@type\":\"SearchAction\",\"target\":{\"@type\":\"EntryPoint\",\"urlTemplate\":\"https:\/\/sparkhdw.com\/?s={search_term_string}\"},\"query-input\":\"required name=search_term_string\"}],\"inLanguage\":\"da-DK\"}]}<\/script>\n<!-- \/ Yoast SEO plugin. -->","yoast_head_json":{"title":"Morden Barn Door - Spark Hardware","description":"Vores skyded\u00f8r i h\u00f8j kvalitet, der kan tilpasses, kan bruges til skabe, stuer og meget mere. Id\u00e9 til elegante, pladsbesparende l\u00f8sninger.","robots":{"index":"index","follow":"follow","max-snippet":"max-snippet:-1","max-image-preview":"max-image-preview:large","max-video-preview":"max-video-preview:-1"},"canonical":"https:\/\/sparkhdw.com\/da\/manufacturer\/modern-barn-door\/","og_locale":"da_DK","og_type":"article","og_title":"Morden Barn Door - Spark Hardware","og_description":"Our customizable, high-quality sliding door perfactly used for closets, living rooms, and more. Idea for elegant, space-saving solutions.","og_url":"https:\/\/sparkhdw.com\/da\/manufacturer\/modern-barn-door\/","og_site_name":"Spark Hardware","article_modified_time":"2024-08-27T08:13:44+00:00","og_image":[{"width":1000,"height":1000,"url":"https:\/\/sparkhdw.com\/wp-content\/uploads\/2024\/08\/modern-barn-doors.webp","type":"image\/webp"}],"twitter_card":"summary_large_image","twitter_misc":{"Est. reading time":"2 minutter"},"schema":{"@context":"https:\/\/schema.org","@graph":[{"@type":"WebPage","@id":"https:\/\/sparkhdw.com\/manufacturer\/modern-barn-door\/","url":"https:\/\/sparkhdw.com\/manufacturer\/modern-barn-door\/","name":"Morden Barn Door - Spark Hardware","isPartOf":{"@id":"https:\/\/sparkhdw.com\/#website"},"primaryImageOfPage":{"@id":"https:\/\/sparkhdw.com\/manufacturer\/modern-barn-door\/#primaryimage"},"image":{"@id":"https:\/\/sparkhdw.com\/manufacturer\/modern-barn-door\/#primaryimage"},"thumbnailUrl":"https:\/\/sparkhdw.com\/wp-content\/uploads\/2024\/08\/modern-barn-doors.webp","datePublished":"2024-08-27T07:35:46+00:00","dateModified":"2024-08-27T08:13:44+00:00","description":"Vores skyded\u00f8r i h\u00f8j kvalitet, der kan tilpasses, kan bruges til skabe, stuer og meget mere. Id\u00e9 til elegante, pladsbesparende l\u00f8sninger.","breadcrumb":{"@id":"https:\/\/sparkhdw.com\/manufacturer\/modern-barn-door\/#breadcrumb"},"inLanguage":"da-DK","potentialAction":[{"@type":"ReadAction","target":["https:\/\/sparkhdw.com\/manufacturer\/modern-barn-door\/"]}]},{"@type":"ImageObject","inLanguage":"da-DK","@id":"https:\/\/sparkhdw.com\/manufacturer\/modern-barn-door\/#primaryimage","url":"https:\/\/sparkhdw.com\/wp-content\/uploads\/2024\/08\/modern-barn-doors.webp","contentUrl":"https:\/\/sparkhdw.com\/wp-content\/uploads\/2024\/08\/modern-barn-doors.webp","width":1000,"height":1000,"caption":"modern barn doors"},{"@type":"BreadcrumbList","@id":"https:\/\/sparkhdw.com\/manufacturer\/modern-barn-door\/#breadcrumb","itemListElement":[{"@type":"ListItem","position":1,"name":"Home","item":"https:\/\/sparkhdw.com\/"},{"@type":"ListItem","position":2,"name":"Products","item":"https:\/\/sparkhdw.com\/shop\/"},{"@type":"ListItem","position":3,"name":"Morden Barn Door"}]},{"@type":"WebSite","@id":"https:\/\/sparkhdw.com\/#website","url":"https:\/\/sparkhdw.com\/","name":"Spark Hardware","description":"","potentialAction":[{"@type":"SearchAction","target":{"@type":"EntryPoint","urlTemplate":"https:\/\/sparkhdw.com\/?s={search_term_string}"},"query-input":"required name=search_term_string"}],"inLanguage":"da-DK"}]}},"_links":{"self":[{"href":"https:\/\/sparkhdw.com\/da\/wp-json\/wp\/v2\/product\/2901"}],"collection":[{"href":"https:\/\/sparkhdw.com\/da\/wp-json\/wp\/v2\/product"}],"about":[{"href":"https:\/\/sparkhdw.com\/da\/wp-json\/wp\/v2\/types\/product"}],"replies":[{"embeddable":true,"href":"https:\/\/sparkhdw.com\/da\/wp-json\/wp\/v2\/comments?post=2901"}],"wp:featuredmedia":[{"embeddable":true,"href":"https:\/\/sparkhdw.com\/da\/wp-json\/wp\/v2\/media\/2902"}],"wp:attachment":[{"href":"https:\/\/sparkhdw.com\/da\/wp-json\/wp\/v2\/media?parent=2901"}],"wp:term":[{"taxonomy":"product_cat","embeddable":true,"href":"https:\/\/sparkhdw.com\/da\/wp-json\/wp\/v2\/product_cat?post=2901"},{"taxonomy":"product_tag","embeddable":true,"href":"https:\/\/sparkhdw.com\/da\/wp-json\/wp\/v2\/product_tag?post=2901"}],"curies":[{"name":"wp","href":"https:\/\/api.w.org\/{rel}","templated":true}]}}