{"id":2962,"date":"2025-03-12T06:45:08","date_gmt":"2025-03-12T06:45:08","guid":{"rendered":"https:\/\/sparkhdw.com\/?post_type=product&#038;p=2962"},"modified":"2025-06-23T23:22:18","modified_gmt":"2025-06-23T23:22:18","slug":"invisible-track-sliding-door","status":"publish","type":"product","link":"https:\/\/sparkhdw.com\/et\/manufacturer\/invisible-track-sliding-door\/","title":{"rendered":"N\u00e4htamatu r\u00f6\u00f6bastee l\u00fckanduks"},"content":{"rendered":"<h3><strong>Mudelinumber: SPK-512BG<\/strong><\/h3>\n<table style=\"border-collapse: collapse; width: 436.52pt;\" border=\"0\" width=\"873\" cellspacing=\"0\" cellpadding=\"0\">\n<tbody>\n<tr style=\"height: 14.75pt;\">\n<td class=\"et2\" style=\"height: 14.75pt; width: 114.50pt;\" width=\"229\" height=\"29\"><span class=\"font1\">Peamine materjal:<\/span><\/td>\n<td class=\"et2\" style=\"width: 322.00pt;\" width=\"644\">Alumiiniumist\u00a0<\/td>\n<\/tr>\n<tr style=\"height: 14.75pt;\">\n<td class=\"et2\" style=\"height: 14.75pt; width: 114.50pt;\" width=\"229\" height=\"29\"><span class=\"font1\">L\u00f5petama:<\/span><\/td>\n<td class=\"et2\" style=\"width: 322.00pt;\" width=\"644\">H\u00f5bedane anodeerimine l\u00fckanduste s\u00fcsteemile ja matt must ukseraamile<\/td>\n<\/tr>\n<tr style=\"height: 14.75pt;\">\n<td class=\"et2\" style=\"height: 14.75pt; width: 114.50pt;\" width=\"229\" height=\"29\"><span class=\"font1\">Raja pikkus<\/span><\/td>\n<td class=\"et2\" style=\"width: 322.00pt;\" width=\"644\">2134x914 mm (84x36 tolli)<\/td>\n<\/tr>\n<tr style=\"height: 14.75pt;\">\n<td class=\"et2\" style=\"height: 14.75pt; width: 114.50pt;\" width=\"229\" height=\"29\"><span class=\"font1\">Maksimaalne laadimine:<\/span><\/td>\n<td class=\"et2\" style=\"width: 322.00pt;\" width=\"644\">133 naela (60 kg)<\/td>\n<\/tr>\n<tr style=\"height: 14.25pt;\">\n<td class=\"et2\" style=\"height: 14.25pt; width: 114.50pt;\" width=\"229\" height=\"28\"><span class=\"font1\">ukse paksus<\/span><\/td>\n<td class=\"et2\" style=\"width: 322.00pt;\" width=\"644\">1\u20133\/4 tolli (45 mm)<\/td>\n<\/tr>\n<tr style=\"height: 14.25pt;\">\n<td class=\"et2\" style=\"height: 14.25pt; width: 114.50pt;\" width=\"229\" height=\"28\"><span class=\"font1\">Klaasi t\u00fc\u00fcp:<\/span><\/td>\n<td class=\"et2\" style=\"width: 322.00pt;\" width=\"644\">5 mm karastatud l\u00e4bipaistev turvaklaas<\/td>\n<\/tr>\n<tr style=\"height: 14.25pt;\">\n<td class=\"et2\" style=\"height: 14.25pt; width: 114.50pt;\" width=\"229\" height=\"28\"><span class=\"font1\">Funktsioon:<\/span><\/td>\n<td class=\"et2\" style=\"width: 322.00pt;\" width=\"644\">Sisaldab pehme avamise ja sulgemise mehhanismi<\/td>\n<\/tr>\n<\/tbody>\n<\/table>\n\t<div id=\"gap-1828527794\" class=\"gap-element clearfix\" style=\"display:block; height:auto;\">\n\t\t\n<style>\n#gap-1828527794 {\n  padding-top: 30px;\n}\n<\/style>\n\t<\/div>\n\t\n<p>Toote eelised:<\/p>\n<p>1. Uudne ja ainulaadne v\u00e4limus, t\u00e4ielikult peidetud struktuur;<br \/>2. \u00dclemine kandekonstruktsioon, p\u00f5randaliistu puudub;<br \/>3. Sujuv libisemine, madal m\u00fcratase;<\/p>\n<p>M\u00e4rkused:<\/p>\n<p>1. Klaasukse paksus 45 mm (1 3\/4 tolli)<br \/>2. Max. laadimine: 60 KGS (133 naela)<\/p>\n\t<div id=\"gap-1954435451\" class=\"gap-element clearfix\" style=\"display:block; height:auto;\">\n\t\t\n<style>\n#gap-1954435451 {\n  padding-top: 30px;\n}\n<\/style>\n\t<\/div>\n\t\n\t<div id=\"gap-1608248060\" class=\"gap-element clearfix\" style=\"display:block; height:auto;\">\n\t\t\n<style>\n#gap-1608248060 {\n  padding-top: 30px;\n}\n<\/style>\n\t<\/div>\n\t\n\t<div id=\"gap-895454309\" class=\"gap-element clearfix\" style=\"display:block; height:auto;\">\n\t\t\n<style>\n#gap-895454309 {\n  padding-top: 30px;\n}\n<\/style>\n\t<\/div>\n\t\n\t<div id=\"gap-1294694966\" class=\"gap-element clearfix\" style=\"display:block; height:auto;\">\n\t\t\n<style>\n#gap-1294694966 {\n  padding-top: 30px;\n}\n<\/style>\n\t<\/div>\n\t\n\t<div id=\"gap-1605000008\" class=\"gap-element clearfix\" style=\"display:block; height:auto;\">\n\t\t\n<style>\n#gap-1605000008 {\n  padding-top: 30px;\n}\n<\/style>\n\t<\/div>\n\t\n\t<div id=\"gap-591641867\" class=\"gap-element clearfix\" style=\"display:block; height:auto;\">\n\t\t\n<style>\n#gap-591641867 {\n  padding-top: 30px;\n}\n<\/style>\n\t<\/div>\n\t\n\t<div id=\"gap-1710739647\" class=\"gap-element clearfix\" style=\"display:block; height:auto;\">\n\t\t\n<style>\n#gap-1710739647 {\n  padding-top: 30px;\n}\n<\/style>\n\t<\/div>","protected":false},"excerpt":{"rendered":"<p>Model No.:SPK-512B<br \/>\n133lbs [60kg] Max. Weight Per Door<br \/>\n1-3\/4\u2033 [45mm] Door Thickness<br \/>\n100,000 Cycles Durability<\/p>\n","protected":false},"featured_media":2963,"comment_status":"open","ping_status":"closed","template":"","meta":[],"product_cat":[42],"product_tag":[],"yoast_head":"<!-- This site is optimized with the Yoast SEO plugin v22.6 - https:\/\/yoast.com\/wordpress\/plugins\/seo\/ -->\n<title>Invisible Track Sliding Door - Spark Hardware<\/title>\n<meta name=\"description\" content=\"Factory direct supply of high-quality invisible track sliding doors with a modern design. OEM customization available, Reliable production and stable supply\" \/>\n<meta name=\"robots\" content=\"index, follow, max-snippet:-1, max-image-preview:large, max-video-preview:-1\" \/>\n<link rel=\"canonical\" href=\"https:\/\/sparkhdw.com\/et\/manufacturer\/invisible-track-sliding-door\/\" \/>\n<meta property=\"og:locale\" content=\"et_EE\" \/>\n<meta property=\"og:type\" content=\"article\" \/>\n<meta property=\"og:title\" content=\"Invisible Track Sliding Door - Spark Hardware\" \/>\n<meta property=\"og:description\" content=\"Factory direct supply of high-quality invisible track sliding doors with a modern design. OEM customization available, Reliable production and stable supply\" \/>\n<meta property=\"og:url\" content=\"https:\/\/sparkhdw.com\/et\/manufacturer\/invisible-track-sliding-door\/\" \/>\n<meta property=\"og:site_name\" content=\"Spark Hardware\" \/>\n<meta property=\"article:modified_time\" content=\"2025-06-23T23:22:18+00:00\" \/>\n<meta property=\"og:image\" content=\"https:\/\/sparkhdw.com\/wp-content\/uploads\/2025\/03\/ghost-sliding-door-system.png\" \/>\n\t<meta property=\"og:image:width\" content=\"1080\" \/>\n\t<meta property=\"og:image:height\" content=\"1080\" \/>\n\t<meta property=\"og:image:type\" content=\"image\/png\" \/>\n<meta name=\"twitter:card\" content=\"summary_large_image\" \/>\n<meta name=\"twitter:label1\" content=\"Est. reading time\" \/>\n\t<meta name=\"twitter:data1\" content=\"1 minut\" \/>\n<script type=\"application\/ld+json\" class=\"yoast-schema-graph\">{\"@context\":\"https:\/\/schema.org\",\"@graph\":[{\"@type\":\"WebPage\",\"@id\":\"https:\/\/sparkhdw.com\/manufacturer\/invisible-track-sliding-door\/\",\"url\":\"https:\/\/sparkhdw.com\/manufacturer\/invisible-track-sliding-door\/\",\"name\":\"Invisible Track Sliding Door - Spark Hardware\",\"isPartOf\":{\"@id\":\"https:\/\/sparkhdw.com\/#website\"},\"primaryImageOfPage\":{\"@id\":\"https:\/\/sparkhdw.com\/manufacturer\/invisible-track-sliding-door\/#primaryimage\"},\"image\":{\"@id\":\"https:\/\/sparkhdw.com\/manufacturer\/invisible-track-sliding-door\/#primaryimage\"},\"thumbnailUrl\":\"https:\/\/sparkhdw.com\/wp-content\/uploads\/2025\/03\/ghost-sliding-door-system.png\",\"datePublished\":\"2025-03-12T06:45:08+00:00\",\"dateModified\":\"2025-06-23T23:22:18+00:00\",\"description\":\"Factory direct supply of high-quality invisible track sliding doors with a modern design. OEM customization available, Reliable production and stable supply\",\"breadcrumb\":{\"@id\":\"https:\/\/sparkhdw.com\/manufacturer\/invisible-track-sliding-door\/#breadcrumb\"},\"inLanguage\":\"et\",\"potentialAction\":[{\"@type\":\"ReadAction\",\"target\":[\"https:\/\/sparkhdw.com\/manufacturer\/invisible-track-sliding-door\/\"]}]},{\"@type\":\"ImageObject\",\"inLanguage\":\"et\",\"@id\":\"https:\/\/sparkhdw.com\/manufacturer\/invisible-track-sliding-door\/#primaryimage\",\"url\":\"https:\/\/sparkhdw.com\/wp-content\/uploads\/2025\/03\/ghost-sliding-door-system.png\",\"contentUrl\":\"https:\/\/sparkhdw.com\/wp-content\/uploads\/2025\/03\/ghost-sliding-door-system.png\",\"width\":1080,\"height\":1080,\"caption\":\"ghost sliding door system\"},{\"@type\":\"BreadcrumbList\",\"@id\":\"https:\/\/sparkhdw.com\/manufacturer\/invisible-track-sliding-door\/#breadcrumb\",\"itemListElement\":[{\"@type\":\"ListItem\",\"position\":1,\"name\":\"Home\",\"item\":\"https:\/\/sparkhdw.com\/\"},{\"@type\":\"ListItem\",\"position\":2,\"name\":\"Products\",\"item\":\"https:\/\/sparkhdw.com\/shop\/\"},{\"@type\":\"ListItem\",\"position\":3,\"name\":\"Invisible Track Sliding Door\"}]},{\"@type\":\"WebSite\",\"@id\":\"https:\/\/sparkhdw.com\/#website\",\"url\":\"https:\/\/sparkhdw.com\/\",\"name\":\"Spark Hardware\",\"description\":\"\",\"potentialAction\":[{\"@type\":\"SearchAction\",\"target\":{\"@type\":\"EntryPoint\",\"urlTemplate\":\"https:\/\/sparkhdw.com\/?s={search_term_string}\"},\"query-input\":\"required name=search_term_string\"}],\"inLanguage\":\"et\"}]}<\/script>\n<!-- \/ Yoast SEO plugin. -->","yoast_head_json":{"title":"N\u00e4htamatu r\u00f6\u00f6bastee l\u00fckanduks \u2013 s\u00e4de riistvara","description":"Tehase otsetarne kvaliteetsete ja kaasaegse disainiga n\u00e4htamatute r\u00f6\u00f6bastega l\u00fckanduksi. Saadaval OEM-i kohandamine, usaldusv\u00e4\u00e4rne tootmine ja stabiilne tarnimine","robots":{"index":"index","follow":"follow","max-snippet":"max-snippet:-1","max-image-preview":"max-image-preview:large","max-video-preview":"max-video-preview:-1"},"canonical":"https:\/\/sparkhdw.com\/et\/manufacturer\/invisible-track-sliding-door\/","og_locale":"et_EE","og_type":"article","og_title":"Invisible Track Sliding Door - Spark Hardware","og_description":"Factory direct supply of high-quality invisible track sliding doors with a modern design. OEM customization available, Reliable production and stable supply","og_url":"https:\/\/sparkhdw.com\/et\/manufacturer\/invisible-track-sliding-door\/","og_site_name":"Spark Hardware","article_modified_time":"2025-06-23T23:22:18+00:00","og_image":[{"width":1080,"height":1080,"url":"https:\/\/sparkhdw.com\/wp-content\/uploads\/2025\/03\/ghost-sliding-door-system.png","type":"image\/png"}],"twitter_card":"summary_large_image","twitter_misc":{"Est. reading time":"1 minut"},"schema":{"@context":"https:\/\/schema.org","@graph":[{"@type":"WebPage","@id":"https:\/\/sparkhdw.com\/manufacturer\/invisible-track-sliding-door\/","url":"https:\/\/sparkhdw.com\/manufacturer\/invisible-track-sliding-door\/","name":"N\u00e4htamatu r\u00f6\u00f6bastee l\u00fckanduks \u2013 s\u00e4de riistvara","isPartOf":{"@id":"https:\/\/sparkhdw.com\/#website"},"primaryImageOfPage":{"@id":"https:\/\/sparkhdw.com\/manufacturer\/invisible-track-sliding-door\/#primaryimage"},"image":{"@id":"https:\/\/sparkhdw.com\/manufacturer\/invisible-track-sliding-door\/#primaryimage"},"thumbnailUrl":"https:\/\/sparkhdw.com\/wp-content\/uploads\/2025\/03\/ghost-sliding-door-system.png","datePublished":"2025-03-12T06:45:08+00:00","dateModified":"2025-06-23T23:22:18+00:00","description":"Tehase otsetarne kvaliteetsete ja kaasaegse disainiga n\u00e4htamatute r\u00f6\u00f6bastega l\u00fckanduksi. Saadaval OEM-i kohandamine, usaldusv\u00e4\u00e4rne tootmine ja stabiilne tarnimine","breadcrumb":{"@id":"https:\/\/sparkhdw.com\/manufacturer\/invisible-track-sliding-door\/#breadcrumb"},"inLanguage":"et","potentialAction":[{"@type":"ReadAction","target":["https:\/\/sparkhdw.com\/manufacturer\/invisible-track-sliding-door\/"]}]},{"@type":"ImageObject","inLanguage":"et","@id":"https:\/\/sparkhdw.com\/manufacturer\/invisible-track-sliding-door\/#primaryimage","url":"https:\/\/sparkhdw.com\/wp-content\/uploads\/2025\/03\/ghost-sliding-door-system.png","contentUrl":"https:\/\/sparkhdw.com\/wp-content\/uploads\/2025\/03\/ghost-sliding-door-system.png","width":1080,"height":1080,"caption":"ghost sliding door system"},{"@type":"BreadcrumbList","@id":"https:\/\/sparkhdw.com\/manufacturer\/invisible-track-sliding-door\/#breadcrumb","itemListElement":[{"@type":"ListItem","position":1,"name":"Home","item":"https:\/\/sparkhdw.com\/"},{"@type":"ListItem","position":2,"name":"Products","item":"https:\/\/sparkhdw.com\/shop\/"},{"@type":"ListItem","position":3,"name":"Invisible Track Sliding Door"}]},{"@type":"WebSite","@id":"https:\/\/sparkhdw.com\/#website","url":"https:\/\/sparkhdw.com\/","name":"Spark riistvara","description":"","potentialAction":[{"@type":"SearchAction","target":{"@type":"EntryPoint","urlTemplate":"https:\/\/sparkhdw.com\/?s={search_term_string}"},"query-input":"required name=search_term_string"}],"inLanguage":"et"}]}},"_links":{"self":[{"href":"https:\/\/sparkhdw.com\/et\/wp-json\/wp\/v2\/product\/2962"}],"collection":[{"href":"https:\/\/sparkhdw.com\/et\/wp-json\/wp\/v2\/product"}],"about":[{"href":"https:\/\/sparkhdw.com\/et\/wp-json\/wp\/v2\/types\/product"}],"replies":[{"embeddable":true,"href":"https:\/\/sparkhdw.com\/et\/wp-json\/wp\/v2\/comments?post=2962"}],"wp:featuredmedia":[{"embeddable":true,"href":"https:\/\/sparkhdw.com\/et\/wp-json\/wp\/v2\/media\/2963"}],"wp:attachment":[{"href":"https:\/\/sparkhdw.com\/et\/wp-json\/wp\/v2\/media?parent=2962"}],"wp:term":[{"taxonomy":"product_cat","embeddable":true,"href":"https:\/\/sparkhdw.com\/et\/wp-json\/wp\/v2\/product_cat?post=2962"},{"taxonomy":"product_tag","embeddable":true,"href":"https:\/\/sparkhdw.com\/et\/wp-json\/wp\/v2\/product_tag?post=2962"}],"curies":[{"name":"t\u00f6\u00f6leht","href":"https:\/\/api.w.org\/{rel}","templated":true}]}}