{"id":2651,"date":"2024-01-12T12:21:37","date_gmt":"2024-01-12T12:21:37","guid":{"rendered":"https:\/\/sparkhdw.com\/?post_type=product&#038;p=2651"},"modified":"2024-08-23T05:44:38","modified_gmt":"2024-08-23T05:44:38","slug":"sliding-door-knobs","status":"publish","type":"product","link":"https:\/\/sparkhdw.com\/fr\/manufacturer\/sliding-door-knobs\/","title":{"rendered":"Boutons de porte coulissante"},"content":{"rendered":"<div class=\"container section-title-container\" ><h3 class=\"section-title section-title-normal\"><b><\/b><span class=\"section-title-main\" >sp\u00e9cification<\/span><b><\/b><\/h3><\/div>\n<div class=\"row\"  id=\"row-858116149\">\n\n\t<div id=\"col-1830477039\" class=\"col medium-6 small-12 large-6\"  >\n\t\t\t\t<div class=\"col-inner\"  >\n\t\t\t\n\t\t\t\n<table style=\"border-collapse: collapse; width: 461px; height: 253px;\" border=\"0\" width=\"491\" cellspacing=\"0\" cellpadding=\"0\">\n<tbody>\n<tr style=\"height: 25.00pt;\">\n<td class=\"et3\" style=\"height: 25.00pt; width: 114.00pt;\" width=\"228\" height=\"50\">Num\u00e9ro de mod\u00e8le.<\/td>\n<td class=\"et4\" style=\"width: 131.50pt;\" width=\"263\">SPK-9309<\/td>\n<\/tr>\n<tr style=\"height: 25.00pt;\">\n<td class=\"et3\" style=\"height: 25.00pt; width: 114.00pt;\" width=\"228\" height=\"50\">Mat\u00e9riel<\/td>\n<td class=\"et4\" style=\"width: 131.50pt;\" width=\"263\">Acier inoxydable 304<\/td>\n<\/tr>\n<tr style=\"height: 25.00pt;\">\n<td class=\"et3\" style=\"height: 25.00pt; width: 114.00pt;\" width=\"228\" height=\"50\">Finition<\/td>\n<td class=\"et4\" style=\"width: 131.50pt;\" width=\"263\">Bross\u00e9, poli, dor\u00e9 et noir<\/td>\n<\/tr>\n<tr style=\"height: 25.00pt;\">\n<td class=\"et3\" style=\"height: 25.00pt; width: 114.00pt;\" width=\"228\" height=\"50\">Fixation<\/td>\n<td class=\"et4\" style=\"width: 131.50pt;\" width=\"263\">Dos \u00e0 dos\u00a0<\/td>\n<\/tr>\n<tr style=\"height: 25.00pt;\">\n<td class=\"et3\" style=\"height: 25.00pt; width: 114.00pt;\" width=\"228\" height=\"50\">Accessoires inclus<\/td>\n<td class=\"et4\" style=\"width: 131.50pt;\" width=\"263\">Des vis<\/td>\n<\/tr>\n<tr style=\"height: 25.00pt;\">\n<td class=\"et5\" style=\"height: 25.00pt;\" height=\"50\">Quantit\u00e9 minimale de commande<\/td>\n<td class=\"et6\">20 pi\u00e8ces<\/td>\n<\/tr>\n<tr style=\"height: 26.00pt;\">\n<td class=\"et5\" style=\"height: 26.00pt;\" height=\"52\">Application<\/td>\n<td class=\"et6\">Porte vitr\u00e9e 8-10mm<\/td>\n<\/tr>\n<\/tbody>\n<\/table>\n\t\t<\/div>\n\t\t\t\t\t<\/div>\n\n\t\n<\/div>","protected":false},"excerpt":{"rendered":"<p>Num\u00e9ro de mod\u00e8le\u00a0: SPK-9309<br \/>\nAcier inoxydable 304 avec finition bross\u00e9e<br \/>\nPeut s&#039;adapter \u00e0 une \u00e9paisseur de porte en verre de 8 \u00e0 10\u00a0mm<\/p>","protected":false},"featured_media":2591,"comment_status":"open","ping_status":"closed","template":"","meta":[],"product_cat":[45],"product_tag":[],"yoast_head":"<!-- This site is optimized with the Yoast SEO plugin v22.6 - https:\/\/yoast.com\/wordpress\/plugins\/seo\/ -->\n<title>Sliding Door Knobs - Spark Hardware<\/title>\n<meta name=\"description\" content=\"As a leading manufacturer, we take pride in crafting reliable and stylish door knobs that enhance the functionality of sliding glass doors.\" \/>\n<meta name=\"robots\" content=\"index, follow, max-snippet:-1, max-image-preview:large, max-video-preview:-1\" \/>\n<link rel=\"canonical\" href=\"https:\/\/sparkhdw.com\/fr\/manufacturer\/sliding-door-knobs\/\" \/>\n<meta property=\"og:locale\" content=\"fr_FR\" \/>\n<meta property=\"og:type\" content=\"article\" \/>\n<meta property=\"og:title\" content=\"Sliding Door Knobs - Spark Hardware\" \/>\n<meta property=\"og:description\" content=\"As a leading manufacturer, we take pride in crafting reliable and stylish door knobs that enhance the functionality of sliding glass doors.\" \/>\n<meta property=\"og:url\" content=\"https:\/\/sparkhdw.com\/fr\/manufacturer\/sliding-door-knobs\/\" \/>\n<meta property=\"og:site_name\" content=\"Spark Hardware\" \/>\n<meta property=\"article:modified_time\" content=\"2024-08-23T05:44:38+00:00\" \/>\n<meta property=\"og:image\" content=\"https:\/\/sparkhdw.com\/wp-content\/uploads\/2024\/01\/sliding-door-Knob-.webp\" \/>\n\t<meta property=\"og:image:width\" content=\"1000\" \/>\n\t<meta property=\"og:image:height\" content=\"1000\" \/>\n\t<meta property=\"og:image:type\" content=\"image\/webp\" \/>\n<meta name=\"twitter:card\" content=\"summary_large_image\" \/>\n<meta name=\"twitter:label1\" content=\"Est. reading time\" \/>\n\t<meta name=\"twitter:data1\" content=\"1 minute\" \/>\n<script type=\"application\/ld+json\" class=\"yoast-schema-graph\">{\"@context\":\"https:\/\/schema.org\",\"@graph\":[{\"@type\":\"WebPage\",\"@id\":\"https:\/\/sparkhdw.com\/manufacturer\/sliding-door-knobs\/\",\"url\":\"https:\/\/sparkhdw.com\/manufacturer\/sliding-door-knobs\/\",\"name\":\"Sliding Door Knobs - Spark Hardware\",\"isPartOf\":{\"@id\":\"https:\/\/sparkhdw.com\/#website\"},\"primaryImageOfPage\":{\"@id\":\"https:\/\/sparkhdw.com\/manufacturer\/sliding-door-knobs\/#primaryimage\"},\"image\":{\"@id\":\"https:\/\/sparkhdw.com\/manufacturer\/sliding-door-knobs\/#primaryimage\"},\"thumbnailUrl\":\"https:\/\/sparkhdw.com\/wp-content\/uploads\/2024\/01\/sliding-door-Knob-.webp\",\"datePublished\":\"2024-01-12T12:21:37+00:00\",\"dateModified\":\"2024-08-23T05:44:38+00:00\",\"description\":\"As a leading manufacturer, we take pride in crafting reliable and stylish door knobs that enhance the functionality of sliding glass doors.\",\"breadcrumb\":{\"@id\":\"https:\/\/sparkhdw.com\/manufacturer\/sliding-door-knobs\/#breadcrumb\"},\"inLanguage\":\"fr-FR\",\"potentialAction\":[{\"@type\":\"ReadAction\",\"target\":[\"https:\/\/sparkhdw.com\/manufacturer\/sliding-door-knobs\/\"]}]},{\"@type\":\"ImageObject\",\"inLanguage\":\"fr-FR\",\"@id\":\"https:\/\/sparkhdw.com\/manufacturer\/sliding-door-knobs\/#primaryimage\",\"url\":\"https:\/\/sparkhdw.com\/wp-content\/uploads\/2024\/01\/sliding-door-Knob-.webp\",\"contentUrl\":\"https:\/\/sparkhdw.com\/wp-content\/uploads\/2024\/01\/sliding-door-Knob-.webp\",\"width\":1000,\"height\":1000,\"caption\":\"sliding door Knob\"},{\"@type\":\"BreadcrumbList\",\"@id\":\"https:\/\/sparkhdw.com\/manufacturer\/sliding-door-knobs\/#breadcrumb\",\"itemListElement\":[{\"@type\":\"ListItem\",\"position\":1,\"name\":\"Home\",\"item\":\"https:\/\/sparkhdw.com\/\"},{\"@type\":\"ListItem\",\"position\":2,\"name\":\"Products\",\"item\":\"https:\/\/sparkhdw.com\/shop\/\"},{\"@type\":\"ListItem\",\"position\":3,\"name\":\"Sliding Door Knobs\"}]},{\"@type\":\"WebSite\",\"@id\":\"https:\/\/sparkhdw.com\/#website\",\"url\":\"https:\/\/sparkhdw.com\/\",\"name\":\"Spark Hardware\",\"description\":\"\",\"potentialAction\":[{\"@type\":\"SearchAction\",\"target\":{\"@type\":\"EntryPoint\",\"urlTemplate\":\"https:\/\/sparkhdw.com\/?s={search_term_string}\"},\"query-input\":\"required name=search_term_string\"}],\"inLanguage\":\"fr-FR\"}]}<\/script>\n<!-- \/ Yoast SEO plugin. -->","yoast_head_json":{"title":"Boutons de porte coulissante - Quincaillerie Spark","description":"En tant que fabricant leader, nous sommes fiers de fabriquer des boutons de porte fiables et \u00e9l\u00e9gants qui am\u00e9liorent la fonctionnalit\u00e9 des portes coulissantes en verre.","robots":{"index":"index","follow":"follow","max-snippet":"max-snippet:-1","max-image-preview":"max-image-preview:large","max-video-preview":"max-video-preview:-1"},"canonical":"https:\/\/sparkhdw.com\/fr\/manufacturer\/sliding-door-knobs\/","og_locale":"fr_FR","og_type":"article","og_title":"Sliding Door Knobs - Spark Hardware","og_description":"As a leading manufacturer, we take pride in crafting reliable and stylish door knobs that enhance the functionality of sliding glass doors.","og_url":"https:\/\/sparkhdw.com\/fr\/manufacturer\/sliding-door-knobs\/","og_site_name":"Spark Hardware","article_modified_time":"2024-08-23T05:44:38+00:00","og_image":[{"width":1000,"height":1000,"url":"https:\/\/sparkhdw.com\/wp-content\/uploads\/2024\/01\/sliding-door-Knob-.webp","type":"image\/webp"}],"twitter_card":"summary_large_image","twitter_misc":{"Est. reading time":"1 minute"},"schema":{"@context":"https:\/\/schema.org","@graph":[{"@type":"WebPage","@id":"https:\/\/sparkhdw.com\/manufacturer\/sliding-door-knobs\/","url":"https:\/\/sparkhdw.com\/manufacturer\/sliding-door-knobs\/","name":"Boutons de porte coulissante - Quincaillerie Spark","isPartOf":{"@id":"https:\/\/sparkhdw.com\/#website"},"primaryImageOfPage":{"@id":"https:\/\/sparkhdw.com\/manufacturer\/sliding-door-knobs\/#primaryimage"},"image":{"@id":"https:\/\/sparkhdw.com\/manufacturer\/sliding-door-knobs\/#primaryimage"},"thumbnailUrl":"https:\/\/sparkhdw.com\/wp-content\/uploads\/2024\/01\/sliding-door-Knob-.webp","datePublished":"2024-01-12T12:21:37+00:00","dateModified":"2024-08-23T05:44:38+00:00","description":"En tant que fabricant leader, nous sommes fiers de fabriquer des boutons de porte fiables et \u00e9l\u00e9gants qui am\u00e9liorent la fonctionnalit\u00e9 des portes coulissantes en verre.","breadcrumb":{"@id":"https:\/\/sparkhdw.com\/manufacturer\/sliding-door-knobs\/#breadcrumb"},"inLanguage":"fr-FR","potentialAction":[{"@type":"ReadAction","target":["https:\/\/sparkhdw.com\/manufacturer\/sliding-door-knobs\/"]}]},{"@type":"ImageObject","inLanguage":"fr-FR","@id":"https:\/\/sparkhdw.com\/manufacturer\/sliding-door-knobs\/#primaryimage","url":"https:\/\/sparkhdw.com\/wp-content\/uploads\/2024\/01\/sliding-door-Knob-.webp","contentUrl":"https:\/\/sparkhdw.com\/wp-content\/uploads\/2024\/01\/sliding-door-Knob-.webp","width":1000,"height":1000,"caption":"sliding door Knob"},{"@type":"BreadcrumbList","@id":"https:\/\/sparkhdw.com\/manufacturer\/sliding-door-knobs\/#breadcrumb","itemListElement":[{"@type":"ListItem","position":1,"name":"Home","item":"https:\/\/sparkhdw.com\/"},{"@type":"ListItem","position":2,"name":"Products","item":"https:\/\/sparkhdw.com\/shop\/"},{"@type":"ListItem","position":3,"name":"Sliding Door Knobs"}]},{"@type":"WebSite","@id":"https:\/\/sparkhdw.com\/#website","url":"https:\/\/sparkhdw.com\/","name":"Mat\u00e9riel d&#039;\u00e9tincelle","description":"","potentialAction":[{"@type":"SearchAction","target":{"@type":"EntryPoint","urlTemplate":"https:\/\/sparkhdw.com\/?s={search_term_string}"},"query-input":"required name=search_term_string"}],"inLanguage":"fr-FR"}]}},"_links":{"self":[{"href":"https:\/\/sparkhdw.com\/fr\/wp-json\/wp\/v2\/product\/2651"}],"collection":[{"href":"https:\/\/sparkhdw.com\/fr\/wp-json\/wp\/v2\/product"}],"about":[{"href":"https:\/\/sparkhdw.com\/fr\/wp-json\/wp\/v2\/types\/product"}],"replies":[{"embeddable":true,"href":"https:\/\/sparkhdw.com\/fr\/wp-json\/wp\/v2\/comments?post=2651"}],"wp:featuredmedia":[{"embeddable":true,"href":"https:\/\/sparkhdw.com\/fr\/wp-json\/wp\/v2\/media\/2591"}],"wp:attachment":[{"href":"https:\/\/sparkhdw.com\/fr\/wp-json\/wp\/v2\/media?parent=2651"}],"wp:term":[{"taxonomy":"product_cat","embeddable":true,"href":"https:\/\/sparkhdw.com\/fr\/wp-json\/wp\/v2\/product_cat?post=2651"},{"taxonomy":"product_tag","embeddable":true,"href":"https:\/\/sparkhdw.com\/fr\/wp-json\/wp\/v2\/product_tag?post=2651"}],"curies":[{"name":"wp","href":"https:\/\/api.w.org\/{rel}","templated":true}]}}