{"id":2661,"date":"2024-01-15T07:21:06","date_gmt":"2024-01-15T07:21:06","guid":{"rendered":"https:\/\/sparkhdw.com\/?post_type=product&#038;p=2661"},"modified":"2024-08-23T05:44:28","modified_gmt":"2024-08-23T05:44:28","slug":"barn-door-pulls","status":"publish","type":"product","link":"https:\/\/sparkhdw.com\/fr\/manufacturer\/barn-door-pulls\/","title":{"rendered":"Poign\u00e9es de porte de grange"},"content":{"rendered":"<div class=\"container section-title-container\" ><h3 class=\"section-title section-title-center\"><b><\/b><span class=\"section-title-main\" >sp\u00e9cification<\/span><b><\/b><\/h3><\/div>\n<div class=\"row\"  id=\"row-1600331928\">\n\n\t<div id=\"col-1640632867\" class=\"col medium-6 small-12 large-6\"  >\n\t\t\t\t<div class=\"col-inner\"  >\n\t\t\t\n\t\t\t\n<table style=\"border-collapse: collapse; width: 245.53pt;\" border=\"0\" width=\"491\" cellspacing=\"0\" cellpadding=\"0\">\n<tbody>\n<tr style=\"height: 25.00pt;\">\n<td class=\"et3\" style=\"height: 25.00pt; width: 114.00pt;\" width=\"228\" height=\"50\">Num\u00e9ro de mod\u00e8le.<\/td>\n<td class=\"et4\" style=\"width: 131.50pt;\" width=\"263\">SPK-9350<\/td>\n<\/tr>\n<tr style=\"height: 25.00pt;\">\n<td class=\"et3\" style=\"height: 25.00pt; width: 114.00pt;\" width=\"228\" height=\"50\">Mat\u00e9riel<\/td>\n<td class=\"et4\" style=\"width: 131.50pt;\" width=\"263\">Acier Carbone<\/td>\n<\/tr>\n<tr style=\"height: 25.00pt;\">\n<td class=\"et3\" style=\"height: 25.00pt; width: 114.00pt;\" width=\"228\" height=\"50\">Finition<\/td>\n<td class=\"et4\" style=\"width: 131.50pt;\" width=\"263\">Rev\u00eatement en poudre noire<\/td>\n<\/tr>\n<tr style=\"height: 25.00pt;\">\n<td class=\"et3\" style=\"height: 25.00pt; width: 114.00pt;\" width=\"228\" height=\"50\">Fixation<\/td>\n<td class=\"et4\" style=\"width: 131.50pt;\" width=\"263\">Seul c\u00f4t\u00e9<\/td>\n<\/tr>\n<tr style=\"height: 25.00pt;\">\n<td class=\"et3\" style=\"height: 25.00pt; width: 114.00pt;\" width=\"228\" height=\"50\">Accessoires inclus<\/td>\n<td class=\"et4\" style=\"width: 131.50pt;\" width=\"263\">Des vis<\/td>\n<\/tr>\n<tr style=\"height: 25.00pt;\">\n<td class=\"et5\" style=\"height: 25.00pt;\" height=\"50\">Quantit\u00e9 minimale de commande<\/td>\n<td class=\"et6\">20 pi\u00e8ces<\/td>\n<\/tr>\n<tr style=\"height: 26.00pt;\">\n<td class=\"et5\" style=\"height: 26.00pt;\" height=\"52\">Application<\/td>\n<td class=\"et6\">Portes en bois<\/td>\n<\/tr>\n<\/tbody>\n<\/table>\n\t\t<\/div>\n\t\t\t\t\t<\/div>\n\n\t\n\n\t<div id=\"col-869007833\" class=\"col medium-4 small-12 large-4\"  >\n\t\t\t\t<div class=\"col-inner\"  >\n\t\t\t\n\t\t\t\n\t<div class=\"img has-hover x md-x lg-x y md-y lg-y\" id=\"image_1772589815\">\n\t\t\t\t\t\t\t\t<div class=\"img-inner dark\" >\n\t\t\t<img width=\"394\" height=\"423\" src=\"https:\/\/sparkhdw.com\/wp-content\/uploads\/2024\/01\/Dimension-drawing-of-barn-door-pulls-SPK-9350.webp\" class=\"attachment-large size-large\" alt=\"Dessin dimensionnel des poign\u00e9es de porte de grange SPK-9350\" decoding=\"async\" loading=\"lazy\" srcset=\"https:\/\/sparkhdw.com\/wp-content\/uploads\/2024\/01\/Dimension-drawing-of-barn-door-pulls-SPK-9350.webp 394w, https:\/\/sparkhdw.com\/wp-content\/uploads\/2024\/01\/Dimension-drawing-of-barn-door-pulls-SPK-9350-279x300.webp 279w\" sizes=\"(max-width: 394px) 100vw, 394px\" \/>\t\t\t\t\t\t\n\t\t\t\t\t<\/div>\n\t\t\t\t\t\t\t\t\n<style>\n#image_1772589815 {\n  width: 100%;\n}\n<\/style>\n\t<\/div>\n\t\n\t\t<\/div>\n\t\t\t\t\t<\/div>\n\n\t\n<\/div>","protected":false},"excerpt":{"rendered":"<p>Num\u00e9ro de mod\u00e8le\u00a0: SPK-9350<br \/>\nAcier au carbone avec rev\u00eatement en poudre noire<br \/>\nPeut s&#039;adapter \u00e0 des portes en bois d&#039;une \u00e9paisseur de 30 \u00e0 55 mm.<\/p>","protected":false},"featured_media":2562,"comment_status":"open","ping_status":"closed","template":"","meta":[],"product_cat":[45],"product_tag":[],"yoast_head":"<!-- This site is optimized with the Yoast SEO plugin v22.6 - https:\/\/yoast.com\/wordpress\/plugins\/seo\/ -->\n<title>Barn Door Pulls - Spark Hardware<\/title>\n<meta name=\"description\" content=\"Our concealed sliding barn door pulls in a variety of sizes to fit your high demand. Good solution for residences, and light commercial.\" \/>\n<meta name=\"robots\" content=\"index, follow, max-snippet:-1, max-image-preview:large, max-video-preview:-1\" \/>\n<link rel=\"canonical\" href=\"https:\/\/sparkhdw.com\/fr\/manufacturer\/barn-door-pulls\/\" \/>\n<meta property=\"og:locale\" content=\"fr_FR\" \/>\n<meta property=\"og:type\" content=\"article\" \/>\n<meta property=\"og:title\" content=\"Barn Door Pulls - Spark Hardware\" \/>\n<meta property=\"og:description\" content=\"Our concealed sliding barn door pulls in a variety of sizes to fit your high demand. Good solution for residences, and light commercial.\" \/>\n<meta property=\"og:url\" content=\"https:\/\/sparkhdw.com\/fr\/manufacturer\/barn-door-pulls\/\" \/>\n<meta property=\"og:site_name\" content=\"Spark Hardware\" \/>\n<meta property=\"article:modified_time\" content=\"2024-08-23T05:44:28+00:00\" \/>\n<meta property=\"og:image\" content=\"https:\/\/sparkhdw.com\/wp-content\/uploads\/2024\/01\/barn-door-pull-handles.webp\" \/>\n\t<meta property=\"og:image:width\" content=\"1000\" \/>\n\t<meta property=\"og:image:height\" content=\"1000\" \/>\n\t<meta property=\"og:image:type\" content=\"image\/webp\" \/>\n<meta name=\"twitter:card\" content=\"summary_large_image\" \/>\n<meta name=\"twitter:label1\" content=\"Est. reading time\" \/>\n\t<meta name=\"twitter:data1\" content=\"1 minute\" \/>\n<script type=\"application\/ld+json\" class=\"yoast-schema-graph\">{\"@context\":\"https:\/\/schema.org\",\"@graph\":[{\"@type\":\"WebPage\",\"@id\":\"https:\/\/sparkhdw.com\/manufacturer\/barn-door-pulls\/\",\"url\":\"https:\/\/sparkhdw.com\/manufacturer\/barn-door-pulls\/\",\"name\":\"Barn Door Pulls - Spark Hardware\",\"isPartOf\":{\"@id\":\"https:\/\/sparkhdw.com\/#website\"},\"primaryImageOfPage\":{\"@id\":\"https:\/\/sparkhdw.com\/manufacturer\/barn-door-pulls\/#primaryimage\"},\"image\":{\"@id\":\"https:\/\/sparkhdw.com\/manufacturer\/barn-door-pulls\/#primaryimage\"},\"thumbnailUrl\":\"https:\/\/sparkhdw.com\/wp-content\/uploads\/2024\/01\/barn-door-pull-handles.webp\",\"datePublished\":\"2024-01-15T07:21:06+00:00\",\"dateModified\":\"2024-08-23T05:44:28+00:00\",\"description\":\"Our concealed sliding barn door pulls in a variety of sizes to fit your high demand. Good solution for residences, and light commercial.\",\"breadcrumb\":{\"@id\":\"https:\/\/sparkhdw.com\/manufacturer\/barn-door-pulls\/#breadcrumb\"},\"inLanguage\":\"fr-FR\",\"potentialAction\":[{\"@type\":\"ReadAction\",\"target\":[\"https:\/\/sparkhdw.com\/manufacturer\/barn-door-pulls\/\"]}]},{\"@type\":\"ImageObject\",\"inLanguage\":\"fr-FR\",\"@id\":\"https:\/\/sparkhdw.com\/manufacturer\/barn-door-pulls\/#primaryimage\",\"url\":\"https:\/\/sparkhdw.com\/wp-content\/uploads\/2024\/01\/barn-door-pull-handles.webp\",\"contentUrl\":\"https:\/\/sparkhdw.com\/wp-content\/uploads\/2024\/01\/barn-door-pull-handles.webp\",\"width\":1000,\"height\":1000,\"caption\":\"barn door pull handles\"},{\"@type\":\"BreadcrumbList\",\"@id\":\"https:\/\/sparkhdw.com\/manufacturer\/barn-door-pulls\/#breadcrumb\",\"itemListElement\":[{\"@type\":\"ListItem\",\"position\":1,\"name\":\"Home\",\"item\":\"https:\/\/sparkhdw.com\/\"},{\"@type\":\"ListItem\",\"position\":2,\"name\":\"Products\",\"item\":\"https:\/\/sparkhdw.com\/shop\/\"},{\"@type\":\"ListItem\",\"position\":3,\"name\":\"Barn Door Pulls\"}]},{\"@type\":\"WebSite\",\"@id\":\"https:\/\/sparkhdw.com\/#website\",\"url\":\"https:\/\/sparkhdw.com\/\",\"name\":\"Spark Hardware\",\"description\":\"\",\"potentialAction\":[{\"@type\":\"SearchAction\",\"target\":{\"@type\":\"EntryPoint\",\"urlTemplate\":\"https:\/\/sparkhdw.com\/?s={search_term_string}\"},\"query-input\":\"required name=search_term_string\"}],\"inLanguage\":\"fr-FR\"}]}<\/script>\n<!-- \/ Yoast SEO plugin. -->","yoast_head_json":{"title":"Poign\u00e9es de porte de grange - Quincaillerie Spark","description":"Notre porte de grange coulissante dissimul\u00e9e se d\u00e9cline dans une vari\u00e9t\u00e9 de tailles pour r\u00e9pondre \u00e0 votre forte demande. Bonne solution pour les r\u00e9sidences et les commerces l\u00e9gers.","robots":{"index":"index","follow":"follow","max-snippet":"max-snippet:-1","max-image-preview":"max-image-preview:large","max-video-preview":"max-video-preview:-1"},"canonical":"https:\/\/sparkhdw.com\/fr\/manufacturer\/barn-door-pulls\/","og_locale":"fr_FR","og_type":"article","og_title":"Barn Door Pulls - Spark Hardware","og_description":"Our concealed sliding barn door pulls in a variety of sizes to fit your high demand. Good solution for residences, and light commercial.","og_url":"https:\/\/sparkhdw.com\/fr\/manufacturer\/barn-door-pulls\/","og_site_name":"Spark Hardware","article_modified_time":"2024-08-23T05:44:28+00:00","og_image":[{"width":1000,"height":1000,"url":"https:\/\/sparkhdw.com\/wp-content\/uploads\/2024\/01\/barn-door-pull-handles.webp","type":"image\/webp"}],"twitter_card":"summary_large_image","twitter_misc":{"Est. reading time":"1 minute"},"schema":{"@context":"https:\/\/schema.org","@graph":[{"@type":"WebPage","@id":"https:\/\/sparkhdw.com\/manufacturer\/barn-door-pulls\/","url":"https:\/\/sparkhdw.com\/manufacturer\/barn-door-pulls\/","name":"Poign\u00e9es de porte de grange - Quincaillerie Spark","isPartOf":{"@id":"https:\/\/sparkhdw.com\/#website"},"primaryImageOfPage":{"@id":"https:\/\/sparkhdw.com\/manufacturer\/barn-door-pulls\/#primaryimage"},"image":{"@id":"https:\/\/sparkhdw.com\/manufacturer\/barn-door-pulls\/#primaryimage"},"thumbnailUrl":"https:\/\/sparkhdw.com\/wp-content\/uploads\/2024\/01\/barn-door-pull-handles.webp","datePublished":"2024-01-15T07:21:06+00:00","dateModified":"2024-08-23T05:44:28+00:00","description":"Notre porte de grange coulissante dissimul\u00e9e se d\u00e9cline dans une vari\u00e9t\u00e9 de tailles pour r\u00e9pondre \u00e0 votre forte demande. Bonne solution pour les r\u00e9sidences et les commerces l\u00e9gers.","breadcrumb":{"@id":"https:\/\/sparkhdw.com\/manufacturer\/barn-door-pulls\/#breadcrumb"},"inLanguage":"fr-FR","potentialAction":[{"@type":"ReadAction","target":["https:\/\/sparkhdw.com\/manufacturer\/barn-door-pulls\/"]}]},{"@type":"ImageObject","inLanguage":"fr-FR","@id":"https:\/\/sparkhdw.com\/manufacturer\/barn-door-pulls\/#primaryimage","url":"https:\/\/sparkhdw.com\/wp-content\/uploads\/2024\/01\/barn-door-pull-handles.webp","contentUrl":"https:\/\/sparkhdw.com\/wp-content\/uploads\/2024\/01\/barn-door-pull-handles.webp","width":1000,"height":1000,"caption":"barn door pull handles"},{"@type":"BreadcrumbList","@id":"https:\/\/sparkhdw.com\/manufacturer\/barn-door-pulls\/#breadcrumb","itemListElement":[{"@type":"ListItem","position":1,"name":"Home","item":"https:\/\/sparkhdw.com\/"},{"@type":"ListItem","position":2,"name":"Products","item":"https:\/\/sparkhdw.com\/shop\/"},{"@type":"ListItem","position":3,"name":"Barn Door Pulls"}]},{"@type":"WebSite","@id":"https:\/\/sparkhdw.com\/#website","url":"https:\/\/sparkhdw.com\/","name":"Mat\u00e9riel d&#039;\u00e9tincelle","description":"","potentialAction":[{"@type":"SearchAction","target":{"@type":"EntryPoint","urlTemplate":"https:\/\/sparkhdw.com\/?s={search_term_string}"},"query-input":"required name=search_term_string"}],"inLanguage":"fr-FR"}]}},"_links":{"self":[{"href":"https:\/\/sparkhdw.com\/fr\/wp-json\/wp\/v2\/product\/2661"}],"collection":[{"href":"https:\/\/sparkhdw.com\/fr\/wp-json\/wp\/v2\/product"}],"about":[{"href":"https:\/\/sparkhdw.com\/fr\/wp-json\/wp\/v2\/types\/product"}],"replies":[{"embeddable":true,"href":"https:\/\/sparkhdw.com\/fr\/wp-json\/wp\/v2\/comments?post=2661"}],"wp:featuredmedia":[{"embeddable":true,"href":"https:\/\/sparkhdw.com\/fr\/wp-json\/wp\/v2\/media\/2562"}],"wp:attachment":[{"href":"https:\/\/sparkhdw.com\/fr\/wp-json\/wp\/v2\/media?parent=2661"}],"wp:term":[{"taxonomy":"product_cat","embeddable":true,"href":"https:\/\/sparkhdw.com\/fr\/wp-json\/wp\/v2\/product_cat?post=2661"},{"taxonomy":"product_tag","embeddable":true,"href":"https:\/\/sparkhdw.com\/fr\/wp-json\/wp\/v2\/product_tag?post=2661"}],"curies":[{"name":"wp","href":"https:\/\/api.w.org\/{rel}","templated":true}]}}