{"id":2847,"date":"2024-05-22T05:43:16","date_gmt":"2024-05-22T05:43:16","guid":{"rendered":"https:\/\/sparkhdw.com\/?post_type=product&#038;p=2847"},"modified":"2024-05-22T06:04:17","modified_gmt":"2024-05-22T06:04:17","slug":"steel-frame-with-glass","status":"publish","type":"product","link":"https:\/\/sparkhdw.com\/lt\/manufacturer\/steel-frame-with-glass\/","title":{"rendered":"Plieninis r\u0117mas su stiklu"},"content":{"rendered":"<p><strong>K\u0105 galime pasi\u016blyti:<\/strong><\/p>\n<ul>\n<li><strong><img decoding=\"async\" loading=\"lazy\" class=\"alignnone  wp-image-2851\" src=\"https:\/\/sparkhdw.com\/wp-content\/uploads\/2024\/05\/SPARK-steel-glass-doors-design-e1716357691360.webp\" alt=\"SPARK plienini\u0173 stiklini\u0173 dur\u0173 dizainas\" width=\"27\" height=\"22\" srcset=\"https:\/\/sparkhdw.com\/wp-content\/uploads\/2024\/05\/SPARK-steel-glass-doors-design-e1716357691360.webp 208w, https:\/\/sparkhdw.com\/wp-content\/uploads\/2024\/05\/SPARK-steel-glass-doors-design-e1716357691360-15x12.webp 15w\" sizes=\"(max-width: 27px) 100vw, 27px\" \/>Plienin\u0117s stumdomos durys<\/strong><\/li>\n<li><strong><img decoding=\"async\" loading=\"lazy\" class=\"alignnone  wp-image-2851\" src=\"https:\/\/sparkhdw.com\/wp-content\/uploads\/2024\/05\/SPARK-steel-glass-doors-design-e1716357691360.webp\" alt=\"SPARK plienini\u0173 stiklini\u0173 dur\u0173 dizainas\" width=\"27\" height=\"22\" srcset=\"https:\/\/sparkhdw.com\/wp-content\/uploads\/2024\/05\/SPARK-steel-glass-doors-design-e1716357691360.webp 208w, https:\/\/sparkhdw.com\/wp-content\/uploads\/2024\/05\/SPARK-steel-glass-doors-design-e1716357691360-15x12.webp 15w\" sizes=\"(max-width: 27px) 100vw, 27px\" \/>Plienin\u0117s ki\u0161en\u0117s durys<\/strong><\/li>\n<li><strong><img decoding=\"async\" loading=\"lazy\" class=\"alignnone  wp-image-2851\" src=\"https:\/\/sparkhdw.com\/wp-content\/uploads\/2024\/05\/SPARK-steel-glass-doors-design-e1716357691360.webp\" alt=\"SPARK plienini\u0173 stiklini\u0173 dur\u0173 dizainas\" width=\"27\" height=\"22\" srcset=\"https:\/\/sparkhdw.com\/wp-content\/uploads\/2024\/05\/SPARK-steel-glass-doors-design-e1716357691360.webp 208w, https:\/\/sparkhdw.com\/wp-content\/uploads\/2024\/05\/SPARK-steel-glass-doors-design-e1716357691360-15x12.webp 15w\" sizes=\"(max-width: 27px) 100vw, 27px\" \/>Plienin\u0117s varstomos durys su magnetiniu u\u017edarymu<\/strong><\/li>\n<li><strong><img decoding=\"async\" loading=\"lazy\" class=\"alignnone  wp-image-2851\" src=\"https:\/\/sparkhdw.com\/wp-content\/uploads\/2024\/05\/SPARK-steel-glass-doors-design-e1716357691360.webp\" alt=\"SPARK plienini\u0173 stiklini\u0173 dur\u0173 dizainas\" width=\"27\" height=\"22\" srcset=\"https:\/\/sparkhdw.com\/wp-content\/uploads\/2024\/05\/SPARK-steel-glass-doors-design-e1716357691360.webp 208w, https:\/\/sparkhdw.com\/wp-content\/uploads\/2024\/05\/SPARK-steel-glass-doors-design-e1716357691360-15x12.webp 15w\" sizes=\"(max-width: 27px) 100vw, 27px\" \/>Plienin\u0117s dvipus\u0117s durys<\/strong><\/li>\n<li><strong><img decoding=\"async\" loading=\"lazy\" class=\"alignnone  wp-image-2851\" src=\"https:\/\/sparkhdw.com\/wp-content\/uploads\/2024\/05\/SPARK-steel-glass-doors-design-e1716357691360.webp\" alt=\"SPARK plienini\u0173 stiklini\u0173 dur\u0173 dizainas\" width=\"27\" height=\"22\" srcset=\"https:\/\/sparkhdw.com\/wp-content\/uploads\/2024\/05\/SPARK-steel-glass-doors-design-e1716357691360.webp 208w, https:\/\/sparkhdw.com\/wp-content\/uploads\/2024\/05\/SPARK-steel-glass-doors-design-e1716357691360-15x12.webp 15w\" sizes=\"(max-width: 27px) 100vw, 27px\" \/>Plienin\u0117s dvigubos varstomos durys<\/strong><\/li>\n<li><strong><img decoding=\"async\" loading=\"lazy\" class=\"alignnone  wp-image-2851\" src=\"https:\/\/sparkhdw.com\/wp-content\/uploads\/2024\/05\/SPARK-steel-glass-doors-design-e1716357691360.webp\" alt=\"SPARK plienini\u0173 stiklini\u0173 dur\u0173 dizainas\" width=\"27\" height=\"22\" srcset=\"https:\/\/sparkhdw.com\/wp-content\/uploads\/2024\/05\/SPARK-steel-glass-doors-design-e1716357691360.webp 208w, https:\/\/sparkhdw.com\/wp-content\/uploads\/2024\/05\/SPARK-steel-glass-doors-design-e1716357691360-15x12.webp 15w\" sizes=\"(max-width: 27px) 100vw, 27px\" \/>Plienin\u0117s durys su \u0161onine panele<\/strong><\/li>\n<li><strong><img decoding=\"async\" loading=\"lazy\" class=\"alignnone  wp-image-2851\" src=\"https:\/\/sparkhdw.com\/wp-content\/uploads\/2024\/05\/SPARK-steel-glass-doors-design-e1716357691360.webp\" alt=\"SPARK plienini\u0173 stiklini\u0173 dur\u0173 dizainas\" width=\"27\" height=\"22\" srcset=\"https:\/\/sparkhdw.com\/wp-content\/uploads\/2024\/05\/SPARK-steel-glass-doors-design-e1716357691360.webp 208w, https:\/\/sparkhdw.com\/wp-content\/uploads\/2024\/05\/SPARK-steel-glass-doors-design-e1716357691360-15x12.webp 15w\" sizes=\"(max-width: 27px) 100vw, 27px\" \/>Plienin\u0117s durys su stoglangiu<\/strong><\/li>\n<li><strong><img decoding=\"async\" loading=\"lazy\" class=\"alignnone  wp-image-2851\" src=\"https:\/\/sparkhdw.com\/wp-content\/uploads\/2024\/05\/SPARK-steel-glass-doors-design-e1716357691360.webp\" alt=\"SPARK plienini\u0173 stiklini\u0173 dur\u0173 dizainas\" width=\"27\" height=\"22\" srcset=\"https:\/\/sparkhdw.com\/wp-content\/uploads\/2024\/05\/SPARK-steel-glass-doors-design-e1716357691360.webp 208w, https:\/\/sparkhdw.com\/wp-content\/uploads\/2024\/05\/SPARK-steel-glass-doors-design-e1716357691360-15x12.webp 15w\" sizes=\"(max-width: 27px) 100vw, 27px\" \/>Plienin\u0117s stumdomos durys su \u0161onine panele<\/strong><\/li>\n<li><strong><img decoding=\"async\" loading=\"lazy\" class=\"alignnone  wp-image-2851\" src=\"https:\/\/sparkhdw.com\/wp-content\/uploads\/2024\/05\/SPARK-steel-glass-doors-design-e1716357691360.webp\" alt=\"SPARK plienini\u0173 stiklini\u0173 dur\u0173 dizainas\" width=\"27\" height=\"22\" srcset=\"https:\/\/sparkhdw.com\/wp-content\/uploads\/2024\/05\/SPARK-steel-glass-doors-design-e1716357691360.webp 208w, https:\/\/sparkhdw.com\/wp-content\/uploads\/2024\/05\/SPARK-steel-glass-doors-design-e1716357691360-15x12.webp 15w\" sizes=\"(max-width: 27px) 100vw, 27px\" \/>Plienin\u0117s sukamosios durys<\/strong><\/li>\n<\/ul>\n\t<div id=\"gap-1080935284\" class=\"gap-element clearfix\" style=\"display:block; height:auto;\">\n\t\t\n<style>\n#gap-1080935284 {\n  padding-top: 30px;\n}\n<\/style>\n\t<\/div>\n\t\n\t<div id=\"text-3407754214\" class=\"text\">\n\t\t\n<p><strong>Metalin\u0117s stiklin\u0117s tvarto durys Modelis Nr.: SPK-SG3<\/strong><\/p>\n<table style=\"height: 427px;\" width=\"571\">\n<tbody>\n<tr>\n<td width=\"303\">Dur\u0173 Med\u017eiaga<\/td>\n<td width=\"735\">Plieninis r\u0117mas + stiklas<\/td>\n<\/tr>\n<tr>\n<td>Stiklo tipas<\/td>\n<td>4mm\/5mm gr\u016bdintas stiklas<\/td>\n<\/tr>\n<tr>\n<td width=\"303\">Pavir\u0161iaus apdaila<\/td>\n<td>Miltelinis da\u017eymas juoda, balta, alyvuogi\u0173 pilka spalva\u00a0<\/td>\n<\/tr>\n<tr>\n<td width=\"303\">Dydis<\/td>\n<td>Pasirinktinis<\/td>\n<\/tr>\n<tr>\n<td width=\"303\">Standartinis<\/td>\n<td width=\"735\">ITS\/SGS\/ISO\/CE<\/td>\n<\/tr>\n<tr>\n<td width=\"303\">MOQ<\/td>\n<td>1 PC<\/td>\n<\/tr>\n<tr>\n<td width=\"303\">Garantija<\/td>\n<td width=\"735\">1 metai<\/td>\n<\/tr>\n<tr>\n<td width=\"303\">tiekimo galimyb\u0117<\/td>\n<td width=\"735\">30 000 rinkini\u0173 per m\u0117nes\u012f<\/td>\n<\/tr>\n<tr>\n<td width=\"303\">Dizaino stilius<\/td>\n<td width=\"735\">Lofto stilius<\/td>\n<\/tr>\n<tr>\n<td width=\"303\">Dur\u0173 rankena<\/td>\n<td width=\"735\">Galima<\/td>\n<\/tr>\n<tr>\n<td width=\"303\">Pakuot\u0117<\/td>\n<td width=\"735\">Galima bet kokia pasirinktin\u0117 pakuot\u0117<\/td>\n<\/tr>\n<tr>\n<td width=\"303\">Taikymas<\/td>\n<td width=\"735\">Namai, biuras, vie\u0161butis, pramon\u0117<\/td>\n<\/tr>\n<tr>\n<td width=\"303\">Aptarnavimas po pardavimo<\/td>\n<td width=\"735\">Technin\u0117 pagalba internetu<\/td>\n<\/tr>\n<tr>\n<td width=\"303\">Projekto sprendimo galimyb\u0117<\/td>\n<td width=\"735\">Grafinis dizainas, 3D modeli\u0173 k\u016brimas<\/td>\n<\/tr>\n<\/tbody>\n<\/table>\n\t\t\n<style>\n#text-3407754214 {\n  line-height: 1.45;\n}\n<\/style>\n\t<\/div>\n\t\n<div class=\"container section-title-container\" ><h3 class=\"section-title section-title-center\"><b><\/b><span class=\"section-title-main\" >Dur\u0173 tipas<\/span><b><\/b><\/h3><\/div>\n<div class=\"row\"  id=\"row-1909475054\">\n\n\t<div id=\"col-315263217\" class=\"col small-12 large-12\"  >\n\t\t\t\t<div class=\"col-inner\"  >\n\t\t\t\n\t\t\t\n\t<div class=\"img has-hover x md-x lg-x y md-y lg-y\" id=\"image_1747471023\">\n\t\t\t\t\t\t\t\t<div class=\"img-inner dark\" >\n\t\t\t<img width=\"1020\" height=\"820\" src=\"https:\/\/sparkhdw.com\/wp-content\/uploads\/2024\/05\/Steel-glass-door-style-1024x823.webp\" class=\"attachment-large size-large\" alt=\"Plienini\u0173 stiklini\u0173 dur\u0173 stilius\" decoding=\"async\" loading=\"lazy\" srcset=\"https:\/\/sparkhdw.com\/wp-content\/uploads\/2024\/05\/Steel-glass-door-style-1024x823.webp 1024w, https:\/\/sparkhdw.com\/wp-content\/uploads\/2024\/05\/Steel-glass-door-style-300x241.webp 300w, https:\/\/sparkhdw.com\/wp-content\/uploads\/2024\/05\/Steel-glass-door-style-768x618.webp 768w, https:\/\/sparkhdw.com\/wp-content\/uploads\/2024\/05\/Steel-glass-door-style-1536x1235.webp 1536w, https:\/\/sparkhdw.com\/wp-content\/uploads\/2024\/05\/Steel-glass-door-style-15x12.webp 15w, https:\/\/sparkhdw.com\/wp-content\/uploads\/2024\/05\/Steel-glass-door-style-600x482.webp 600w, https:\/\/sparkhdw.com\/wp-content\/uploads\/2024\/05\/Steel-glass-door-style.webp 1598w\" sizes=\"(max-width: 1020px) 100vw, 1020px\" \/>\t\t\t\t\t\t\n\t\t\t\t\t<\/div>\n\t\t\t\t\t\t\t\t\n<style>\n#image_1747471023 {\n  width: 100%;\n}\n<\/style>\n\t<\/div>\n\t\n\t<section class=\"section\" id=\"section_1202842162\">\n\t\t<div class=\"bg section-bg fill bg-fill  bg-loaded\" >\n\n\t\t\t\n\t\t\t\n\t\t\t\n\n\t\t<\/div>\n\n\t\t\n\n\t\t<div class=\"section-content relative\">\n\t\t\t\n<div class=\"container section-title-container\" ><h3 class=\"section-title section-title-center\"><b><\/b><span class=\"section-title-main\" >Stiklo tipas<\/span><b><\/b><\/h3><\/div>\n\t<div class=\"img has-hover x md-x lg-x y md-y lg-y\" id=\"image_850432870\">\n\t\t\t\t\t\t\t\t<div class=\"img-inner dark\" >\n\t\t\t<img width=\"784\" height=\"480\" src=\"https:\/\/sparkhdw.com\/wp-content\/uploads\/2023\/11\/Glass-type-.webp\" class=\"attachment-large size-large\" alt=\"\" decoding=\"async\" loading=\"lazy\" srcset=\"https:\/\/sparkhdw.com\/wp-content\/uploads\/2023\/11\/Glass-type-.webp 784w, https:\/\/sparkhdw.com\/wp-content\/uploads\/2023\/11\/Glass-type--300x184.webp 300w, https:\/\/sparkhdw.com\/wp-content\/uploads\/2023\/11\/Glass-type--768x470.webp 768w, https:\/\/sparkhdw.com\/wp-content\/uploads\/2023\/11\/Glass-type--600x367.webp 600w\" sizes=\"(max-width: 784px) 100vw, 784px\" \/>\t\t\t\t\t\t\n\t\t\t\t\t<\/div>\n\t\t\t\t\t\t\t\t\n<style>\n#image_850432870 {\n  width: 100%;\n}\n<\/style>\n\t<\/div>\n\t\n\t\t<\/div>\n\n\t\t\n<style>\n#section_1202842162 {\n  padding-top: 30px;\n  padding-bottom: 30px;\n  background-color: rgb(228, 239, 246);\n}\n#section_1202842162 .ux-shape-divider--top svg {\n  height: 150px;\n  --divider-top-width: 100%;\n}\n#section_1202842162 .ux-shape-divider--bottom svg {\n  height: 150px;\n  --divider-width: 100%;\n}\n<\/style>\n\t<\/section>\n\t\n\t\t<\/div>\n\t\t\t\t\t<\/div>\n\n\t\n<\/div>\n\t<section class=\"section\" id=\"section_1967101547\">\n\t\t<div class=\"bg section-bg fill bg-fill  bg-loaded\" >\n\n\t\t\t\n\t\t\t\n\t\t\t\n\n\t\t<\/div>\n\n\t\t\n\n\t\t<div class=\"section-content relative\">\n\t\t\t\n\t<div id=\"text-2914674203\" class=\"text\">\n\t\t\n<h4><strong>Plienin\u0117 pakuot\u0117 su stiklin\u0117mis durimis<\/strong><\/h4>\n\t\t\n<style>\n#text-2914674203 {\n  text-align: center;\n}\n<\/style>\n\t<\/div>\n\t\n<div class=\"row\"  id=\"row-569259513\">\n\n\t<div id=\"col-460795222\" class=\"col medium-4 small-12 large-4\"  >\n\t\t\t\t<div class=\"col-inner\"  >\n\t\t\t\n\t\t\t\n\t<div class=\"box has-hover   has-hover box-text-bottom\" >\n\n\t\t<div class=\"box-image\" >\n\t\t\t\t\t\t<div class=\"\" >\n\t\t\t\t<img width=\"600\" height=\"800\" src=\"https:\/\/sparkhdw.com\/wp-content\/uploads\/2024\/05\/steel-with-glass-doors-package.webp\" class=\"attachment- size-\" alt=\"plieninis su stiklin\u0117mis durimis paketas\" decoding=\"async\" loading=\"lazy\" srcset=\"https:\/\/sparkhdw.com\/wp-content\/uploads\/2024\/05\/steel-with-glass-doors-package.webp 600w, https:\/\/sparkhdw.com\/wp-content\/uploads\/2024\/05\/steel-with-glass-doors-package-225x300.webp 225w, https:\/\/sparkhdw.com\/wp-content\/uploads\/2024\/05\/steel-with-glass-doors-package-9x12.webp 9w\" sizes=\"(max-width: 600px) 100vw, 600px\" \/>\t\t\t\t\t\t\t\t\t\t\t<\/div>\n\t\t\t\t\t<\/div>\n\n\t\t<div class=\"box-text text-center\" >\n\t\t\t<div class=\"box-text-inner\">\n\t\t\t\t\n<h4>1 \u017eingsnis<\/h4>\n<p>Ap\u017ei\u016br\u0117j\u0119 visas detales, dur\u0173 plok\u0161t\u0119 supilame \u012f pagrindin\u0119 d\u0117\u017eut\u0119 su u\u017epildyta forma.<\/p>\n\t\t\t<\/div>\n\t\t<\/div>\n\t<\/div>\n\t\n\t\t<\/div>\n\t\t\t\t\t<\/div>\n\n\t\n\n\t<div id=\"col-1731288219\" class=\"col medium-4 small-12 large-4\"  >\n\t\t\t\t<div class=\"col-inner\"  >\n\t\t\t\n\t\t\t\n\t<div class=\"box has-hover   has-hover box-text-bottom\" >\n\n\t\t<div class=\"box-image\" >\n\t\t\t\t\t\t<div class=\"\" >\n\t\t\t\t<img width=\"600\" height=\"800\" src=\"https:\/\/sparkhdw.com\/wp-content\/uploads\/2024\/05\/steel-glass-door-package-2.webp\" class=\"attachment- size-\" alt=\"plienini\u0173 stiklini\u0173 dur\u0173 paketas 2\" decoding=\"async\" loading=\"lazy\" srcset=\"https:\/\/sparkhdw.com\/wp-content\/uploads\/2024\/05\/steel-glass-door-package-2.webp 600w, https:\/\/sparkhdw.com\/wp-content\/uploads\/2024\/05\/steel-glass-door-package-2-225x300.webp 225w, https:\/\/sparkhdw.com\/wp-content\/uploads\/2024\/05\/steel-glass-door-package-2-9x12.webp 9w\" sizes=\"(max-width: 600px) 100vw, 600px\" \/>\t\t\t\t\t\t\t\t\t\t\t<\/div>\n\t\t\t\t\t<\/div>\n\n\t\t<div class=\"box-text text-center\" >\n\t\t\t<div class=\"box-text-inner\">\n\t\t\t\t\n<h4>2 \u017eingsnis<\/h4>\n<p>Formos lapo ir dangtelio d\u0117\u017eut\u0117s u\u017edengimas. Stumdoma arba dvigubai sulankstoma \u012franga gali b\u016bti supakuota kartu arba atskirai.<\/p>\n\t\t\t<\/div>\n\t\t<\/div>\n\t<\/div>\n\t\n\t\t<\/div>\n\t\t\t\t\t<\/div>\n\n\t\n\n\t<div id=\"col-1278162331\" class=\"col medium-4 small-12 large-4\"  >\n\t\t\t\t<div class=\"col-inner\"  >\n\t\t\t\n\t\t\t\n\t<div class=\"box has-hover   has-hover box-text-bottom\" >\n\n\t\t<div class=\"box-image\" >\n\t\t\t\t\t\t<div class=\"\" >\n\t\t\t\t<img width=\"600\" height=\"800\" src=\"https:\/\/sparkhdw.com\/wp-content\/uploads\/2024\/05\/steel-glass-door-package-3.webp\" class=\"attachment- size-\" alt=\"plienini\u0173 stiklini\u0173 dur\u0173 paketas 3\" decoding=\"async\" loading=\"lazy\" srcset=\"https:\/\/sparkhdw.com\/wp-content\/uploads\/2024\/05\/steel-glass-door-package-3.webp 600w, https:\/\/sparkhdw.com\/wp-content\/uploads\/2024\/05\/steel-glass-door-package-3-225x300.webp 225w, https:\/\/sparkhdw.com\/wp-content\/uploads\/2024\/05\/steel-glass-door-package-3-9x12.webp 9w\" sizes=\"(max-width: 600px) 100vw, 600px\" \/>\t\t\t\t\t\t\t\t\t\t\t<\/div>\n\t\t\t\t\t<\/div>\n\n\t\t<div class=\"box-text text-center\" >\n\t\t\t<div class=\"box-text-inner\">\n\t\t\t\t\n<h4>3 veiksmas<\/h4>\n<p>Kartonini\u0173 d\u0117\u017ei\u0173 sud\u0117jimas ant pad\u0117klo, o po to apvyniojimas pakavimo dir\u017eeliais ir skaidria pl\u0117vele.<\/p>\n\t\t\t<\/div>\n\t\t<\/div>\n\t<\/div>\n\t\n\t\t<\/div>\n\t\t\t\t\t<\/div>\n\n\t\n<\/div>\n\t\t<\/div>\n\n\t\t\n<style>\n#section_1967101547 {\n  padding-top: 30px;\n  padding-bottom: 30px;\n}\n#section_1967101547 .ux-shape-divider--top svg {\n  height: 150px;\n  --divider-top-width: 100%;\n}\n#section_1967101547 .ux-shape-divider--bottom svg {\n  height: 150px;\n  --divider-width: 100%;\n}\n<\/style>\n\t<\/section>\n\t\n\t<div id=\"gap-1444472760\" class=\"gap-element clearfix\" style=\"display:block; height:auto;\">\n\t\t\n<style>\n#gap-1444472760 {\n  padding-top: 30px;\n}\n<\/style>\n\t<\/div>\n\t\n\t<div id=\"gap-945896721\" class=\"gap-element clearfix\" style=\"display:block; height:auto;\">\n\t\t\n<style>\n#gap-945896721 {\n  padding-top: 30px;\n}\n<\/style>\n\t<\/div>","protected":false},"excerpt":{"rendered":"<p>Pagamintas i\u0161 auk\u0161tos kokyb\u0117s med\u017eiag\u0173 ir kruop\u0161taus dizaino, m\u016bs\u0173 plieninis r\u0117mas su stiklin\u0117mis durimis u\u017etikrina ilgalaik\u012f patikimum\u0105, o stiklo dur\u0173 dizainas parodo j\u016bs\u0173 gamini\u0173 ar erdv\u0117s rafinuotum\u0105 ir kokyb\u0119.<\/p>","protected":false},"featured_media":2837,"comment_status":"open","ping_status":"closed","template":"","meta":[],"product_cat":[41],"product_tag":[],"yoast_head":"<!-- This site is optimized with the Yoast SEO plugin v22.6 - https:\/\/yoast.com\/wordpress\/plugins\/seo\/ -->\n<title>Steel Frame With Glass - Spark Hardware<\/title>\n<meta name=\"description\" content=\"Whether you&#039;re a retail store, office, or restaurant, our steel frame with glass door provides efficient display and protection for your space.\" \/>\n<meta name=\"robots\" content=\"index, follow, max-snippet:-1, max-image-preview:large, max-video-preview:-1\" \/>\n<link rel=\"canonical\" href=\"https:\/\/sparkhdw.com\/lt\/manufacturer\/steel-frame-with-glass\/\" \/>\n<meta property=\"og:locale\" content=\"lt_LT\" \/>\n<meta property=\"og:type\" content=\"article\" \/>\n<meta property=\"og:title\" content=\"Steel Frame With Glass - Spark Hardware\" \/>\n<meta property=\"og:description\" content=\"Whether you&#039;re a retail store, office, or restaurant, our steel frame with glass door provides efficient display and protection for your space.\" \/>\n<meta property=\"og:url\" content=\"https:\/\/sparkhdw.com\/lt\/manufacturer\/steel-frame-with-glass\/\" \/>\n<meta property=\"og:site_name\" content=\"Spark Hardware\" \/>\n<meta property=\"article:modified_time\" content=\"2024-05-22T06:04:17+00:00\" \/>\n<meta property=\"og:image\" content=\"https:\/\/sparkhdw.com\/wp-content\/uploads\/2024\/05\/Steel-frame-with-glass-doors.webp\" \/>\n\t<meta property=\"og:image:width\" content=\"1000\" \/>\n\t<meta property=\"og:image:height\" content=\"1000\" \/>\n\t<meta property=\"og:image:type\" content=\"image\/webp\" \/>\n<meta name=\"twitter:card\" content=\"summary_large_image\" \/>\n<meta name=\"twitter:label1\" content=\"Est. reading time\" \/>\n\t<meta name=\"twitter:data1\" content=\"4 minut\u0117s\" \/>\n<script type=\"application\/ld+json\" class=\"yoast-schema-graph\">{\"@context\":\"https:\/\/schema.org\",\"@graph\":[{\"@type\":\"WebPage\",\"@id\":\"https:\/\/sparkhdw.com\/manufacturer\/steel-frame-with-glass\/\",\"url\":\"https:\/\/sparkhdw.com\/manufacturer\/steel-frame-with-glass\/\",\"name\":\"Steel Frame With Glass - Spark Hardware\",\"isPartOf\":{\"@id\":\"https:\/\/sparkhdw.com\/#website\"},\"primaryImageOfPage\":{\"@id\":\"https:\/\/sparkhdw.com\/manufacturer\/steel-frame-with-glass\/#primaryimage\"},\"image\":{\"@id\":\"https:\/\/sparkhdw.com\/manufacturer\/steel-frame-with-glass\/#primaryimage\"},\"thumbnailUrl\":\"https:\/\/sparkhdw.com\/wp-content\/uploads\/2024\/05\/Steel-frame-with-glass-doors.webp\",\"datePublished\":\"2024-05-22T05:43:16+00:00\",\"dateModified\":\"2024-05-22T06:04:17+00:00\",\"description\":\"Whether you're a retail store, office, or restaurant, our steel frame with glass door provides efficient display and protection for your space.\",\"breadcrumb\":{\"@id\":\"https:\/\/sparkhdw.com\/manufacturer\/steel-frame-with-glass\/#breadcrumb\"},\"inLanguage\":\"lt-LT\",\"potentialAction\":[{\"@type\":\"ReadAction\",\"target\":[\"https:\/\/sparkhdw.com\/manufacturer\/steel-frame-with-glass\/\"]}]},{\"@type\":\"ImageObject\",\"inLanguage\":\"lt-LT\",\"@id\":\"https:\/\/sparkhdw.com\/manufacturer\/steel-frame-with-glass\/#primaryimage\",\"url\":\"https:\/\/sparkhdw.com\/wp-content\/uploads\/2024\/05\/Steel-frame-with-glass-doors.webp\",\"contentUrl\":\"https:\/\/sparkhdw.com\/wp-content\/uploads\/2024\/05\/Steel-frame-with-glass-doors.webp\",\"width\":1000,\"height\":1000,\"caption\":\"Steel frame with glass doors\"},{\"@type\":\"BreadcrumbList\",\"@id\":\"https:\/\/sparkhdw.com\/manufacturer\/steel-frame-with-glass\/#breadcrumb\",\"itemListElement\":[{\"@type\":\"ListItem\",\"position\":1,\"name\":\"Home\",\"item\":\"https:\/\/sparkhdw.com\/\"},{\"@type\":\"ListItem\",\"position\":2,\"name\":\"Products\",\"item\":\"https:\/\/sparkhdw.com\/shop\/\"},{\"@type\":\"ListItem\",\"position\":3,\"name\":\"Steel Frame With Glass\"}]},{\"@type\":\"WebSite\",\"@id\":\"https:\/\/sparkhdw.com\/#website\",\"url\":\"https:\/\/sparkhdw.com\/\",\"name\":\"Spark Hardware\",\"description\":\"\",\"potentialAction\":[{\"@type\":\"SearchAction\",\"target\":{\"@type\":\"EntryPoint\",\"urlTemplate\":\"https:\/\/sparkhdw.com\/?s={search_term_string}\"},\"query-input\":\"required name=search_term_string\"}],\"inLanguage\":\"lt-LT\"}]}<\/script>\n<!-- \/ Yoast SEO plugin. -->","yoast_head_json":{"title":"Plieninis r\u0117mas su stiklu \u2013 Spark Hardware","description":"Nesvarbu, ar esate ma\u017emenin\u0117 parduotuv\u0117, biuras ar restoranas, m\u016bs\u0173 plieninis r\u0117mas su stiklin\u0117mis durimis u\u017etikrina efektyv\u0173 j\u016bs\u0173 erdv\u0117s vaizd\u0105 ir apsaug\u0105.","robots":{"index":"index","follow":"follow","max-snippet":"max-snippet:-1","max-image-preview":"max-image-preview:large","max-video-preview":"max-video-preview:-1"},"canonical":"https:\/\/sparkhdw.com\/lt\/manufacturer\/steel-frame-with-glass\/","og_locale":"lt_LT","og_type":"article","og_title":"Steel Frame With Glass - Spark Hardware","og_description":"Whether you're a retail store, office, or restaurant, our steel frame with glass door provides efficient display and protection for your space.","og_url":"https:\/\/sparkhdw.com\/lt\/manufacturer\/steel-frame-with-glass\/","og_site_name":"Spark Hardware","article_modified_time":"2024-05-22T06:04:17+00:00","og_image":[{"width":1000,"height":1000,"url":"https:\/\/sparkhdw.com\/wp-content\/uploads\/2024\/05\/Steel-frame-with-glass-doors.webp","type":"image\/webp"}],"twitter_card":"summary_large_image","twitter_misc":{"Est. reading time":"4 minut\u0117s"},"schema":{"@context":"https:\/\/schema.org","@graph":[{"@type":"WebPage","@id":"https:\/\/sparkhdw.com\/manufacturer\/steel-frame-with-glass\/","url":"https:\/\/sparkhdw.com\/manufacturer\/steel-frame-with-glass\/","name":"Plieninis r\u0117mas su stiklu \u2013 Spark Hardware","isPartOf":{"@id":"https:\/\/sparkhdw.com\/#website"},"primaryImageOfPage":{"@id":"https:\/\/sparkhdw.com\/manufacturer\/steel-frame-with-glass\/#primaryimage"},"image":{"@id":"https:\/\/sparkhdw.com\/manufacturer\/steel-frame-with-glass\/#primaryimage"},"thumbnailUrl":"https:\/\/sparkhdw.com\/wp-content\/uploads\/2024\/05\/Steel-frame-with-glass-doors.webp","datePublished":"2024-05-22T05:43:16+00:00","dateModified":"2024-05-22T06:04:17+00:00","description":"Nesvarbu, ar esate ma\u017emenin\u0117 parduotuv\u0117, biuras ar restoranas, m\u016bs\u0173 plieninis r\u0117mas su stiklin\u0117mis durimis u\u017etikrina efektyv\u0173 j\u016bs\u0173 erdv\u0117s vaizd\u0105 ir apsaug\u0105.","breadcrumb":{"@id":"https:\/\/sparkhdw.com\/manufacturer\/steel-frame-with-glass\/#breadcrumb"},"inLanguage":"lt-LT","potentialAction":[{"@type":"ReadAction","target":["https:\/\/sparkhdw.com\/manufacturer\/steel-frame-with-glass\/"]}]},{"@type":"ImageObject","inLanguage":"lt-LT","@id":"https:\/\/sparkhdw.com\/manufacturer\/steel-frame-with-glass\/#primaryimage","url":"https:\/\/sparkhdw.com\/wp-content\/uploads\/2024\/05\/Steel-frame-with-glass-doors.webp","contentUrl":"https:\/\/sparkhdw.com\/wp-content\/uploads\/2024\/05\/Steel-frame-with-glass-doors.webp","width":1000,"height":1000,"caption":"Steel frame with glass doors"},{"@type":"BreadcrumbList","@id":"https:\/\/sparkhdw.com\/manufacturer\/steel-frame-with-glass\/#breadcrumb","itemListElement":[{"@type":"ListItem","position":1,"name":"Home","item":"https:\/\/sparkhdw.com\/"},{"@type":"ListItem","position":2,"name":"Products","item":"https:\/\/sparkhdw.com\/shop\/"},{"@type":"ListItem","position":3,"name":"Steel Frame With Glass"}]},{"@type":"WebSite","@id":"https:\/\/sparkhdw.com\/#website","url":"https:\/\/sparkhdw.com\/","name":"Spark aparat\u016bra","description":"","potentialAction":[{"@type":"SearchAction","target":{"@type":"EntryPoint","urlTemplate":"https:\/\/sparkhdw.com\/?s={search_term_string}"},"query-input":"required name=search_term_string"}],"inLanguage":"lt-LT"}]}},"_links":{"self":[{"href":"https:\/\/sparkhdw.com\/lt\/wp-json\/wp\/v2\/product\/2847"}],"collection":[{"href":"https:\/\/sparkhdw.com\/lt\/wp-json\/wp\/v2\/product"}],"about":[{"href":"https:\/\/sparkhdw.com\/lt\/wp-json\/wp\/v2\/types\/product"}],"replies":[{"embeddable":true,"href":"https:\/\/sparkhdw.com\/lt\/wp-json\/wp\/v2\/comments?post=2847"}],"wp:featuredmedia":[{"embeddable":true,"href":"https:\/\/sparkhdw.com\/lt\/wp-json\/wp\/v2\/media\/2837"}],"wp:attachment":[{"href":"https:\/\/sparkhdw.com\/lt\/wp-json\/wp\/v2\/media?parent=2847"}],"wp:term":[{"taxonomy":"product_cat","embeddable":true,"href":"https:\/\/sparkhdw.com\/lt\/wp-json\/wp\/v2\/product_cat?post=2847"},{"taxonomy":"product_tag","embeddable":true,"href":"https:\/\/sparkhdw.com\/lt\/wp-json\/wp\/v2\/product_tag?post=2847"}],"curies":[{"name":"wp","href":"https:\/\/api.w.org\/{rel}","templated":true}]}}