{"id":2684,"date":"2024-01-16T05:53:17","date_gmt":"2024-01-16T05:53:17","guid":{"rendered":"https:\/\/sparkhdw.com\/?post_type=product&#038;p=2684"},"modified":"2025-03-07T13:36:37","modified_gmt":"2025-03-07T13:36:37","slug":"wooden-door-handles","status":"publish","type":"product","link":"https:\/\/sparkhdw.com\/pt\/manufacturer\/wooden-door-handles\/","title":{"rendered":"Ma\u00e7anetas de madeira"},"content":{"rendered":"<div class=\"container section-title-container\" ><h3 class=\"section-title section-title-center\"><b><\/b><span class=\"section-title-main\" >Especifica\u00e7\u00e3o<\/span><b><\/b><\/h3><\/div>\n<div class=\"row\"  id=\"row-1282883089\">\n\n\t<div id=\"col-115898447\" class=\"col medium-6 small-12 large-6\"  >\n\t\t\t\t<div class=\"col-inner\"  >\n\t\t\t\n\t\t\t\n<table style=\"border-collapse: collapse; width: 524px; height: 301px;\" border=\"0\" width=\"491\" cellspacing=\"0\" cellpadding=\"0\">\n<tbody>\n<tr style=\"height: 25.00pt;\">\n<td class=\"et3\" style=\"height: 25.00pt; width: 114.00pt;\" width=\"228\" height=\"50\">Modelo n\u00e3o.<\/td>\n<td class=\"et4\" style=\"width: 131.50pt;\" width=\"263\">SPK-9640<\/td>\n<\/tr>\n<tr style=\"height: 25.00pt;\">\n<td class=\"et3\" style=\"height: 25.00pt; width: 114.00pt;\" width=\"228\" height=\"50\">Material<\/td>\n<td class=\"et4\" style=\"width: 131.50pt;\" width=\"263\">A\u00e7o inoxid\u00e1vel 304<\/td>\n<\/tr>\n<tr style=\"height: 25.00pt;\">\n<td class=\"et3\" style=\"height: 25.00pt; width: 114.00pt;\" width=\"228\" height=\"50\">Terminar<\/td>\n<td class=\"et4\" style=\"width: 131.50pt;\" width=\"263\">Pincel (US26D), preto<\/td>\n<\/tr>\n<tr style=\"height: 25.00pt;\">\n<td class=\"et3\" style=\"height: 25.00pt; width: 114.00pt;\" width=\"228\" height=\"50\">Tamanho total<\/td>\n<td class=\"et4\" style=\"width: 131.50pt;\" width=\"263\">12\u2033<\/td>\n<\/tr>\n<tr style=\"height: 25.00pt;\">\n<td class=\"et3\" style=\"height: 25.00pt; width: 114.00pt;\" width=\"228\" height=\"50\">CTC<\/td>\n<td class=\"et4\" style=\"width: 131.50pt;\" width=\"263\">9\u2033<\/td>\n<\/tr>\n<tr style=\"height: 25.00pt;\">\n<td class=\"et5\" style=\"height: 25.00pt;\" height=\"50\">Quantidade m\u00ednima<\/td>\n<td class=\"et6\">20 unidades<\/td>\n<\/tr>\n<tr style=\"height: 26.00pt;\">\n<td class=\"et5\" style=\"height: 26.00pt;\" height=\"52\">Aplicativo<\/td>\n<td class=\"et6\">Portas de madeira 35mm-45mm<\/td>\n<\/tr>\n<\/tbody>\n<\/table>\n\t\t<\/div>\n\t\t\t\t\t<\/div>\n\n\t\n\n\t<div id=\"col-622785957\" class=\"col medium-4 small-12 large-4\"  >\n\t\t\t\t<div class=\"col-inner\"  >\n\t\t\t\n\t\t\t\n\t<div class=\"img has-hover x md-x lg-x y md-y lg-y\" id=\"image_386483628\">\n\t\t\t\t\t\t\t\t<div class=\"img-inner dark\" >\n\t\t\t<img width=\"768\" height=\"1024\" src=\"https:\/\/sparkhdw.com\/wp-content\/uploads\/2024\/01\/wooden-door-handle-SPK-9640-768x1024.webp\" class=\"attachment-large size-large\" alt=\"ma\u00e7aneta para porta de madeira SPK-9640\" decoding=\"async\" loading=\"lazy\" srcset=\"https:\/\/sparkhdw.com\/wp-content\/uploads\/2024\/01\/wooden-door-handle-SPK-9640-768x1024.webp 768w, https:\/\/sparkhdw.com\/wp-content\/uploads\/2024\/01\/wooden-door-handle-SPK-9640-225x300.webp 225w, https:\/\/sparkhdw.com\/wp-content\/uploads\/2024\/01\/wooden-door-handle-SPK-9640-600x800.webp 600w, https:\/\/sparkhdw.com\/wp-content\/uploads\/2024\/01\/wooden-door-handle-SPK-9640.webp 1000w\" sizes=\"(max-width: 768px) 100vw, 768px\" \/>\t\t\t\t\t\t\n\t\t\t\t\t<\/div>\n\t\t\t\t\t\t\t\t\n<style>\n#image_386483628 {\n  width: 100%;\n}\n<\/style>\n\t<\/div>\n\t\n\t\t<\/div>\n\t\t\t\t\t<\/div>\n\n\t\n<\/div>","protected":false},"excerpt":{"rendered":"<p>Modelo n\u00ba: SPK-9640<br \/>\nAl\u00e7as de a\u00e7o inoxid\u00e1vel escovado<br \/>\nPode ser acomodado com espessura de portas de madeira de 35-45 mm<br \/>\nMontagem lateral \u00fanica e montagem costas com costas est\u00e3o dispon\u00edveis<\/p>","protected":false},"featured_media":2584,"comment_status":"open","ping_status":"closed","template":"","meta":[],"product_cat":[45],"product_tag":[],"yoast_head":"<!-- This site is optimized with the Yoast SEO plugin v22.6 - https:\/\/yoast.com\/wordpress\/plugins\/seo\/ -->\n<title>Wooden Door Handles - Spark Hardware<\/title>\n<meta name=\"description\" content=\"Choose us as your reliable Chinese vendor for wooden door handles and experience the perfect fusion of craftsmanship and dependability.\" \/>\n<meta name=\"robots\" content=\"index, follow, max-snippet:-1, max-image-preview:large, max-video-preview:-1\" \/>\n<link rel=\"canonical\" href=\"https:\/\/sparkhdw.com\/pt\/manufacturer\/wooden-door-handles\/\" \/>\n<meta property=\"og:locale\" content=\"pt_PT\" \/>\n<meta property=\"og:type\" content=\"article\" \/>\n<meta property=\"og:title\" content=\"Wooden Door Handles - Spark Hardware\" \/>\n<meta property=\"og:description\" content=\"Choose us as your reliable Chinese vendor for wooden door handles and experience the perfect fusion of craftsmanship and dependability.\" \/>\n<meta property=\"og:url\" content=\"https:\/\/sparkhdw.com\/pt\/manufacturer\/wooden-door-handles\/\" \/>\n<meta property=\"og:site_name\" content=\"Spark Hardware\" \/>\n<meta property=\"article:modified_time\" content=\"2025-03-07T13:36:37+00:00\" \/>\n<meta property=\"og:image\" content=\"https:\/\/sparkhdw.com\/wp-content\/uploads\/2024\/01\/Single-Sided-Ladder-Pulls.webp\" \/>\n\t<meta property=\"og:image:width\" content=\"1000\" \/>\n\t<meta property=\"og:image:height\" content=\"1000\" \/>\n\t<meta property=\"og:image:type\" content=\"image\/webp\" \/>\n<meta name=\"twitter:card\" content=\"summary_large_image\" \/>\n<meta name=\"twitter:label1\" content=\"Est. reading time\" \/>\n\t<meta name=\"twitter:data1\" content=\"1 minuto\" \/>\n<script type=\"application\/ld+json\" class=\"yoast-schema-graph\">{\"@context\":\"https:\/\/schema.org\",\"@graph\":[{\"@type\":\"WebPage\",\"@id\":\"https:\/\/sparkhdw.com\/manufacturer\/wooden-door-handles\/\",\"url\":\"https:\/\/sparkhdw.com\/manufacturer\/wooden-door-handles\/\",\"name\":\"Wooden Door Handles - Spark Hardware\",\"isPartOf\":{\"@id\":\"https:\/\/sparkhdw.com\/#website\"},\"primaryImageOfPage\":{\"@id\":\"https:\/\/sparkhdw.com\/manufacturer\/wooden-door-handles\/#primaryimage\"},\"image\":{\"@id\":\"https:\/\/sparkhdw.com\/manufacturer\/wooden-door-handles\/#primaryimage\"},\"thumbnailUrl\":\"https:\/\/sparkhdw.com\/wp-content\/uploads\/2024\/01\/Single-Sided-Ladder-Pulls.webp\",\"datePublished\":\"2024-01-16T05:53:17+00:00\",\"dateModified\":\"2025-03-07T13:36:37+00:00\",\"description\":\"Choose us as your reliable Chinese vendor for wooden door handles and experience the perfect fusion of craftsmanship and dependability.\",\"breadcrumb\":{\"@id\":\"https:\/\/sparkhdw.com\/manufacturer\/wooden-door-handles\/#breadcrumb\"},\"inLanguage\":\"pt-PT\",\"potentialAction\":[{\"@type\":\"ReadAction\",\"target\":[\"https:\/\/sparkhdw.com\/manufacturer\/wooden-door-handles\/\"]}]},{\"@type\":\"ImageObject\",\"inLanguage\":\"pt-PT\",\"@id\":\"https:\/\/sparkhdw.com\/manufacturer\/wooden-door-handles\/#primaryimage\",\"url\":\"https:\/\/sparkhdw.com\/wp-content\/uploads\/2024\/01\/Single-Sided-Ladder-Pulls.webp\",\"contentUrl\":\"https:\/\/sparkhdw.com\/wp-content\/uploads\/2024\/01\/Single-Sided-Ladder-Pulls.webp\",\"width\":1000,\"height\":1000,\"caption\":\"interior sliding wooden door handles\"},{\"@type\":\"BreadcrumbList\",\"@id\":\"https:\/\/sparkhdw.com\/manufacturer\/wooden-door-handles\/#breadcrumb\",\"itemListElement\":[{\"@type\":\"ListItem\",\"position\":1,\"name\":\"Home\",\"item\":\"https:\/\/sparkhdw.com\/\"},{\"@type\":\"ListItem\",\"position\":2,\"name\":\"Products\",\"item\":\"https:\/\/sparkhdw.com\/shop\/\"},{\"@type\":\"ListItem\",\"position\":3,\"name\":\"Wooden Door Handles\"}]},{\"@type\":\"WebSite\",\"@id\":\"https:\/\/sparkhdw.com\/#website\",\"url\":\"https:\/\/sparkhdw.com\/\",\"name\":\"Spark Hardware\",\"description\":\"\",\"potentialAction\":[{\"@type\":\"SearchAction\",\"target\":{\"@type\":\"EntryPoint\",\"urlTemplate\":\"https:\/\/sparkhdw.com\/?s={search_term_string}\"},\"query-input\":\"required name=search_term_string\"}],\"inLanguage\":\"pt-PT\"}]}<\/script>\n<!-- \/ Yoast SEO plugin. -->","yoast_head_json":{"title":"Ma\u00e7anetas de madeira - Spark Hardware","description":"Escolha-nos como seu fornecedor chin\u00eas confi\u00e1vel de ma\u00e7anetas de madeira e experimente a fus\u00e3o perfeita de artesanato e confiabilidade.","robots":{"index":"index","follow":"follow","max-snippet":"max-snippet:-1","max-image-preview":"max-image-preview:large","max-video-preview":"max-video-preview:-1"},"canonical":"https:\/\/sparkhdw.com\/pt\/manufacturer\/wooden-door-handles\/","og_locale":"pt_PT","og_type":"article","og_title":"Wooden Door Handles - Spark Hardware","og_description":"Choose us as your reliable Chinese vendor for wooden door handles and experience the perfect fusion of craftsmanship and dependability.","og_url":"https:\/\/sparkhdw.com\/pt\/manufacturer\/wooden-door-handles\/","og_site_name":"Spark Hardware","article_modified_time":"2025-03-07T13:36:37+00:00","og_image":[{"width":1000,"height":1000,"url":"https:\/\/sparkhdw.com\/wp-content\/uploads\/2024\/01\/Single-Sided-Ladder-Pulls.webp","type":"image\/webp"}],"twitter_card":"summary_large_image","twitter_misc":{"Est. reading time":"1 minuto"},"schema":{"@context":"https:\/\/schema.org","@graph":[{"@type":"WebPage","@id":"https:\/\/sparkhdw.com\/manufacturer\/wooden-door-handles\/","url":"https:\/\/sparkhdw.com\/manufacturer\/wooden-door-handles\/","name":"Ma\u00e7anetas de madeira - Spark Hardware","isPartOf":{"@id":"https:\/\/sparkhdw.com\/#website"},"primaryImageOfPage":{"@id":"https:\/\/sparkhdw.com\/manufacturer\/wooden-door-handles\/#primaryimage"},"image":{"@id":"https:\/\/sparkhdw.com\/manufacturer\/wooden-door-handles\/#primaryimage"},"thumbnailUrl":"https:\/\/sparkhdw.com\/wp-content\/uploads\/2024\/01\/Single-Sided-Ladder-Pulls.webp","datePublished":"2024-01-16T05:53:17+00:00","dateModified":"2025-03-07T13:36:37+00:00","description":"Escolha-nos como seu fornecedor chin\u00eas confi\u00e1vel de ma\u00e7anetas de madeira e experimente a fus\u00e3o perfeita de artesanato e confiabilidade.","breadcrumb":{"@id":"https:\/\/sparkhdw.com\/manufacturer\/wooden-door-handles\/#breadcrumb"},"inLanguage":"pt-PT","potentialAction":[{"@type":"ReadAction","target":["https:\/\/sparkhdw.com\/manufacturer\/wooden-door-handles\/"]}]},{"@type":"ImageObject","inLanguage":"pt-PT","@id":"https:\/\/sparkhdw.com\/manufacturer\/wooden-door-handles\/#primaryimage","url":"https:\/\/sparkhdw.com\/wp-content\/uploads\/2024\/01\/Single-Sided-Ladder-Pulls.webp","contentUrl":"https:\/\/sparkhdw.com\/wp-content\/uploads\/2024\/01\/Single-Sided-Ladder-Pulls.webp","width":1000,"height":1000,"caption":"interior sliding wooden door handles"},{"@type":"BreadcrumbList","@id":"https:\/\/sparkhdw.com\/manufacturer\/wooden-door-handles\/#breadcrumb","itemListElement":[{"@type":"ListItem","position":1,"name":"Home","item":"https:\/\/sparkhdw.com\/"},{"@type":"ListItem","position":2,"name":"Products","item":"https:\/\/sparkhdw.com\/shop\/"},{"@type":"ListItem","position":3,"name":"Wooden Door Handles"}]},{"@type":"WebSite","@id":"https:\/\/sparkhdw.com\/#website","url":"https:\/\/sparkhdw.com\/","name":"Hardware Spark","description":"","potentialAction":[{"@type":"SearchAction","target":{"@type":"EntryPoint","urlTemplate":"https:\/\/sparkhdw.com\/?s={search_term_string}"},"query-input":"required name=search_term_string"}],"inLanguage":"pt-PT"}]}},"_links":{"self":[{"href":"https:\/\/sparkhdw.com\/pt\/wp-json\/wp\/v2\/product\/2684"}],"collection":[{"href":"https:\/\/sparkhdw.com\/pt\/wp-json\/wp\/v2\/product"}],"about":[{"href":"https:\/\/sparkhdw.com\/pt\/wp-json\/wp\/v2\/types\/product"}],"replies":[{"embeddable":true,"href":"https:\/\/sparkhdw.com\/pt\/wp-json\/wp\/v2\/comments?post=2684"}],"wp:featuredmedia":[{"embeddable":true,"href":"https:\/\/sparkhdw.com\/pt\/wp-json\/wp\/v2\/media\/2584"}],"wp:attachment":[{"href":"https:\/\/sparkhdw.com\/pt\/wp-json\/wp\/v2\/media?parent=2684"}],"wp:term":[{"taxonomy":"product_cat","embeddable":true,"href":"https:\/\/sparkhdw.com\/pt\/wp-json\/wp\/v2\/product_cat?post=2684"},{"taxonomy":"product_tag","embeddable":true,"href":"https:\/\/sparkhdw.com\/pt\/wp-json\/wp\/v2\/product_tag?post=2684"}],"curies":[{"name":"wp","href":"https:\/\/api.w.org\/{rel}","templated":true}]}}