{"id":2600,"date":"2024-01-09T05:39:03","date_gmt":"2024-01-09T05:39:03","guid":{"rendered":"https:\/\/sparkhdw.com\/?post_type=product&#038;p=2600"},"modified":"2025-06-06T02:01:57","modified_gmt":"2025-06-06T02:01:57","slug":"black-door-handles","status":"publish","type":"product","link":"https:\/\/sparkhdw.com\/ro\/manufacturer\/black-door-handles\/","title":{"rendered":"M\u00e2nere negre ale u\u0219ii"},"content":{"rendered":"<div class=\"container section-title-container\" ><h3 class=\"section-title section-title-center\"><b><\/b><span class=\"section-title-main\" >Caracteristici<\/span><b><\/b><\/h3><\/div>\n<ul>\n<li>Trece testul la izvoare s\u0103rate de 48 de ore.<\/li>\n<li>Garan\u021bie de 5 ani.<\/li>\n<li>Dimensiunea \u0219i finisajul suprafe\u021bei pot fi personalizate la cerere.\u00a0<\/li>\n<li>O alegere bun\u0103 pentru u\u0219i de hambar \u0219i alte u\u0219i din lemn.<\/li>\n<\/ul>\n<p>M\u00e2nerele u\u0219ilor de hambar, versatile \u0219i elegante, servesc drept accesorii esen\u021biale pentru u\u0219ile glisante de hambar. Aceste m\u00e2nere nu numai c\u0103 ofer\u0103 o prindere convenabil\u0103 pentru o ac\u021bionare u\u0219oar\u0103 a u\u0219ii, dar contribuie \u0219i la atractivitatea estetic\u0103 a designului general. Fie c\u0103 este vorba de spa\u021bii reziden\u021biale sau comerciale, m\u00e2nerele u\u0219ilor de hambar sporesc func\u021bionalitatea, ad\u0103ug\u00e2nd \u00een acela\u0219i timp o not\u0103 de farmec rustic sau modern interioarelor. Explora\u021bi colec\u021bia noastr\u0103 pentru a descoperi m\u00e2nere durabile \u0219i pl\u0103cute din punct de vedere estetic care sporesc func\u021bionalitatea \u0219i aspectul u\u0219ilor glisante.<\/p>","protected":false},"excerpt":{"rendered":"<p>Model No.: SPK-9319<br \/>\nCarbon steel with black powder coated<br \/>\nUsed on wooden doors<br \/>\n1-3\/16\u2033 \u2013 2-5\/32\u2033 [30mm-55mm] Door Thickness<\/p>\n","protected":false},"featured_media":2556,"comment_status":"open","ping_status":"closed","template":"","meta":[],"product_cat":[45],"product_tag":[],"yoast_head":"<!-- This site is optimized with the Yoast SEO plugin v22.6 - https:\/\/yoast.com\/wordpress\/plugins\/seo\/ -->\n<title>Black Door Handles - Spark Hardware<\/title>\n<meta name=\"description\" content=\"Discover excellence in sliding door handles with our top salers. Spark Hardware provide high-quality handles for smooth and stylish door solutions.\" \/>\n<meta name=\"robots\" content=\"index, follow, max-snippet:-1, max-image-preview:large, max-video-preview:-1\" \/>\n<link rel=\"canonical\" href=\"https:\/\/sparkhdw.com\/ro\/manufacturer\/black-door-handles\/\" \/>\n<meta property=\"og:locale\" content=\"ro_RO\" \/>\n<meta property=\"og:type\" content=\"article\" \/>\n<meta property=\"og:title\" content=\"Black Door Handles - Spark Hardware\" \/>\n<meta property=\"og:description\" content=\"Discover excellence in sliding door handles with our top salers. Spark Hardware provide high-quality handles for smooth and stylish door solutions.\" \/>\n<meta property=\"og:url\" content=\"https:\/\/sparkhdw.com\/ro\/manufacturer\/black-door-handles\/\" \/>\n<meta property=\"og:site_name\" content=\"Spark Hardware\" \/>\n<meta property=\"article:modified_time\" content=\"2025-06-06T02:01:57+00:00\" \/>\n<meta property=\"og:image\" content=\"https:\/\/sparkhdw.com\/wp-content\/uploads\/2024\/01\/black-modern-door-handles.webp\" \/>\n\t<meta property=\"og:image:width\" content=\"1000\" \/>\n\t<meta property=\"og:image:height\" content=\"1000\" \/>\n\t<meta property=\"og:image:type\" content=\"image\/webp\" \/>\n<meta name=\"twitter:card\" content=\"summary_large_image\" \/>\n<script type=\"application\/ld+json\" class=\"yoast-schema-graph\">{\"@context\":\"https:\/\/schema.org\",\"@graph\":[{\"@type\":\"WebPage\",\"@id\":\"https:\/\/sparkhdw.com\/manufacturer\/black-door-handles\/\",\"url\":\"https:\/\/sparkhdw.com\/manufacturer\/black-door-handles\/\",\"name\":\"Black Door Handles - Spark Hardware\",\"isPartOf\":{\"@id\":\"https:\/\/sparkhdw.com\/#website\"},\"primaryImageOfPage\":{\"@id\":\"https:\/\/sparkhdw.com\/manufacturer\/black-door-handles\/#primaryimage\"},\"image\":{\"@id\":\"https:\/\/sparkhdw.com\/manufacturer\/black-door-handles\/#primaryimage\"},\"thumbnailUrl\":\"https:\/\/sparkhdw.com\/wp-content\/uploads\/2024\/01\/black-modern-door-handles.webp\",\"datePublished\":\"2024-01-09T05:39:03+00:00\",\"dateModified\":\"2025-06-06T02:01:57+00:00\",\"description\":\"Discover excellence in sliding door handles with our top salers. Spark Hardware provide high-quality handles for smooth and stylish door solutions.\",\"breadcrumb\":{\"@id\":\"https:\/\/sparkhdw.com\/manufacturer\/black-door-handles\/#breadcrumb\"},\"inLanguage\":\"ro-RO\",\"potentialAction\":[{\"@type\":\"ReadAction\",\"target\":[\"https:\/\/sparkhdw.com\/manufacturer\/black-door-handles\/\"]}]},{\"@type\":\"ImageObject\",\"inLanguage\":\"ro-RO\",\"@id\":\"https:\/\/sparkhdw.com\/manufacturer\/black-door-handles\/#primaryimage\",\"url\":\"https:\/\/sparkhdw.com\/wp-content\/uploads\/2024\/01\/black-modern-door-handles.webp\",\"contentUrl\":\"https:\/\/sparkhdw.com\/wp-content\/uploads\/2024\/01\/black-modern-door-handles.webp\",\"width\":1000,\"height\":1000,\"caption\":\"black modern door handles\"},{\"@type\":\"BreadcrumbList\",\"@id\":\"https:\/\/sparkhdw.com\/manufacturer\/black-door-handles\/#breadcrumb\",\"itemListElement\":[{\"@type\":\"ListItem\",\"position\":1,\"name\":\"Home\",\"item\":\"https:\/\/sparkhdw.com\/\"},{\"@type\":\"ListItem\",\"position\":2,\"name\":\"Products\",\"item\":\"https:\/\/sparkhdw.com\/shop\/\"},{\"@type\":\"ListItem\",\"position\":3,\"name\":\"Black Door Handles\"}]},{\"@type\":\"WebSite\",\"@id\":\"https:\/\/sparkhdw.com\/#website\",\"url\":\"https:\/\/sparkhdw.com\/\",\"name\":\"Spark Hardware\",\"description\":\"\",\"potentialAction\":[{\"@type\":\"SearchAction\",\"target\":{\"@type\":\"EntryPoint\",\"urlTemplate\":\"https:\/\/sparkhdw.com\/?s={search_term_string}\"},\"query-input\":\"required name=search_term_string\"}],\"inLanguage\":\"ro-RO\"}]}<\/script>\n<!-- \/ Yoast SEO plugin. -->","yoast_head_json":{"title":"M\u00e2nere negre pentru u\u0219i - Spark Hardware","description":"Descoperi\u021bi excelen\u021ba \u00een m\u00e2nerele u\u0219ilor glisante cu cei mai buni v\u00e2nz\u0103tori ai no\u0219tri. Spark Hardware ofer\u0103 m\u00e2nere de \u00eenalt\u0103 calitate pentru solu\u021bii elegante \u0219i elegante pentru u\u0219i.","robots":{"index":"index","follow":"follow","max-snippet":"max-snippet:-1","max-image-preview":"max-image-preview:large","max-video-preview":"max-video-preview:-1"},"canonical":"https:\/\/sparkhdw.com\/ro\/manufacturer\/black-door-handles\/","og_locale":"ro_RO","og_type":"article","og_title":"Black Door Handles - Spark Hardware","og_description":"Discover excellence in sliding door handles with our top salers. Spark Hardware provide high-quality handles for smooth and stylish door solutions.","og_url":"https:\/\/sparkhdw.com\/ro\/manufacturer\/black-door-handles\/","og_site_name":"Spark Hardware","article_modified_time":"2025-06-06T02:01:57+00:00","og_image":[{"width":1000,"height":1000,"url":"https:\/\/sparkhdw.com\/wp-content\/uploads\/2024\/01\/black-modern-door-handles.webp","type":"image\/webp"}],"twitter_card":"summary_large_image","schema":{"@context":"https:\/\/schema.org","@graph":[{"@type":"WebPage","@id":"https:\/\/sparkhdw.com\/manufacturer\/black-door-handles\/","url":"https:\/\/sparkhdw.com\/manufacturer\/black-door-handles\/","name":"M\u00e2nere negre pentru u\u0219i - Spark Hardware","isPartOf":{"@id":"https:\/\/sparkhdw.com\/#website"},"primaryImageOfPage":{"@id":"https:\/\/sparkhdw.com\/manufacturer\/black-door-handles\/#primaryimage"},"image":{"@id":"https:\/\/sparkhdw.com\/manufacturer\/black-door-handles\/#primaryimage"},"thumbnailUrl":"https:\/\/sparkhdw.com\/wp-content\/uploads\/2024\/01\/black-modern-door-handles.webp","datePublished":"2024-01-09T05:39:03+00:00","dateModified":"2025-06-06T02:01:57+00:00","description":"Descoperi\u021bi excelen\u021ba \u00een m\u00e2nerele u\u0219ilor glisante cu cei mai buni v\u00e2nz\u0103tori ai no\u0219tri. Spark Hardware ofer\u0103 m\u00e2nere de \u00eenalt\u0103 calitate pentru solu\u021bii elegante \u0219i elegante pentru u\u0219i.","breadcrumb":{"@id":"https:\/\/sparkhdw.com\/manufacturer\/black-door-handles\/#breadcrumb"},"inLanguage":"ro-RO","potentialAction":[{"@type":"ReadAction","target":["https:\/\/sparkhdw.com\/manufacturer\/black-door-handles\/"]}]},{"@type":"ImageObject","inLanguage":"ro-RO","@id":"https:\/\/sparkhdw.com\/manufacturer\/black-door-handles\/#primaryimage","url":"https:\/\/sparkhdw.com\/wp-content\/uploads\/2024\/01\/black-modern-door-handles.webp","contentUrl":"https:\/\/sparkhdw.com\/wp-content\/uploads\/2024\/01\/black-modern-door-handles.webp","width":1000,"height":1000,"caption":"black modern door handles"},{"@type":"BreadcrumbList","@id":"https:\/\/sparkhdw.com\/manufacturer\/black-door-handles\/#breadcrumb","itemListElement":[{"@type":"ListItem","position":1,"name":"Home","item":"https:\/\/sparkhdw.com\/"},{"@type":"ListItem","position":2,"name":"Products","item":"https:\/\/sparkhdw.com\/shop\/"},{"@type":"ListItem","position":3,"name":"Black Door Handles"}]},{"@type":"WebSite","@id":"https:\/\/sparkhdw.com\/#website","url":"https:\/\/sparkhdw.com\/","name":"Hardware Spark","description":"","potentialAction":[{"@type":"SearchAction","target":{"@type":"EntryPoint","urlTemplate":"https:\/\/sparkhdw.com\/?s={search_term_string}"},"query-input":"required name=search_term_string"}],"inLanguage":"ro-RO"}]}},"_links":{"self":[{"href":"https:\/\/sparkhdw.com\/ro\/wp-json\/wp\/v2\/product\/2600"}],"collection":[{"href":"https:\/\/sparkhdw.com\/ro\/wp-json\/wp\/v2\/product"}],"about":[{"href":"https:\/\/sparkhdw.com\/ro\/wp-json\/wp\/v2\/types\/product"}],"replies":[{"embeddable":true,"href":"https:\/\/sparkhdw.com\/ro\/wp-json\/wp\/v2\/comments?post=2600"}],"wp:featuredmedia":[{"embeddable":true,"href":"https:\/\/sparkhdw.com\/ro\/wp-json\/wp\/v2\/media\/2556"}],"wp:attachment":[{"href":"https:\/\/sparkhdw.com\/ro\/wp-json\/wp\/v2\/media?parent=2600"}],"wp:term":[{"taxonomy":"product_cat","embeddable":true,"href":"https:\/\/sparkhdw.com\/ro\/wp-json\/wp\/v2\/product_cat?post=2600"},{"taxonomy":"product_tag","embeddable":true,"href":"https:\/\/sparkhdw.com\/ro\/wp-json\/wp\/v2\/product_tag?post=2600"}],"curies":[{"name":"wp","href":"https:\/\/api.w.org\/{rel}","templated":true}]}}