{"id":2603,"date":"2024-01-09T05:59:45","date_gmt":"2024-01-09T05:59:45","guid":{"rendered":"https:\/\/sparkhdw.com\/?post_type=product&#038;p=2603"},"modified":"2024-08-23T05:45:20","modified_gmt":"2024-08-23T05:45:20","slug":"antique-door-pulls","status":"publish","type":"product","link":"https:\/\/sparkhdw.com\/ro\/manufacturer\/antique-door-pulls\/","title":{"rendered":"Tragere de usi antice"},"content":{"rendered":"<div class=\"container section-title-container\" ><h3 class=\"section-title section-title-center\"><b><\/b><span class=\"section-title-main\" >Specifica\u021bie<\/span><b><\/b><\/h3><\/div>\n<div class=\"row\"  id=\"row-2097677825\">\n\n\t<div id=\"col-489302115\" class=\"col medium-6 small-12 large-6\"  >\n\t\t\t\t<div class=\"col-inner\"  >\n\t\t\t\n\t\t\t\n<table style=\"border-collapse: collapse; width: 245.53pt;\" border=\"0\" width=\"491\" cellspacing=\"0\" cellpadding=\"0\">\n<tbody>\n<tr style=\"height: 25.00pt;\">\n<td class=\"et3\" style=\"height: 25.00pt; width: 114.00pt;\" width=\"228\" height=\"50\">Numarul modelului.<\/td>\n<td class=\"et4\" style=\"width: 131.50pt;\" width=\"263\">SPK-9318<\/td>\n<\/tr>\n<tr style=\"height: 25.00pt;\">\n<td class=\"et3\" style=\"height: 25.00pt; width: 114.00pt;\" width=\"228\" height=\"50\">Material<\/td>\n<td class=\"et4\" style=\"width: 131.50pt;\" width=\"263\">Otel carbon<\/td>\n<\/tr>\n<tr style=\"height: 25.00pt;\">\n<td class=\"et3\" style=\"height: 25.00pt; width: 114.00pt;\" width=\"228\" height=\"50\">finalizarea<\/td>\n<td class=\"et4\" style=\"width: 131.50pt;\" width=\"263\">Vopsit cu pulbere neagr\u0103<\/td>\n<\/tr>\n<tr style=\"height: 25.00pt;\">\n<td class=\"et3\" style=\"height: 25.00pt; width: 114.00pt;\" width=\"228\" height=\"50\">Fixare<\/td>\n<td class=\"et4\" style=\"width: 131.50pt;\" width=\"263\">O singur\u0103 parte<\/td>\n<\/tr>\n<tr style=\"height: 25.00pt;\">\n<td class=\"et3\" style=\"height: 25.00pt; width: 114.00pt;\" width=\"228\" height=\"50\">Accesorii incluse<\/td>\n<td class=\"et4\" style=\"width: 131.50pt;\" width=\"263\">\u0218uruburi<\/td>\n<\/tr>\n<tr style=\"height: 25.00pt;\">\n<td class=\"et5\" style=\"height: 25.00pt;\" height=\"50\">MOQ<\/td>\n<td class=\"et6\">20 buc<\/td>\n<\/tr>\n<tr style=\"height: 26.00pt;\">\n<td class=\"et5\" style=\"height: 26.00pt;\" height=\"52\">Aplica\u021bie<\/td>\n<td class=\"et6\">U\u0219i din lemn<\/td>\n<\/tr>\n<\/tbody>\n<\/table>\n\t\t<\/div>\n\t\t\t\t\t<\/div>\n\n\t\n\n\t<div id=\"col-1494197070\" class=\"col medium-4 small-12 large-4\"  >\n\t\t\t\t<div class=\"col-inner\"  >\n\t\t\t\n\t\t\t\n\t<div class=\"img has-hover x md-x lg-x y md-y lg-y\" id=\"image_1197787010\">\n\t\t\t\t\t\t\t\t<div class=\"img-inner dark\" >\n\t\t\t<img width=\"400\" height=\"381\" src=\"https:\/\/sparkhdw.com\/wp-content\/uploads\/2024\/01\/barn-door-pulls-dimension-drawing.webp\" class=\"attachment-large size-large\" alt=\"u\u0219a hambar trage desen cota\" decoding=\"async\" loading=\"lazy\" srcset=\"https:\/\/sparkhdw.com\/wp-content\/uploads\/2024\/01\/barn-door-pulls-dimension-drawing.webp 400w, https:\/\/sparkhdw.com\/wp-content\/uploads\/2024\/01\/barn-door-pulls-dimension-drawing-300x286.webp 300w\" sizes=\"(max-width: 400px) 100vw, 400px\" \/>\t\t\t\t\t\t\n\t\t\t\t\t<\/div>\n\t\t\t\t\t\t\t\t\n<style>\n#image_1197787010 {\n  width: 100%;\n}\n<\/style>\n\t<\/div>\n\t\n\t\t<\/div>\n\t\t\t\t\t<\/div>\n\n\t\n<\/div>\n\t<section class=\"section\" id=\"section_1713978455\">\n\t\t<div class=\"bg section-bg fill bg-fill  bg-loaded\" >\n\n\t\t\t\n\t\t\t\n\t\t\t\n\n\t\t<\/div>\n\n\t\t\n\n\t\t<div class=\"section-content relative\">\n\t\t\t\n<div class=\"container section-title-container\" ><h3 class=\"section-title section-title-center\"><b><\/b><span class=\"section-title-main\" >Imaginea produsului<\/span><b><\/b><\/h3><\/div>\n<div class=\"row\"  id=\"row-730331799\">\n\n\t<div id=\"col-40872769\" class=\"col medium-4 small-12 large-4\"  >\n\t\t\t\t<div class=\"col-inner\"  >\n\t\t\t\n\t\t\t\n<p>V\u0103 prezent\u0103m colec\u021bia noastr\u0103 premium de trageri pentru u\u0219i Black Barn, unde func\u021bionalitatea se \u00eent\u00e2lne\u0219te cu sofisticarea. Fabricate cu precizie, aceste trageri nu numai c\u0103 ofer\u0103 o prindere solid\u0103 pentru o func\u021bionare lin\u0103 a u\u0219ii, dar adaug\u0103 \u0219i o not\u0103 de elegan\u021b\u0103 contemporan\u0103 oric\u0103rui spa\u021biu. Finisajul negru elegant \u00eembun\u0103t\u0103\u021be\u0219te estetica general\u0103, f\u0103c\u00e2nd o declara\u021bie \u00eendr\u0103znea\u021b\u0103 \u00een designul modern. Durabile, elegante \u0219i versatile, tr\u0103gurile noastre pentru u\u0219i de hambar negre sunt alegerea perfect\u0103 pentru cei care doresc s\u0103 ridice at\u00e2t forma, c\u00e2t \u0219i func\u021bia u\u0219ilor glisante. \u00cembun\u0103t\u0103\u021be\u0219te-\u021bi spa\u021biul cu aceste trageri distinctive care \u00eembin\u0103 perfect designul \u0219i utilitatea.<\/p>\n\t\t<\/div>\n\t\t\t\t\t<\/div>\n\n\t\n\n\t<div id=\"col-1157838207\" class=\"col medium-4 small-12 large-4\"  >\n\t\t\t\t<div class=\"col-inner\"  >\n\t\t\t\n\t\t\t\n\t<div class=\"img has-hover x md-x lg-x y md-y lg-y\" id=\"image_2104244641\">\n\t\t\t\t\t\t\t\t<div class=\"img-inner dark\" >\n\t\t\t<img width=\"265\" height=\"404\" src=\"https:\/\/sparkhdw.com\/wp-content\/uploads\/2024\/01\/rustic-barn-door-handles.webp\" class=\"attachment-large size-large\" alt=\"manere rustice usi hambar\" decoding=\"async\" loading=\"lazy\" srcset=\"https:\/\/sparkhdw.com\/wp-content\/uploads\/2024\/01\/rustic-barn-door-handles.webp 265w, https:\/\/sparkhdw.com\/wp-content\/uploads\/2024\/01\/rustic-barn-door-handles-197x300.webp 197w\" sizes=\"(max-width: 265px) 100vw, 265px\" \/>\t\t\t\t\t\t\n\t\t\t\t\t<\/div>\n\t\t\t\t\t\t\t\t\n<style>\n#image_2104244641 {\n  width: 100%;\n}\n<\/style>\n\t<\/div>\n\t\n\t\t<\/div>\n\t\t\t\t\t<\/div>\n\n\t\n\n\t<div id=\"col-1220554234\" class=\"col medium-4 small-12 large-4\"  >\n\t\t\t\t<div class=\"col-inner\"  >\n\t\t\t\n\t\t\t\n\t<div class=\"img has-hover x md-x lg-x y md-y lg-y\" id=\"image_448306410\">\n\t\t\t\t\t\t\t\t<div class=\"img-inner dark\" >\n\t\t\t<img width=\"1000\" height=\"1000\" src=\"https:\/\/sparkhdw.com\/wp-content\/uploads\/2024\/01\/pull-door-handles.webp\" class=\"attachment-large size-large\" alt=\"trage m\u00e2nerele u\u0219ilor\" decoding=\"async\" loading=\"lazy\" srcset=\"https:\/\/sparkhdw.com\/wp-content\/uploads\/2024\/01\/pull-door-handles.webp 1000w, https:\/\/sparkhdw.com\/wp-content\/uploads\/2024\/01\/pull-door-handles-300x300.webp 300w, https:\/\/sparkhdw.com\/wp-content\/uploads\/2024\/01\/pull-door-handles-150x150.webp 150w, https:\/\/sparkhdw.com\/wp-content\/uploads\/2024\/01\/pull-door-handles-768x768.webp 768w, https:\/\/sparkhdw.com\/wp-content\/uploads\/2024\/01\/pull-door-handles-600x600.webp 600w, https:\/\/sparkhdw.com\/wp-content\/uploads\/2024\/01\/pull-door-handles-100x100.webp 100w\" sizes=\"(max-width: 1000px) 100vw, 1000px\" \/>\t\t\t\t\t\t\n\t\t\t\t\t<\/div>\n\t\t\t\t\t\t\t\t\n<style>\n#image_448306410 {\n  width: 72%;\n}\n<\/style>\n\t<\/div>\n\t\n\t<div class=\"img has-hover x md-x lg-x y md-y lg-y\" id=\"image_1569787109\">\n\t\t\t\t\t\t\t\t<div class=\"img-inner dark\" >\n\t\t\t<img width=\"1000\" height=\"1000\" src=\"https:\/\/sparkhdw.com\/wp-content\/uploads\/2024\/01\/farmhouse-door-handles.webp\" class=\"attachment-large size-large\" alt=\"m\u00e2nere u\u0219i de ferm\u0103\" decoding=\"async\" loading=\"lazy\" srcset=\"https:\/\/sparkhdw.com\/wp-content\/uploads\/2024\/01\/farmhouse-door-handles.webp 1000w, https:\/\/sparkhdw.com\/wp-content\/uploads\/2024\/01\/farmhouse-door-handles-300x300.webp 300w, https:\/\/sparkhdw.com\/wp-content\/uploads\/2024\/01\/farmhouse-door-handles-150x150.webp 150w, https:\/\/sparkhdw.com\/wp-content\/uploads\/2024\/01\/farmhouse-door-handles-768x768.webp 768w, https:\/\/sparkhdw.com\/wp-content\/uploads\/2024\/01\/farmhouse-door-handles-600x600.webp 600w, https:\/\/sparkhdw.com\/wp-content\/uploads\/2024\/01\/farmhouse-door-handles-100x100.webp 100w\" sizes=\"(max-width: 1000px) 100vw, 1000px\" \/>\t\t\t\t\t\t\n\t\t\t\t\t<\/div>\n\t\t\t\t\t\t\t\t\n<style>\n#image_1569787109 {\n  width: 73%;\n}\n<\/style>\n\t<\/div>\n\t\n\t\t<\/div>\n\t\t\t\t\t<\/div>\n\n\t\n<\/div>\n\t\t<\/div>\n\n\t\t\n<style>\n#section_1713978455 {\n  padding-top: 30px;\n  padding-bottom: 30px;\n}\n#section_1713978455 .ux-shape-divider--top svg {\n  height: 150px;\n  --divider-top-width: 100%;\n}\n#section_1713978455 .ux-shape-divider--bottom svg {\n  height: 150px;\n  --divider-width: 100%;\n}\n<\/style>\n\t<\/section>","protected":false},"excerpt":{"rendered":"<p>Model Nr.: SPK-9318<br \/>\nO\u021bel carbon acoperit cu pulbere neagr\u0103<br \/>\nSe pot g\u0103zdui cu u\u0219i din lemn de 30-55 mm grosime.<\/p>","protected":false},"featured_media":2554,"comment_status":"open","ping_status":"closed","template":"","meta":[],"product_cat":[45],"product_tag":[],"yoast_head":"<!-- This site is optimized with the Yoast SEO plugin v22.6 - https:\/\/yoast.com\/wordpress\/plugins\/seo\/ -->\n<title>Antique Door Pulls - Spark Hardware<\/title>\n<meta name=\"description\" content=\"Trust us for dependable products and exceptional service. Elevate your offerings by partnering with us. Our barn door handles are best choice for your space\" \/>\n<meta name=\"robots\" content=\"index, follow, max-snippet:-1, max-image-preview:large, max-video-preview:-1\" \/>\n<link rel=\"canonical\" href=\"https:\/\/sparkhdw.com\/ro\/manufacturer\/antique-door-pulls\/\" \/>\n<meta property=\"og:locale\" content=\"ro_RO\" \/>\n<meta property=\"og:type\" content=\"article\" \/>\n<meta property=\"og:title\" content=\"Antique Door Pulls - Spark Hardware\" \/>\n<meta property=\"og:description\" content=\"Trust us for dependable products and exceptional service. Elevate your offerings by partnering with us. Our barn door handles are best choice for your space\" \/>\n<meta property=\"og:url\" content=\"https:\/\/sparkhdw.com\/ro\/manufacturer\/antique-door-pulls\/\" \/>\n<meta property=\"og:site_name\" content=\"Spark Hardware\" \/>\n<meta property=\"article:modified_time\" content=\"2024-08-23T05:45:20+00:00\" \/>\n<meta property=\"og:image\" content=\"https:\/\/sparkhdw.com\/wp-content\/uploads\/2024\/01\/antique-door-pulls-.webp\" \/>\n\t<meta property=\"og:image:width\" content=\"1000\" \/>\n\t<meta property=\"og:image:height\" content=\"1000\" \/>\n\t<meta property=\"og:image:type\" content=\"image\/webp\" \/>\n<meta name=\"twitter:card\" content=\"summary_large_image\" \/>\n<meta name=\"twitter:label1\" content=\"Est. reading time\" \/>\n\t<meta name=\"twitter:data1\" content=\"1 minut\" \/>\n<script type=\"application\/ld+json\" class=\"yoast-schema-graph\">{\"@context\":\"https:\/\/schema.org\",\"@graph\":[{\"@type\":\"WebPage\",\"@id\":\"https:\/\/sparkhdw.com\/manufacturer\/antique-door-pulls\/\",\"url\":\"https:\/\/sparkhdw.com\/manufacturer\/antique-door-pulls\/\",\"name\":\"Antique Door Pulls - Spark Hardware\",\"isPartOf\":{\"@id\":\"https:\/\/sparkhdw.com\/#website\"},\"primaryImageOfPage\":{\"@id\":\"https:\/\/sparkhdw.com\/manufacturer\/antique-door-pulls\/#primaryimage\"},\"image\":{\"@id\":\"https:\/\/sparkhdw.com\/manufacturer\/antique-door-pulls\/#primaryimage\"},\"thumbnailUrl\":\"https:\/\/sparkhdw.com\/wp-content\/uploads\/2024\/01\/antique-door-pulls-.webp\",\"datePublished\":\"2024-01-09T05:59:45+00:00\",\"dateModified\":\"2024-08-23T05:45:20+00:00\",\"description\":\"Trust us for dependable products and exceptional service. Elevate your offerings by partnering with us. Our barn door handles are best choice for your space\",\"breadcrumb\":{\"@id\":\"https:\/\/sparkhdw.com\/manufacturer\/antique-door-pulls\/#breadcrumb\"},\"inLanguage\":\"ro-RO\",\"potentialAction\":[{\"@type\":\"ReadAction\",\"target\":[\"https:\/\/sparkhdw.com\/manufacturer\/antique-door-pulls\/\"]}]},{\"@type\":\"ImageObject\",\"inLanguage\":\"ro-RO\",\"@id\":\"https:\/\/sparkhdw.com\/manufacturer\/antique-door-pulls\/#primaryimage\",\"url\":\"https:\/\/sparkhdw.com\/wp-content\/uploads\/2024\/01\/antique-door-pulls-.webp\",\"contentUrl\":\"https:\/\/sparkhdw.com\/wp-content\/uploads\/2024\/01\/antique-door-pulls-.webp\",\"width\":1000,\"height\":1000,\"caption\":\"antique door pulls\"},{\"@type\":\"BreadcrumbList\",\"@id\":\"https:\/\/sparkhdw.com\/manufacturer\/antique-door-pulls\/#breadcrumb\",\"itemListElement\":[{\"@type\":\"ListItem\",\"position\":1,\"name\":\"Home\",\"item\":\"https:\/\/sparkhdw.com\/\"},{\"@type\":\"ListItem\",\"position\":2,\"name\":\"Products\",\"item\":\"https:\/\/sparkhdw.com\/shop\/\"},{\"@type\":\"ListItem\",\"position\":3,\"name\":\"Antique Door Pulls\"}]},{\"@type\":\"WebSite\",\"@id\":\"https:\/\/sparkhdw.com\/#website\",\"url\":\"https:\/\/sparkhdw.com\/\",\"name\":\"Spark Hardware\",\"description\":\"\",\"potentialAction\":[{\"@type\":\"SearchAction\",\"target\":{\"@type\":\"EntryPoint\",\"urlTemplate\":\"https:\/\/sparkhdw.com\/?s={search_term_string}\"},\"query-input\":\"required name=search_term_string\"}],\"inLanguage\":\"ro-RO\"}]}<\/script>\n<!-- \/ Yoast SEO plugin. -->","yoast_head_json":{"title":"Tragere de u\u0219i antice - Feronerie Spark","description":"Ave\u021bi \u00eencredere \u00een noi pentru produse de \u00eencredere \u0219i servicii excep\u021bionale. Cre\u0219te\u021bi-v\u0103 ofertele prin parteneriat cu noi. M\u00e2nerele u\u0219ilor noastre de hambar sunt cea mai bun\u0103 alegere pentru spa\u021biul dvs","robots":{"index":"index","follow":"follow","max-snippet":"max-snippet:-1","max-image-preview":"max-image-preview:large","max-video-preview":"max-video-preview:-1"},"canonical":"https:\/\/sparkhdw.com\/ro\/manufacturer\/antique-door-pulls\/","og_locale":"ro_RO","og_type":"article","og_title":"Antique Door Pulls - Spark Hardware","og_description":"Trust us for dependable products and exceptional service. Elevate your offerings by partnering with us. Our barn door handles are best choice for your space","og_url":"https:\/\/sparkhdw.com\/ro\/manufacturer\/antique-door-pulls\/","og_site_name":"Spark Hardware","article_modified_time":"2024-08-23T05:45:20+00:00","og_image":[{"width":1000,"height":1000,"url":"https:\/\/sparkhdw.com\/wp-content\/uploads\/2024\/01\/antique-door-pulls-.webp","type":"image\/webp"}],"twitter_card":"summary_large_image","twitter_misc":{"Est. reading time":"1 minut"},"schema":{"@context":"https:\/\/schema.org","@graph":[{"@type":"WebPage","@id":"https:\/\/sparkhdw.com\/manufacturer\/antique-door-pulls\/","url":"https:\/\/sparkhdw.com\/manufacturer\/antique-door-pulls\/","name":"Tragere de u\u0219i antice - Feronerie Spark","isPartOf":{"@id":"https:\/\/sparkhdw.com\/#website"},"primaryImageOfPage":{"@id":"https:\/\/sparkhdw.com\/manufacturer\/antique-door-pulls\/#primaryimage"},"image":{"@id":"https:\/\/sparkhdw.com\/manufacturer\/antique-door-pulls\/#primaryimage"},"thumbnailUrl":"https:\/\/sparkhdw.com\/wp-content\/uploads\/2024\/01\/antique-door-pulls-.webp","datePublished":"2024-01-09T05:59:45+00:00","dateModified":"2024-08-23T05:45:20+00:00","description":"Ave\u021bi \u00eencredere \u00een noi pentru produse de \u00eencredere \u0219i servicii excep\u021bionale. Cre\u0219te\u021bi-v\u0103 ofertele prin parteneriat cu noi. M\u00e2nerele u\u0219ilor noastre de hambar sunt cea mai bun\u0103 alegere pentru spa\u021biul dvs","breadcrumb":{"@id":"https:\/\/sparkhdw.com\/manufacturer\/antique-door-pulls\/#breadcrumb"},"inLanguage":"ro-RO","potentialAction":[{"@type":"ReadAction","target":["https:\/\/sparkhdw.com\/manufacturer\/antique-door-pulls\/"]}]},{"@type":"ImageObject","inLanguage":"ro-RO","@id":"https:\/\/sparkhdw.com\/manufacturer\/antique-door-pulls\/#primaryimage","url":"https:\/\/sparkhdw.com\/wp-content\/uploads\/2024\/01\/antique-door-pulls-.webp","contentUrl":"https:\/\/sparkhdw.com\/wp-content\/uploads\/2024\/01\/antique-door-pulls-.webp","width":1000,"height":1000,"caption":"antique door pulls"},{"@type":"BreadcrumbList","@id":"https:\/\/sparkhdw.com\/manufacturer\/antique-door-pulls\/#breadcrumb","itemListElement":[{"@type":"ListItem","position":1,"name":"Home","item":"https:\/\/sparkhdw.com\/"},{"@type":"ListItem","position":2,"name":"Products","item":"https:\/\/sparkhdw.com\/shop\/"},{"@type":"ListItem","position":3,"name":"Antique Door Pulls"}]},{"@type":"WebSite","@id":"https:\/\/sparkhdw.com\/#website","url":"https:\/\/sparkhdw.com\/","name":"Hardware Spark","description":"","potentialAction":[{"@type":"SearchAction","target":{"@type":"EntryPoint","urlTemplate":"https:\/\/sparkhdw.com\/?s={search_term_string}"},"query-input":"required name=search_term_string"}],"inLanguage":"ro-RO"}]}},"_links":{"self":[{"href":"https:\/\/sparkhdw.com\/ro\/wp-json\/wp\/v2\/product\/2603"}],"collection":[{"href":"https:\/\/sparkhdw.com\/ro\/wp-json\/wp\/v2\/product"}],"about":[{"href":"https:\/\/sparkhdw.com\/ro\/wp-json\/wp\/v2\/types\/product"}],"replies":[{"embeddable":true,"href":"https:\/\/sparkhdw.com\/ro\/wp-json\/wp\/v2\/comments?post=2603"}],"wp:featuredmedia":[{"embeddable":true,"href":"https:\/\/sparkhdw.com\/ro\/wp-json\/wp\/v2\/media\/2554"}],"wp:attachment":[{"href":"https:\/\/sparkhdw.com\/ro\/wp-json\/wp\/v2\/media?parent=2603"}],"wp:term":[{"taxonomy":"product_cat","embeddable":true,"href":"https:\/\/sparkhdw.com\/ro\/wp-json\/wp\/v2\/product_cat?post=2603"},{"taxonomy":"product_tag","embeddable":true,"href":"https:\/\/sparkhdw.com\/ro\/wp-json\/wp\/v2\/product_tag?post=2603"}],"curies":[{"name":"wp","href":"https:\/\/api.w.org\/{rel}","templated":true}]}}