{"id":2891,"date":"2024-08-22T07:28:01","date_gmt":"2024-08-22T07:28:01","guid":{"rendered":"https:\/\/sparkhdw.com\/?post_type=product&#038;p=2891"},"modified":"2024-09-02T06:04:33","modified_gmt":"2024-09-02T06:04:33","slug":"bi-fold-barn-door-for-closet","status":"publish","type":"product","link":"https:\/\/sparkhdw.com\/ro\/manufacturer\/bi-fold-barn-door-for-closet\/","title":{"rendered":"U\u0219\u0103 de hambar pliabil\u0103 pentru dulap"},"content":{"rendered":"<p><strong>Product Details\uff1a <\/strong><\/p>\n<ul>\n<li>\u00a0Door slab is primed and ready to paint to match any interior space.<\/li>\n<li>Accomodates 28 to 34 in. W x 80.5 in. H door openings.<\/li>\n<li>Premium ball-bearing ultra-quiet rollers.<\/li>\n<li>Door dimensions: 84 in. H x 36 in. W x 1.375 in. thick.<\/li>\n<li>5-Year limited warranty.<\/li>\n<\/ul>\n\t<div id=\"gap-288435341\" class=\"gap-element clearfix\" style=\"display:block; height:auto;\">\n\t\t\n<style>\n#gap-288435341 {\n  padding-top: 30px;\n}\n<\/style>\n\t<\/div>\n\t\n\t<div id=\"text-1954764262\" class=\"text\">\n\t\t\n<p><strong>Metal Glass Barn Door Model No.: SPK-SG6S<\/strong><\/p>\n<table style=\"height: 427px;\" width=\"571\">\n<tbody>\n<tr>\n<td width=\"303\">Door Model<\/td>\n<td width=\"735\">BD-01<\/td>\n<\/tr>\n<tr>\n<td>Door Material<\/td>\n<td>MDF<\/td>\n<\/tr>\n<tr>\n<td width=\"303\">Door Finish<\/td>\n<td><span style=\"color: #0000ff;\"><strong>Primed White \/ Vinyl Wrapped Black\u00a0<\/strong><\/span><\/td>\n<\/tr>\n<tr>\n<td width=\"303\">Door Size\u00a0<\/td>\n<td>30 in x 84 in; 36 in x 84 in; 42 in x 84 in;\u00a0<\/p>\n<div>*Custom-size is also available<\/div>\n<\/td>\n<\/tr>\n<tr>\n<td width=\"303\">Door Thickness<\/td>\n<td width=\"735\">1 3\/8 in [35mm]<\/td>\n<\/tr>\n<tr>\n<td width=\"303\">MOQ<\/td>\n<td>1 PC<\/td>\n<\/tr>\n<tr>\n<td width=\"303\">Warranty<\/td>\n<td width=\"735\">5 Years warranty<\/td>\n<\/tr>\n<tr>\n<td width=\"303\">Supply Ability<\/td>\n<td width=\"735\">50000 Sets per Month<\/td>\n<\/tr>\n<tr>\n<td width=\"303\">Design Style<\/td>\n<td width=\"735\">Modern<\/td>\n<\/tr>\n<tr>\n<td width=\"303\">Door Handle<\/td>\n<td width=\"735\">Available<\/td>\n<\/tr>\n<tr>\n<td width=\"303\">Packaging<\/td>\n<td width=\"735\">Each set a sales unit, 16 sets into a wooden pallet.<\/td>\n<\/tr>\n<tr>\n<td width=\"303\">Application<\/td>\n<td width=\"735\">Hostel, apartment, kitchen, bathroom, pantry, closet&#8230;<\/td>\n<\/tr>\n<tr>\n<td width=\"303\">After-sale Service<\/td>\n<td width=\"735\">Online technical support<\/td>\n<\/tr>\n<tr>\n<td width=\"303\">Project Solution Capability<\/td>\n<td width=\"735\">Graphic design, 3D model design<\/td>\n<\/tr>\n<\/tbody>\n<\/table>\n\t\t\n<style>\n#text-1954764262 {\n  line-height: 1.45;\n}\n<\/style>\n\t<\/div>\n\t\n<div class=\"container section-title-container\" ><h3 class=\"section-title section-title-center\"><b><\/b><span class=\"section-title-main\" >Door Type<\/span><b><\/b><\/h3><\/div>\n<div class=\"row\"  id=\"row-2067040242\">\n\n\t<div id=\"col-1933538454\" class=\"col small-12 large-12\"  >\n\t\t\t\t<div class=\"col-inner\"  >\n\t\t\t\n\t\t\t\n\t<div class=\"img has-hover x md-x lg-x y md-y lg-y\" id=\"image_1087090436\">\n\t\t\t\t\t\t\t\t<div class=\"img-inner dark\" >\n\t\t\t<img width=\"1000\" height=\"1000\" src=\"https:\/\/sparkhdw.com\/wp-content\/uploads\/2024\/08\/Barn-Door-Types.webp\" class=\"attachment-large size-large\" alt=\"Bifolding Barn Door Types\" decoding=\"async\" loading=\"lazy\" srcset=\"https:\/\/sparkhdw.com\/wp-content\/uploads\/2024\/08\/Barn-Door-Types.webp 1000w, https:\/\/sparkhdw.com\/wp-content\/uploads\/2024\/08\/Barn-Door-Types-300x300.webp 300w, https:\/\/sparkhdw.com\/wp-content\/uploads\/2024\/08\/Barn-Door-Types-150x150.webp 150w, https:\/\/sparkhdw.com\/wp-content\/uploads\/2024\/08\/Barn-Door-Types-768x768.webp 768w, https:\/\/sparkhdw.com\/wp-content\/uploads\/2024\/08\/Barn-Door-Types-12x12.webp 12w, https:\/\/sparkhdw.com\/wp-content\/uploads\/2024\/08\/Barn-Door-Types-600x600.webp 600w, https:\/\/sparkhdw.com\/wp-content\/uploads\/2024\/08\/Barn-Door-Types-100x100.webp 100w\" sizes=\"(max-width: 1000px) 100vw, 1000px\" \/>\t\t\t\t\t\t\n\t\t\t\t\t<\/div>\n\t\t\t\t\t\t\t\t\n<style>\n#image_1087090436 {\n  width: 100%;\n}\n<\/style>\n\t<\/div>\n\t\n\t\t<\/div>\n\t\t\t\t\t<\/div>\n\n\t\n<\/div>\n\t<section class=\"section\" id=\"section_1580981197\">\n\t\t<div class=\"bg section-bg fill bg-fill  bg-loaded\" >\n\n\t\t\t\n\t\t\t\n\t\t\t\n\n\t\t<\/div>\n\n\t\t\n\n\t\t<div class=\"section-content relative\">\n\t\t\t\n\t<div id=\"text-3465042308\" class=\"text\">\n\t\t\n<h3>Door Slab Option<\/h3>\n\t\t\n<style>\n#text-3465042308 {\n  text-align: center;\n}\n<\/style>\n\t<\/div>\n\t\n<div class=\"row\"  id=\"row-2042766928\">\n\n\t<div id=\"col-414948625\" class=\"col medium-6 small-12 large-6\"  >\n\t\t\t\t<div class=\"col-inner\"  >\n\t\t\t\n\t\t\t\n\t<div class=\"box has-hover   has-hover box-text-bottom\" >\n\n\t\t<div class=\"box-image\" >\n\t\t\t\t\t\t<div class=\"\" >\n\t\t\t\t<img width=\"1000\" height=\"1000\" src=\"https:\/\/sparkhdw.com\/wp-content\/uploads\/2024\/08\/Solid-Door.webp\" class=\"attachment- size-\" alt=\"Solid core folding barn door\" decoding=\"async\" loading=\"lazy\" srcset=\"https:\/\/sparkhdw.com\/wp-content\/uploads\/2024\/08\/Solid-Door.webp 1000w, https:\/\/sparkhdw.com\/wp-content\/uploads\/2024\/08\/Solid-Door-300x300.webp 300w, https:\/\/sparkhdw.com\/wp-content\/uploads\/2024\/08\/Solid-Door-150x150.webp 150w, https:\/\/sparkhdw.com\/wp-content\/uploads\/2024\/08\/Solid-Door-768x768.webp 768w, https:\/\/sparkhdw.com\/wp-content\/uploads\/2024\/08\/Solid-Door-12x12.webp 12w, https:\/\/sparkhdw.com\/wp-content\/uploads\/2024\/08\/Solid-Door-600x600.webp 600w, https:\/\/sparkhdw.com\/wp-content\/uploads\/2024\/08\/Solid-Door-100x100.webp 100w\" sizes=\"(max-width: 1000px) 100vw, 1000px\" \/>\t\t\t\t\t\t\t\t\t\t\t<\/div>\n\t\t\t\t\t<\/div>\n\n\t\t<div class=\"box-text text-center\" >\n\t\t\t<div class=\"box-text-inner\">\n\t\t\t\t\n<h4>White Primed Solid Core Molded Door Slab<\/h4>\n\t\t\t<\/div>\n\t\t<\/div>\n\t<\/div>\n\t\n\t\t<\/div>\n\t\t\t\t\t<\/div>\n\n\t\n\n\t<div id=\"col-2051188430\" class=\"col medium-6 small-12 large-6\"  >\n\t\t\t\t<div class=\"col-inner\"  >\n\t\t\t\n\t\t\t\n\t<div class=\"box has-hover   has-hover box-text-bottom\" >\n\n\t\t<div class=\"box-image\" >\n\t\t\t\t\t\t<div class=\"\" >\n\t\t\t\t<img width=\"1000\" height=\"1000\" src=\"https:\/\/sparkhdw.com\/wp-content\/uploads\/2024\/08\/hollow-core-barn-door.webp\" class=\"attachment- size-\" alt=\"hollow core barn door\" decoding=\"async\" loading=\"lazy\" srcset=\"https:\/\/sparkhdw.com\/wp-content\/uploads\/2024\/08\/hollow-core-barn-door.webp 1000w, https:\/\/sparkhdw.com\/wp-content\/uploads\/2024\/08\/hollow-core-barn-door-300x300.webp 300w, https:\/\/sparkhdw.com\/wp-content\/uploads\/2024\/08\/hollow-core-barn-door-150x150.webp 150w, https:\/\/sparkhdw.com\/wp-content\/uploads\/2024\/08\/hollow-core-barn-door-768x768.webp 768w, https:\/\/sparkhdw.com\/wp-content\/uploads\/2024\/08\/hollow-core-barn-door-12x12.webp 12w, https:\/\/sparkhdw.com\/wp-content\/uploads\/2024\/08\/hollow-core-barn-door-600x600.webp 600w, https:\/\/sparkhdw.com\/wp-content\/uploads\/2024\/08\/hollow-core-barn-door-100x100.webp 100w\" sizes=\"(max-width: 1000px) 100vw, 1000px\" \/>\t\t\t\t\t\t\t\t\t\t\t<\/div>\n\t\t\t\t\t<\/div>\n\n\t\t<div class=\"box-text text-center\" >\n\t\t\t<div class=\"box-text-inner\">\n\t\t\t\t\n<h4>Vinyl Wrapped Black Hollow Core Molded Door Slab<\/h4>\n\t\t\t<\/div>\n\t\t<\/div>\n\t<\/div>\n\t\n\t\t<\/div>\n\t\t\t\t\t<\/div>\n\n\t\n<\/div>\n\t\t<\/div>\n\n\t\t\n<style>\n#section_1580981197 {\n  padding-top: 30px;\n  padding-bottom: 30px;\n}\n#section_1580981197 .ux-shape-divider--top svg {\n  height: 150px;\n  --divider-top-width: 100%;\n}\n#section_1580981197 .ux-shape-divider--bottom svg {\n  height: 150px;\n  --divider-width: 100%;\n}\n<\/style>\n\t<\/section>\n\t\n\t<div id=\"gap-2111433007\" class=\"gap-element clearfix\" style=\"display:block; height:auto;\">\n\t\t\n<style>\n#gap-2111433007 {\n  padding-top: 30px;\n}\n<\/style>\n\t<\/div>\n\t\n\t<div id=\"gap-1576172113\" class=\"gap-element clearfix\" style=\"display:block; height:auto;\">\n\t\t\n<style>\n#gap-1576172113 {\n  padding-top: 30px;\n}\n<\/style>\n\t<\/div>\n\t\n","protected":false},"excerpt":{"rendered":"<p>U\u0219ile noastre Bifold Barn sunt proiectate pentru o eficien\u021b\u0103 maxim\u0103 a spa\u021biului, av\u00e2nd un mecanism de pliere cu dou\u0103 panouri care adaug\u0103 at\u00e2t stil, c\u00e2t \u0219i func\u021bionalitate dulapurilor, c\u0103marelor \u0219i buc\u0103t\u0103riilor dumneavoastr\u0103. Cu un amestec de farmec rustic \u0219i confort modern, aceste u\u0219i ofer\u0103 o solu\u021bie elegant\u0103 pentru spa\u021bii compacte.<\/p>","protected":false},"featured_media":2894,"comment_status":"open","ping_status":"closed","template":"","meta":[],"product_cat":[47],"product_tag":[],"yoast_head":"<!-- This site is optimized with the Yoast SEO plugin v22.6 - https:\/\/yoast.com\/wordpress\/plugins\/seo\/ -->\n<title>Bi-fold Barn Door for Closet - Spark Hardware<\/title>\n<meta name=\"description\" content=\"This 2-panel door smoothly folds when opened, making it a perfect option for those seeking to save space in pantries, closets, and kitchens\" \/>\n<meta name=\"robots\" content=\"index, follow, max-snippet:-1, max-image-preview:large, max-video-preview:-1\" \/>\n<link rel=\"canonical\" href=\"https:\/\/sparkhdw.com\/ro\/manufacturer\/bi-fold-barn-door-for-closet\/\" \/>\n<meta property=\"og:locale\" content=\"ro_RO\" \/>\n<meta property=\"og:type\" content=\"article\" \/>\n<meta property=\"og:title\" content=\"Bi-fold Barn Door for Closet - Spark Hardware\" \/>\n<meta property=\"og:description\" content=\"This 2-panel door smoothly folds when opened, making it a perfect option for those seeking to save space in pantries, closets, and kitchens\" \/>\n<meta property=\"og:url\" content=\"https:\/\/sparkhdw.com\/ro\/manufacturer\/bi-fold-barn-door-for-closet\/\" \/>\n<meta property=\"og:site_name\" content=\"Spark Hardware\" \/>\n<meta property=\"article:modified_time\" content=\"2024-09-02T06:04:33+00:00\" \/>\n<meta property=\"og:image\" content=\"https:\/\/sparkhdw.com\/wp-content\/uploads\/2024\/08\/folding-barn-closet-door.webp\" \/>\n\t<meta property=\"og:image:width\" content=\"679\" \/>\n\t<meta property=\"og:image:height\" content=\"679\" \/>\n\t<meta property=\"og:image:type\" content=\"image\/webp\" \/>\n<meta name=\"twitter:card\" content=\"summary_large_image\" \/>\n<meta name=\"twitter:label1\" content=\"Est. reading time\" \/>\n\t<meta name=\"twitter:data1\" content=\"2 minute\" \/>\n<script type=\"application\/ld+json\" class=\"yoast-schema-graph\">{\"@context\":\"https:\/\/schema.org\",\"@graph\":[{\"@type\":\"WebPage\",\"@id\":\"https:\/\/sparkhdw.com\/manufacturer\/bi-fold-barn-door-for-closet\/\",\"url\":\"https:\/\/sparkhdw.com\/manufacturer\/bi-fold-barn-door-for-closet\/\",\"name\":\"Bi-fold Barn Door for Closet - Spark Hardware\",\"isPartOf\":{\"@id\":\"https:\/\/sparkhdw.com\/#website\"},\"primaryImageOfPage\":{\"@id\":\"https:\/\/sparkhdw.com\/manufacturer\/bi-fold-barn-door-for-closet\/#primaryimage\"},\"image\":{\"@id\":\"https:\/\/sparkhdw.com\/manufacturer\/bi-fold-barn-door-for-closet\/#primaryimage\"},\"thumbnailUrl\":\"https:\/\/sparkhdw.com\/wp-content\/uploads\/2024\/08\/folding-barn-closet-door.webp\",\"datePublished\":\"2024-08-22T07:28:01+00:00\",\"dateModified\":\"2024-09-02T06:04:33+00:00\",\"description\":\"This 2-panel door smoothly folds when opened, making it a perfect option for those seeking to save space in pantries, closets, and kitchens\",\"breadcrumb\":{\"@id\":\"https:\/\/sparkhdw.com\/manufacturer\/bi-fold-barn-door-for-closet\/#breadcrumb\"},\"inLanguage\":\"ro-RO\",\"potentialAction\":[{\"@type\":\"ReadAction\",\"target\":[\"https:\/\/sparkhdw.com\/manufacturer\/bi-fold-barn-door-for-closet\/\"]}]},{\"@type\":\"ImageObject\",\"inLanguage\":\"ro-RO\",\"@id\":\"https:\/\/sparkhdw.com\/manufacturer\/bi-fold-barn-door-for-closet\/#primaryimage\",\"url\":\"https:\/\/sparkhdw.com\/wp-content\/uploads\/2024\/08\/folding-barn-closet-door.webp\",\"contentUrl\":\"https:\/\/sparkhdw.com\/wp-content\/uploads\/2024\/08\/folding-barn-closet-door.webp\",\"width\":679,\"height\":679,\"caption\":\"folding barn closet door\"},{\"@type\":\"BreadcrumbList\",\"@id\":\"https:\/\/sparkhdw.com\/manufacturer\/bi-fold-barn-door-for-closet\/#breadcrumb\",\"itemListElement\":[{\"@type\":\"ListItem\",\"position\":1,\"name\":\"Home\",\"item\":\"https:\/\/sparkhdw.com\/\"},{\"@type\":\"ListItem\",\"position\":2,\"name\":\"Products\",\"item\":\"https:\/\/sparkhdw.com\/shop\/\"},{\"@type\":\"ListItem\",\"position\":3,\"name\":\"Bi-fold Barn Door for Closet\"}]},{\"@type\":\"WebSite\",\"@id\":\"https:\/\/sparkhdw.com\/#website\",\"url\":\"https:\/\/sparkhdw.com\/\",\"name\":\"Spark Hardware\",\"description\":\"\",\"potentialAction\":[{\"@type\":\"SearchAction\",\"target\":{\"@type\":\"EntryPoint\",\"urlTemplate\":\"https:\/\/sparkhdw.com\/?s={search_term_string}\"},\"query-input\":\"required name=search_term_string\"}],\"inLanguage\":\"ro-RO\"}]}<\/script>\n<!-- \/ Yoast SEO plugin. -->","yoast_head_json":{"title":"U\u0219\u0103 de hambar pliabil\u0103 pentru dulap - Feronerie Spark","description":"Aceast\u0103 u\u0219\u0103 cu 2 panouri se pliaz\u0103 u\u0219or atunci c\u00e2nd este deschis\u0103, ceea ce o face o op\u021biune perfect\u0103 pentru cei care doresc s\u0103 economiseasc\u0103 spa\u021biu \u00een c\u0103mar\u0103, dulapuri \u0219i buc\u0103t\u0103rii","robots":{"index":"index","follow":"follow","max-snippet":"max-snippet:-1","max-image-preview":"max-image-preview:large","max-video-preview":"max-video-preview:-1"},"canonical":"https:\/\/sparkhdw.com\/ro\/manufacturer\/bi-fold-barn-door-for-closet\/","og_locale":"ro_RO","og_type":"article","og_title":"Bi-fold Barn Door for Closet - Spark Hardware","og_description":"This 2-panel door smoothly folds when opened, making it a perfect option for those seeking to save space in pantries, closets, and kitchens","og_url":"https:\/\/sparkhdw.com\/ro\/manufacturer\/bi-fold-barn-door-for-closet\/","og_site_name":"Spark Hardware","article_modified_time":"2024-09-02T06:04:33+00:00","og_image":[{"width":679,"height":679,"url":"https:\/\/sparkhdw.com\/wp-content\/uploads\/2024\/08\/folding-barn-closet-door.webp","type":"image\/webp"}],"twitter_card":"summary_large_image","twitter_misc":{"Est. reading time":"2 minute"},"schema":{"@context":"https:\/\/schema.org","@graph":[{"@type":"WebPage","@id":"https:\/\/sparkhdw.com\/manufacturer\/bi-fold-barn-door-for-closet\/","url":"https:\/\/sparkhdw.com\/manufacturer\/bi-fold-barn-door-for-closet\/","name":"U\u0219\u0103 de hambar pliabil\u0103 pentru dulap - Feronerie Spark","isPartOf":{"@id":"https:\/\/sparkhdw.com\/#website"},"primaryImageOfPage":{"@id":"https:\/\/sparkhdw.com\/manufacturer\/bi-fold-barn-door-for-closet\/#primaryimage"},"image":{"@id":"https:\/\/sparkhdw.com\/manufacturer\/bi-fold-barn-door-for-closet\/#primaryimage"},"thumbnailUrl":"https:\/\/sparkhdw.com\/wp-content\/uploads\/2024\/08\/folding-barn-closet-door.webp","datePublished":"2024-08-22T07:28:01+00:00","dateModified":"2024-09-02T06:04:33+00:00","description":"Aceast\u0103 u\u0219\u0103 cu 2 panouri se pliaz\u0103 u\u0219or atunci c\u00e2nd este deschis\u0103, ceea ce o face o op\u021biune perfect\u0103 pentru cei care doresc s\u0103 economiseasc\u0103 spa\u021biu \u00een c\u0103mar\u0103, dulapuri \u0219i buc\u0103t\u0103rii","breadcrumb":{"@id":"https:\/\/sparkhdw.com\/manufacturer\/bi-fold-barn-door-for-closet\/#breadcrumb"},"inLanguage":"ro-RO","potentialAction":[{"@type":"ReadAction","target":["https:\/\/sparkhdw.com\/manufacturer\/bi-fold-barn-door-for-closet\/"]}]},{"@type":"ImageObject","inLanguage":"ro-RO","@id":"https:\/\/sparkhdw.com\/manufacturer\/bi-fold-barn-door-for-closet\/#primaryimage","url":"https:\/\/sparkhdw.com\/wp-content\/uploads\/2024\/08\/folding-barn-closet-door.webp","contentUrl":"https:\/\/sparkhdw.com\/wp-content\/uploads\/2024\/08\/folding-barn-closet-door.webp","width":679,"height":679,"caption":"folding barn closet door"},{"@type":"BreadcrumbList","@id":"https:\/\/sparkhdw.com\/manufacturer\/bi-fold-barn-door-for-closet\/#breadcrumb","itemListElement":[{"@type":"ListItem","position":1,"name":"Home","item":"https:\/\/sparkhdw.com\/"},{"@type":"ListItem","position":2,"name":"Products","item":"https:\/\/sparkhdw.com\/shop\/"},{"@type":"ListItem","position":3,"name":"Bi-fold Barn Door for Closet"}]},{"@type":"WebSite","@id":"https:\/\/sparkhdw.com\/#website","url":"https:\/\/sparkhdw.com\/","name":"Hardware Spark","description":"","potentialAction":[{"@type":"SearchAction","target":{"@type":"EntryPoint","urlTemplate":"https:\/\/sparkhdw.com\/?s={search_term_string}"},"query-input":"required name=search_term_string"}],"inLanguage":"ro-RO"}]}},"_links":{"self":[{"href":"https:\/\/sparkhdw.com\/ro\/wp-json\/wp\/v2\/product\/2891"}],"collection":[{"href":"https:\/\/sparkhdw.com\/ro\/wp-json\/wp\/v2\/product"}],"about":[{"href":"https:\/\/sparkhdw.com\/ro\/wp-json\/wp\/v2\/types\/product"}],"replies":[{"embeddable":true,"href":"https:\/\/sparkhdw.com\/ro\/wp-json\/wp\/v2\/comments?post=2891"}],"wp:featuredmedia":[{"embeddable":true,"href":"https:\/\/sparkhdw.com\/ro\/wp-json\/wp\/v2\/media\/2894"}],"wp:attachment":[{"href":"https:\/\/sparkhdw.com\/ro\/wp-json\/wp\/v2\/media?parent=2891"}],"wp:term":[{"taxonomy":"product_cat","embeddable":true,"href":"https:\/\/sparkhdw.com\/ro\/wp-json\/wp\/v2\/product_cat?post=2891"},{"taxonomy":"product_tag","embeddable":true,"href":"https:\/\/sparkhdw.com\/ro\/wp-json\/wp\/v2\/product_tag?post=2891"}],"curies":[{"name":"wp","href":"https:\/\/api.w.org\/{rel}","templated":true}]}}