{"id":2906,"date":"2024-08-27T12:56:19","date_gmt":"2024-08-27T12:56:19","guid":{"rendered":"https:\/\/sparkhdw.com\/?post_type=product&#038;p=2906"},"modified":"2024-08-27T13:26:42","modified_gmt":"2024-08-27T13:26:42","slug":"internal-swing-door","status":"publish","type":"product","link":"https:\/\/sparkhdw.com\/ro\/manufacturer\/internal-swing-door\/","title":{"rendered":"Usa batanta interioara"},"content":{"rendered":"<p><strong>Product Details\uff1a <\/strong><\/p>\n<ul>\n<li>\n<p class=\"styles__H1-sc-11vpuyu-0 krJSUv typography variant--h1 align--left product-brand-description\">White Primed Single Barn Door\u00a0<\/p>\n<\/li>\n<li>Door Width 24\/28\/30\/32 in, Height 80 in, Thickness 1.375 in, custom size is also available.<\/li>\n<li>Solid core resists cracking or warping from humidity fluctuations in your home or office.<\/li>\n<li>Pre-finished with a white primer, the door is ready to be painted to complement your d\u00e9cor.<\/li>\n<li>5-Year limited warranty.<\/li>\n<\/ul>\n\t<div id=\"gap-1467770917\" class=\"gap-element clearfix\" style=\"display:block; height:auto;\">\n\t\t\n<style>\n#gap-1467770917 {\n  padding-top: 30px;\n}\n<\/style>\n\t<\/div>\n\t\n\t<div id=\"text-2276749026\" class=\"text\">\n\t\t\n<p><b>Specification of model barn door:<\/b><\/p>\n<table style=\"height: 427px;\" width=\"571\">\n<tbody>\n<tr>\n<td width=\"303\">Door Model<\/td>\n<td width=\"735\">BD-112<\/td>\n<\/tr>\n<tr>\n<td>Door Material<\/td>\n<td>MDF<\/td>\n<\/tr>\n<tr>\n<td width=\"303\">Door Finish<\/td>\n<td><span style=\"color: #0000ff;\"><strong>Primed White\u00a0<\/strong><\/span><\/td>\n<\/tr>\n<tr>\n<td width=\"303\">Door Size\u00a0<\/td>\n<td>Door Width 24\/28\/30\/32 in, Height 80 in, custom size is also available.<\/td>\n<\/tr>\n<tr>\n<td width=\"303\">Door Thickness<\/td>\n<td width=\"735\">1 3\/8 in [35mm]<\/td>\n<\/tr>\n<tr>\n<td width=\"303\">MOQ<\/td>\n<td>50 PCS<\/td>\n<\/tr>\n<tr>\n<td width=\"303\">Warranty<\/td>\n<td width=\"735\">5 Years warranty<\/td>\n<\/tr>\n<tr>\n<td width=\"303\">Supply Ability<\/td>\n<td width=\"735\">50000 Sets per Month<\/td>\n<\/tr>\n<tr>\n<td width=\"303\">Design Style<\/td>\n<td width=\"735\">Modern<\/td>\n<\/tr>\n<tr>\n<td width=\"303\">Door Handle<\/td>\n<td width=\"735\">Available<\/td>\n<\/tr>\n<tr>\n<td width=\"303\">Packaging<\/td>\n<td width=\"735\">Each set a sales unit, 16 sets into a wooden pallet.<\/td>\n<\/tr>\n<tr>\n<td width=\"303\">Application<\/td>\n<td width=\"735\">Hostel, apartment, kitchen, bathroom, pantry, closet&#8230;<\/td>\n<\/tr>\n<tr>\n<td width=\"303\">After-sale Service<\/td>\n<td width=\"735\">Online technical support<\/td>\n<\/tr>\n<tr>\n<td width=\"303\">Project Solution Capability<\/td>\n<td width=\"735\">Graphic design, 3D model design<\/td>\n<\/tr>\n<\/tbody>\n<\/table>\n\t\t\n<style>\n#text-2276749026 {\n  line-height: 1.45;\n}\n<\/style>\n\t<\/div>\n\t\n<div class=\"container section-title-container\" ><h3 class=\"section-title section-title-center\"><b><\/b><span class=\"section-title-main\" >Door Type<\/span><b><\/b><\/h3><\/div>\n<div class=\"row\"  id=\"row-432969147\">\n\n\t<div id=\"col-358939729\" class=\"col small-12 large-12\"  >\n\t\t\t\t<div class=\"col-inner\"  >\n\t\t\t\n\t\t\t\n\t<div class=\"img has-hover x md-x lg-x y md-y lg-y\" id=\"image_401092825\">\n\t\t\t\t\t\t\t\t<div class=\"img-inner dark\" >\n\t\t\t<img width=\"1000\" height=\"1000\" src=\"https:\/\/sparkhdw.com\/wp-content\/uploads\/2024\/08\/Barn-Door-Types.webp\" class=\"attachment-large size-large\" alt=\"Bifolding Barn Door Types\" decoding=\"async\" loading=\"lazy\" srcset=\"https:\/\/sparkhdw.com\/wp-content\/uploads\/2024\/08\/Barn-Door-Types.webp 1000w, https:\/\/sparkhdw.com\/wp-content\/uploads\/2024\/08\/Barn-Door-Types-300x300.webp 300w, https:\/\/sparkhdw.com\/wp-content\/uploads\/2024\/08\/Barn-Door-Types-150x150.webp 150w, https:\/\/sparkhdw.com\/wp-content\/uploads\/2024\/08\/Barn-Door-Types-768x768.webp 768w, https:\/\/sparkhdw.com\/wp-content\/uploads\/2024\/08\/Barn-Door-Types-12x12.webp 12w, https:\/\/sparkhdw.com\/wp-content\/uploads\/2024\/08\/Barn-Door-Types-600x600.webp 600w, https:\/\/sparkhdw.com\/wp-content\/uploads\/2024\/08\/Barn-Door-Types-100x100.webp 100w\" sizes=\"(max-width: 1000px) 100vw, 1000px\" \/>\t\t\t\t\t\t\n\t\t\t\t\t<\/div>\n\t\t\t\t\t\t\t\t\n<style>\n#image_401092825 {\n  width: 100%;\n}\n<\/style>\n\t<\/div>\n\t\n\t\t<\/div>\n\t\t\t\t\t<\/div>\n\n\t\n<\/div>\n\t<section class=\"section\" id=\"section_606341715\">\n\t\t<div class=\"bg section-bg fill bg-fill  bg-loaded\" >\n\n\t\t\t\n\t\t\t\n\t\t\t\n\n\t\t<\/div>\n\n\t\t\n\n\t\t<div class=\"section-content relative\">\n\t\t\t\n\t<div id=\"text-2251596206\" class=\"text\">\n\t\t\n<h3>Door Slab Option<\/h3>\n\t\t\n<style>\n#text-2251596206 {\n  text-align: center;\n}\n<\/style>\n\t<\/div>\n\t\n<div class=\"row\"  id=\"row-352302608\">\n\n\t<div id=\"col-720176293\" class=\"col medium-6 small-12 large-6\"  >\n\t\t\t\t<div class=\"col-inner\"  >\n\t\t\t\n\t\t\t\n\t<div class=\"box has-hover   has-hover box-text-bottom\" >\n\n\t\t<div class=\"box-image\" >\n\t\t\t\t\t\t<div class=\"\" >\n\t\t\t\t<img width=\"1000\" height=\"1000\" src=\"https:\/\/sparkhdw.com\/wp-content\/uploads\/2024\/08\/Solid-Door.webp\" class=\"attachment- size-\" alt=\"Solid core folding barn door\" decoding=\"async\" loading=\"lazy\" srcset=\"https:\/\/sparkhdw.com\/wp-content\/uploads\/2024\/08\/Solid-Door.webp 1000w, https:\/\/sparkhdw.com\/wp-content\/uploads\/2024\/08\/Solid-Door-300x300.webp 300w, https:\/\/sparkhdw.com\/wp-content\/uploads\/2024\/08\/Solid-Door-150x150.webp 150w, https:\/\/sparkhdw.com\/wp-content\/uploads\/2024\/08\/Solid-Door-768x768.webp 768w, https:\/\/sparkhdw.com\/wp-content\/uploads\/2024\/08\/Solid-Door-12x12.webp 12w, https:\/\/sparkhdw.com\/wp-content\/uploads\/2024\/08\/Solid-Door-600x600.webp 600w, https:\/\/sparkhdw.com\/wp-content\/uploads\/2024\/08\/Solid-Door-100x100.webp 100w\" sizes=\"(max-width: 1000px) 100vw, 1000px\" \/>\t\t\t\t\t\t\t\t\t\t\t<\/div>\n\t\t\t\t\t<\/div>\n\n\t\t<div class=\"box-text text-center\" >\n\t\t\t<div class=\"box-text-inner\">\n\t\t\t\t\n<h4>White Primed Solid Core Molded Door Slab<\/h4>\n\t\t\t<\/div>\n\t\t<\/div>\n\t<\/div>\n\t\n\t\t<\/div>\n\t\t\t\t\t<\/div>\n\n\t\n\n\t<div id=\"col-249152950\" class=\"col medium-6 small-12 large-6\"  >\n\t\t\t\t<div class=\"col-inner\"  >\n\t\t\t\n\t\t\t\n\t<div class=\"box has-hover   has-hover box-text-bottom\" >\n\n\t\t<div class=\"box-image\" >\n\t\t\t\t\t\t<div class=\"\" >\n\t\t\t\t<img width=\"1000\" height=\"1000\" src=\"https:\/\/sparkhdw.com\/wp-content\/uploads\/2024\/08\/hollow-core-barn-door.webp\" class=\"attachment- size-\" alt=\"hollow core barn door\" decoding=\"async\" loading=\"lazy\" srcset=\"https:\/\/sparkhdw.com\/wp-content\/uploads\/2024\/08\/hollow-core-barn-door.webp 1000w, https:\/\/sparkhdw.com\/wp-content\/uploads\/2024\/08\/hollow-core-barn-door-300x300.webp 300w, https:\/\/sparkhdw.com\/wp-content\/uploads\/2024\/08\/hollow-core-barn-door-150x150.webp 150w, https:\/\/sparkhdw.com\/wp-content\/uploads\/2024\/08\/hollow-core-barn-door-768x768.webp 768w, https:\/\/sparkhdw.com\/wp-content\/uploads\/2024\/08\/hollow-core-barn-door-12x12.webp 12w, https:\/\/sparkhdw.com\/wp-content\/uploads\/2024\/08\/hollow-core-barn-door-600x600.webp 600w, https:\/\/sparkhdw.com\/wp-content\/uploads\/2024\/08\/hollow-core-barn-door-100x100.webp 100w\" sizes=\"(max-width: 1000px) 100vw, 1000px\" \/>\t\t\t\t\t\t\t\t\t\t\t<\/div>\n\t\t\t\t\t<\/div>\n\n\t\t<div class=\"box-text text-center\" >\n\t\t\t<div class=\"box-text-inner\">\n\t\t\t\t\n<h4>Vinyl Wrapped Black Hollow Core Molded Door Slab<\/h4>\n\t\t\t<\/div>\n\t\t<\/div>\n\t<\/div>\n\t\n\t\t<\/div>\n\t\t\t\t\t<\/div>\n\n\t\n<\/div>\n\t\t<\/div>\n\n\t\t\n<style>\n#section_606341715 {\n  padding-top: 30px;\n  padding-bottom: 30px;\n}\n#section_606341715 .ux-shape-divider--top svg {\n  height: 150px;\n  --divider-top-width: 100%;\n}\n#section_606341715 .ux-shape-divider--bottom svg {\n  height: 150px;\n  --divider-width: 100%;\n}\n<\/style>\n\t<\/section>\n\t\n\t<div id=\"gap-645015126\" class=\"gap-element clearfix\" style=\"display:block; height:auto;\">\n\t\t\n<style>\n#gap-645015126 {\n  padding-top: 30px;\n}\n<\/style>\n\t<\/div>\n\t\n\t<div id=\"gap-929882614\" class=\"gap-element clearfix\" style=\"display:block; height:auto;\">\n\t\t\n<style>\n#gap-929882614 {\n  padding-top: 30px;\n}\n<\/style>\n\t<\/div>\n\t\n","protected":false},"excerpt":{"rendered":"<p>U\u0219ile de interior batante moderne ofer\u0103 o interpretare contemporan\u0103 a designului interior, oferind un material durabil \u0219i de \u00eenalt\u0103 calitate. Toate u\u0219ile noastre sunt atent construite din materiale de cea mai \u00eenalt\u0103 calitate.<\/p>","protected":false},"featured_media":2910,"comment_status":"open","ping_status":"closed","template":"","meta":[],"product_cat":[49],"product_tag":[],"yoast_head":"<!-- This site is optimized with the Yoast SEO plugin v22.6 - https:\/\/yoast.com\/wordpress\/plugins\/seo\/ -->\n<title>Internal Swing Door - Spark Hardware<\/title>\n<meta name=\"description\" content=\"Modern Swinging Doors make any doorway beautiful. Modern Doors are Perfect Butler Doors, Bathroom, Closet Doors or Pantry\" \/>\n<meta name=\"robots\" content=\"index, follow, max-snippet:-1, max-image-preview:large, max-video-preview:-1\" \/>\n<link rel=\"canonical\" href=\"https:\/\/sparkhdw.com\/ro\/manufacturer\/internal-swing-door\/\" \/>\n<meta property=\"og:locale\" content=\"ro_RO\" \/>\n<meta property=\"og:type\" content=\"article\" \/>\n<meta property=\"og:title\" content=\"Internal Swing Door - Spark Hardware\" \/>\n<meta property=\"og:description\" content=\"Modern Swinging Doors make any doorway beautiful. Modern Doors are Perfect Butler Doors, Bathroom, Closet Doors or Pantry\" \/>\n<meta property=\"og:url\" content=\"https:\/\/sparkhdw.com\/ro\/manufacturer\/internal-swing-door\/\" \/>\n<meta property=\"og:site_name\" content=\"Spark Hardware\" \/>\n<meta property=\"article:modified_time\" content=\"2024-08-27T13:26:42+00:00\" \/>\n<meta property=\"og:image\" content=\"https:\/\/sparkhdw.com\/wp-content\/uploads\/2024\/08\/Modern-Swinging-Doors.webp\" \/>\n\t<meta property=\"og:image:width\" content=\"1000\" \/>\n\t<meta property=\"og:image:height\" content=\"1000\" \/>\n\t<meta property=\"og:image:type\" content=\"image\/webp\" \/>\n<meta name=\"twitter:card\" content=\"summary_large_image\" \/>\n<meta name=\"twitter:label1\" content=\"Est. reading time\" \/>\n\t<meta name=\"twitter:data1\" content=\"2 minute\" \/>\n<script type=\"application\/ld+json\" class=\"yoast-schema-graph\">{\"@context\":\"https:\/\/schema.org\",\"@graph\":[{\"@type\":\"WebPage\",\"@id\":\"https:\/\/sparkhdw.com\/manufacturer\/internal-swing-door\/\",\"url\":\"https:\/\/sparkhdw.com\/manufacturer\/internal-swing-door\/\",\"name\":\"Internal Swing Door - Spark Hardware\",\"isPartOf\":{\"@id\":\"https:\/\/sparkhdw.com\/#website\"},\"primaryImageOfPage\":{\"@id\":\"https:\/\/sparkhdw.com\/manufacturer\/internal-swing-door\/#primaryimage\"},\"image\":{\"@id\":\"https:\/\/sparkhdw.com\/manufacturer\/internal-swing-door\/#primaryimage\"},\"thumbnailUrl\":\"https:\/\/sparkhdw.com\/wp-content\/uploads\/2024\/08\/Modern-Swinging-Doors.webp\",\"datePublished\":\"2024-08-27T12:56:19+00:00\",\"dateModified\":\"2024-08-27T13:26:42+00:00\",\"description\":\"Modern Swinging Doors make any doorway beautiful. Modern Doors are Perfect Butler Doors, Bathroom, Closet Doors or Pantry\",\"breadcrumb\":{\"@id\":\"https:\/\/sparkhdw.com\/manufacturer\/internal-swing-door\/#breadcrumb\"},\"inLanguage\":\"ro-RO\",\"potentialAction\":[{\"@type\":\"ReadAction\",\"target\":[\"https:\/\/sparkhdw.com\/manufacturer\/internal-swing-door\/\"]}]},{\"@type\":\"ImageObject\",\"inLanguage\":\"ro-RO\",\"@id\":\"https:\/\/sparkhdw.com\/manufacturer\/internal-swing-door\/#primaryimage\",\"url\":\"https:\/\/sparkhdw.com\/wp-content\/uploads\/2024\/08\/Modern-Swinging-Doors.webp\",\"contentUrl\":\"https:\/\/sparkhdw.com\/wp-content\/uploads\/2024\/08\/Modern-Swinging-Doors.webp\",\"width\":1000,\"height\":1000,\"caption\":\"Modern Swinging Doors\"},{\"@type\":\"BreadcrumbList\",\"@id\":\"https:\/\/sparkhdw.com\/manufacturer\/internal-swing-door\/#breadcrumb\",\"itemListElement\":[{\"@type\":\"ListItem\",\"position\":1,\"name\":\"Home\",\"item\":\"https:\/\/sparkhdw.com\/\"},{\"@type\":\"ListItem\",\"position\":2,\"name\":\"Products\",\"item\":\"https:\/\/sparkhdw.com\/shop\/\"},{\"@type\":\"ListItem\",\"position\":3,\"name\":\"Internal Swing Door\"}]},{\"@type\":\"WebSite\",\"@id\":\"https:\/\/sparkhdw.com\/#website\",\"url\":\"https:\/\/sparkhdw.com\/\",\"name\":\"Spark Hardware\",\"description\":\"\",\"potentialAction\":[{\"@type\":\"SearchAction\",\"target\":{\"@type\":\"EntryPoint\",\"urlTemplate\":\"https:\/\/sparkhdw.com\/?s={search_term_string}\"},\"query-input\":\"required name=search_term_string\"}],\"inLanguage\":\"ro-RO\"}]}<\/script>\n<!-- \/ Yoast SEO plugin. -->","yoast_head_json":{"title":"U\u0219\u0103 interioar\u0103 batant\u0103 - Feronerie Spark","description":"U\u0219ile batante moderne fac orice u\u0219\u0103 frumoas\u0103. U\u0219ile moderne sunt u\u0219i perfecte pentru majordom, baie, u\u0219i pentru dulap sau c\u0103mar\u0103","robots":{"index":"index","follow":"follow","max-snippet":"max-snippet:-1","max-image-preview":"max-image-preview:large","max-video-preview":"max-video-preview:-1"},"canonical":"https:\/\/sparkhdw.com\/ro\/manufacturer\/internal-swing-door\/","og_locale":"ro_RO","og_type":"article","og_title":"Internal Swing Door - Spark Hardware","og_description":"Modern Swinging Doors make any doorway beautiful. Modern Doors are Perfect Butler Doors, Bathroom, Closet Doors or Pantry","og_url":"https:\/\/sparkhdw.com\/ro\/manufacturer\/internal-swing-door\/","og_site_name":"Spark Hardware","article_modified_time":"2024-08-27T13:26:42+00:00","og_image":[{"width":1000,"height":1000,"url":"https:\/\/sparkhdw.com\/wp-content\/uploads\/2024\/08\/Modern-Swinging-Doors.webp","type":"image\/webp"}],"twitter_card":"summary_large_image","twitter_misc":{"Est. reading time":"2 minute"},"schema":{"@context":"https:\/\/schema.org","@graph":[{"@type":"WebPage","@id":"https:\/\/sparkhdw.com\/manufacturer\/internal-swing-door\/","url":"https:\/\/sparkhdw.com\/manufacturer\/internal-swing-door\/","name":"U\u0219\u0103 interioar\u0103 batant\u0103 - Feronerie Spark","isPartOf":{"@id":"https:\/\/sparkhdw.com\/#website"},"primaryImageOfPage":{"@id":"https:\/\/sparkhdw.com\/manufacturer\/internal-swing-door\/#primaryimage"},"image":{"@id":"https:\/\/sparkhdw.com\/manufacturer\/internal-swing-door\/#primaryimage"},"thumbnailUrl":"https:\/\/sparkhdw.com\/wp-content\/uploads\/2024\/08\/Modern-Swinging-Doors.webp","datePublished":"2024-08-27T12:56:19+00:00","dateModified":"2024-08-27T13:26:42+00:00","description":"U\u0219ile batante moderne fac orice u\u0219\u0103 frumoas\u0103. U\u0219ile moderne sunt u\u0219i perfecte pentru majordom, baie, u\u0219i pentru dulap sau c\u0103mar\u0103","breadcrumb":{"@id":"https:\/\/sparkhdw.com\/manufacturer\/internal-swing-door\/#breadcrumb"},"inLanguage":"ro-RO","potentialAction":[{"@type":"ReadAction","target":["https:\/\/sparkhdw.com\/manufacturer\/internal-swing-door\/"]}]},{"@type":"ImageObject","inLanguage":"ro-RO","@id":"https:\/\/sparkhdw.com\/manufacturer\/internal-swing-door\/#primaryimage","url":"https:\/\/sparkhdw.com\/wp-content\/uploads\/2024\/08\/Modern-Swinging-Doors.webp","contentUrl":"https:\/\/sparkhdw.com\/wp-content\/uploads\/2024\/08\/Modern-Swinging-Doors.webp","width":1000,"height":1000,"caption":"Modern Swinging Doors"},{"@type":"BreadcrumbList","@id":"https:\/\/sparkhdw.com\/manufacturer\/internal-swing-door\/#breadcrumb","itemListElement":[{"@type":"ListItem","position":1,"name":"Home","item":"https:\/\/sparkhdw.com\/"},{"@type":"ListItem","position":2,"name":"Products","item":"https:\/\/sparkhdw.com\/shop\/"},{"@type":"ListItem","position":3,"name":"Internal Swing Door"}]},{"@type":"WebSite","@id":"https:\/\/sparkhdw.com\/#website","url":"https:\/\/sparkhdw.com\/","name":"Hardware Spark","description":"","potentialAction":[{"@type":"SearchAction","target":{"@type":"EntryPoint","urlTemplate":"https:\/\/sparkhdw.com\/?s={search_term_string}"},"query-input":"required name=search_term_string"}],"inLanguage":"ro-RO"}]}},"_links":{"self":[{"href":"https:\/\/sparkhdw.com\/ro\/wp-json\/wp\/v2\/product\/2906"}],"collection":[{"href":"https:\/\/sparkhdw.com\/ro\/wp-json\/wp\/v2\/product"}],"about":[{"href":"https:\/\/sparkhdw.com\/ro\/wp-json\/wp\/v2\/types\/product"}],"replies":[{"embeddable":true,"href":"https:\/\/sparkhdw.com\/ro\/wp-json\/wp\/v2\/comments?post=2906"}],"wp:featuredmedia":[{"embeddable":true,"href":"https:\/\/sparkhdw.com\/ro\/wp-json\/wp\/v2\/media\/2910"}],"wp:attachment":[{"href":"https:\/\/sparkhdw.com\/ro\/wp-json\/wp\/v2\/media?parent=2906"}],"wp:term":[{"taxonomy":"product_cat","embeddable":true,"href":"https:\/\/sparkhdw.com\/ro\/wp-json\/wp\/v2\/product_cat?post=2906"},{"taxonomy":"product_tag","embeddable":true,"href":"https:\/\/sparkhdw.com\/ro\/wp-json\/wp\/v2\/product_tag?post=2906"}],"curies":[{"name":"wp","href":"https:\/\/api.w.org\/{rel}","templated":true}]}}