{"id":2665,"date":"2024-01-15T21:02:19","date_gmt":"2024-01-15T21:02:19","guid":{"rendered":"https:\/\/sparkhdw.com\/?post_type=product&#038;p=2665"},"modified":"2024-08-23T05:44:16","modified_gmt":"2024-08-23T05:44:16","slug":"interior-barn-door-handles","status":"publish","type":"product","link":"https:\/\/sparkhdw.com\/sl\/manufacturer\/interior-barn-door-handles\/","title":{"rendered":"Notranji ro\u010daji za vrata hleva"},"content":{"rendered":"<div class=\"container section-title-container\" ><h3 class=\"section-title section-title-center\"><b><\/b><span class=\"section-title-main\" >Specifikacija<\/span><b><\/b><\/h3><\/div>\n<div class=\"row\"  id=\"row-1822115597\">\n\n\t<div id=\"col-628393203\" class=\"col medium-6 small-12 large-6\"  >\n\t\t\t\t<div class=\"col-inner\"  >\n\t\t\t\n\t\t\t\n<table style=\"border-collapse: collapse; width: 245.53pt;\" border=\"0\" width=\"491\" cellspacing=\"0\" cellpadding=\"0\">\n<tbody>\n<tr style=\"height: 25.00pt;\">\n<td class=\"et3\" style=\"height: 25.00pt; width: 114.00pt;\" width=\"228\" height=\"50\">Model \u0161t.<\/td>\n<td class=\"et4\" style=\"width: 131.50pt;\" width=\"263\">SPK-9320<\/td>\n<\/tr>\n<tr style=\"height: 25.00pt;\">\n<td class=\"et3\" style=\"height: 25.00pt; width: 114.00pt;\" width=\"228\" height=\"50\">Material<\/td>\n<td class=\"et4\" style=\"width: 131.50pt;\" width=\"263\">Ogljikovo jeklo<\/td>\n<\/tr>\n<tr style=\"height: 25.00pt;\">\n<td class=\"et3\" style=\"height: 25.00pt; width: 114.00pt;\" width=\"228\" height=\"50\">Kon\u010daj<\/td>\n<td class=\"et4\" style=\"width: 131.50pt;\" width=\"263\">\u010crno pra\u0161no lakirano<\/td>\n<\/tr>\n<tr style=\"height: 25.00pt;\">\n<td class=\"et3\" style=\"height: 25.00pt; width: 114.00pt;\" width=\"228\" height=\"50\">Pritrjevanje<\/td>\n<td class=\"et4\" style=\"width: 131.50pt;\" width=\"263\">Enojna stran<\/td>\n<\/tr>\n<tr style=\"height: 25.00pt;\">\n<td class=\"et3\" style=\"height: 25.00pt; width: 114.00pt;\" width=\"228\" height=\"50\">Prilo\u017eeni dodatki<\/td>\n<td class=\"et4\" style=\"width: 131.50pt;\" width=\"263\">Vijaki<\/td>\n<\/tr>\n<tr style=\"height: 25.00pt;\">\n<td class=\"et5\" style=\"height: 25.00pt;\" height=\"50\">MOQ<\/td>\n<td class=\"et6\">20 kosov<\/td>\n<\/tr>\n<tr style=\"height: 26.00pt;\">\n<td class=\"et5\" style=\"height: 26.00pt;\" height=\"52\">Aplikacija<\/td>\n<td class=\"et6\">Lesena vrata<\/td>\n<\/tr>\n<\/tbody>\n<\/table>\n\t\t<\/div>\n\t\t\t\t\t<\/div>\n\n\t\n<\/div>","protected":false},"excerpt":{"rendered":"<p>\u0160t. modela: SPK-9320<br \/>\nOgljikovo jeklo s \u010drnim pra\u0161kastim premazom<br \/>\nLahko se prilega lesenim vratom debeline 30-55 mm.<br \/>\nRazli\u010dne velikosti in povr\u0161ine po va\u0161i izbiri.<\/p>","protected":false},"featured_media":2566,"comment_status":"open","ping_status":"closed","template":"","meta":[],"product_cat":[45],"product_tag":[],"yoast_head":"<!-- This site is optimized with the Yoast SEO plugin v22.6 - https:\/\/yoast.com\/wordpress\/plugins\/seo\/ -->\n<title>Interior Barn Door Handles - Spark Hardware<\/title>\n<meta name=\"description\" content=\"As a leading manufacturer based in China, we take pride in being your most dependable supplier of interior barn door handles.\" \/>\n<meta name=\"robots\" content=\"index, follow, max-snippet:-1, max-image-preview:large, max-video-preview:-1\" \/>\n<link rel=\"canonical\" href=\"https:\/\/sparkhdw.com\/sl\/manufacturer\/interior-barn-door-handles\/\" \/>\n<meta property=\"og:locale\" content=\"sl_SI\" \/>\n<meta property=\"og:type\" content=\"article\" \/>\n<meta property=\"og:title\" content=\"Interior Barn Door Handles - Spark Hardware\" \/>\n<meta property=\"og:description\" content=\"As a leading manufacturer based in China, we take pride in being your most dependable supplier of interior barn door handles.\" \/>\n<meta property=\"og:url\" content=\"https:\/\/sparkhdw.com\/sl\/manufacturer\/interior-barn-door-handles\/\" \/>\n<meta property=\"og:site_name\" content=\"Spark Hardware\" \/>\n<meta property=\"article:modified_time\" content=\"2024-08-23T05:44:16+00:00\" \/>\n<meta property=\"og:image\" content=\"https:\/\/sparkhdw.com\/wp-content\/uploads\/2024\/01\/interior-barn-door-handles.webp\" \/>\n\t<meta property=\"og:image:width\" content=\"1000\" \/>\n\t<meta property=\"og:image:height\" content=\"1000\" \/>\n\t<meta property=\"og:image:type\" content=\"image\/webp\" \/>\n<meta name=\"twitter:card\" content=\"summary_large_image\" \/>\n<meta name=\"twitter:label1\" content=\"Est. reading time\" \/>\n\t<meta name=\"twitter:data1\" content=\"1 minuta\" \/>\n<script type=\"application\/ld+json\" class=\"yoast-schema-graph\">{\"@context\":\"https:\/\/schema.org\",\"@graph\":[{\"@type\":\"WebPage\",\"@id\":\"https:\/\/sparkhdw.com\/manufacturer\/interior-barn-door-handles\/\",\"url\":\"https:\/\/sparkhdw.com\/manufacturer\/interior-barn-door-handles\/\",\"name\":\"Interior Barn Door Handles - Spark Hardware\",\"isPartOf\":{\"@id\":\"https:\/\/sparkhdw.com\/#website\"},\"primaryImageOfPage\":{\"@id\":\"https:\/\/sparkhdw.com\/manufacturer\/interior-barn-door-handles\/#primaryimage\"},\"image\":{\"@id\":\"https:\/\/sparkhdw.com\/manufacturer\/interior-barn-door-handles\/#primaryimage\"},\"thumbnailUrl\":\"https:\/\/sparkhdw.com\/wp-content\/uploads\/2024\/01\/interior-barn-door-handles.webp\",\"datePublished\":\"2024-01-15T21:02:19+00:00\",\"dateModified\":\"2024-08-23T05:44:16+00:00\",\"description\":\"As a leading manufacturer based in China, we take pride in being your most dependable supplier of interior barn door handles.\",\"breadcrumb\":{\"@id\":\"https:\/\/sparkhdw.com\/manufacturer\/interior-barn-door-handles\/#breadcrumb\"},\"inLanguage\":\"sl-SI\",\"potentialAction\":[{\"@type\":\"ReadAction\",\"target\":[\"https:\/\/sparkhdw.com\/manufacturer\/interior-barn-door-handles\/\"]}]},{\"@type\":\"ImageObject\",\"inLanguage\":\"sl-SI\",\"@id\":\"https:\/\/sparkhdw.com\/manufacturer\/interior-barn-door-handles\/#primaryimage\",\"url\":\"https:\/\/sparkhdw.com\/wp-content\/uploads\/2024\/01\/interior-barn-door-handles.webp\",\"contentUrl\":\"https:\/\/sparkhdw.com\/wp-content\/uploads\/2024\/01\/interior-barn-door-handles.webp\",\"width\":1000,\"height\":1000,\"caption\":\"interior barn door handle\"},{\"@type\":\"BreadcrumbList\",\"@id\":\"https:\/\/sparkhdw.com\/manufacturer\/interior-barn-door-handles\/#breadcrumb\",\"itemListElement\":[{\"@type\":\"ListItem\",\"position\":1,\"name\":\"Home\",\"item\":\"https:\/\/sparkhdw.com\/\"},{\"@type\":\"ListItem\",\"position\":2,\"name\":\"Products\",\"item\":\"https:\/\/sparkhdw.com\/shop\/\"},{\"@type\":\"ListItem\",\"position\":3,\"name\":\"Interior Barn Door Handles\"}]},{\"@type\":\"WebSite\",\"@id\":\"https:\/\/sparkhdw.com\/#website\",\"url\":\"https:\/\/sparkhdw.com\/\",\"name\":\"Spark Hardware\",\"description\":\"\",\"potentialAction\":[{\"@type\":\"SearchAction\",\"target\":{\"@type\":\"EntryPoint\",\"urlTemplate\":\"https:\/\/sparkhdw.com\/?s={search_term_string}\"},\"query-input\":\"required name=search_term_string\"}],\"inLanguage\":\"sl-SI\"}]}<\/script>\n<!-- \/ Yoast SEO plugin. -->","yoast_head_json":{"title":"Notranji ro\u010daji za vrata hlevov - strojna oprema Spark","description":"Kot vodilni proizvajalec s sede\u017eem na Kitajskem smo ponosni, da smo va\u0161 najbolj zanesljiv dobavitelj kljuk za notranja hlevska vrata.","robots":{"index":"index","follow":"follow","max-snippet":"max-snippet:-1","max-image-preview":"max-image-preview:large","max-video-preview":"max-video-preview:-1"},"canonical":"https:\/\/sparkhdw.com\/sl\/manufacturer\/interior-barn-door-handles\/","og_locale":"sl_SI","og_type":"article","og_title":"Interior Barn Door Handles - Spark Hardware","og_description":"As a leading manufacturer based in China, we take pride in being your most dependable supplier of interior barn door handles.","og_url":"https:\/\/sparkhdw.com\/sl\/manufacturer\/interior-barn-door-handles\/","og_site_name":"Spark Hardware","article_modified_time":"2024-08-23T05:44:16+00:00","og_image":[{"width":1000,"height":1000,"url":"https:\/\/sparkhdw.com\/wp-content\/uploads\/2024\/01\/interior-barn-door-handles.webp","type":"image\/webp"}],"twitter_card":"summary_large_image","twitter_misc":{"Est. reading time":"1 minuta"},"schema":{"@context":"https:\/\/schema.org","@graph":[{"@type":"WebPage","@id":"https:\/\/sparkhdw.com\/manufacturer\/interior-barn-door-handles\/","url":"https:\/\/sparkhdw.com\/manufacturer\/interior-barn-door-handles\/","name":"Notranji ro\u010daji za vrata hlevov - strojna oprema Spark","isPartOf":{"@id":"https:\/\/sparkhdw.com\/#website"},"primaryImageOfPage":{"@id":"https:\/\/sparkhdw.com\/manufacturer\/interior-barn-door-handles\/#primaryimage"},"image":{"@id":"https:\/\/sparkhdw.com\/manufacturer\/interior-barn-door-handles\/#primaryimage"},"thumbnailUrl":"https:\/\/sparkhdw.com\/wp-content\/uploads\/2024\/01\/interior-barn-door-handles.webp","datePublished":"2024-01-15T21:02:19+00:00","dateModified":"2024-08-23T05:44:16+00:00","description":"Kot vodilni proizvajalec s sede\u017eem na Kitajskem smo ponosni, da smo va\u0161 najbolj zanesljiv dobavitelj kljuk za notranja hlevska vrata.","breadcrumb":{"@id":"https:\/\/sparkhdw.com\/manufacturer\/interior-barn-door-handles\/#breadcrumb"},"inLanguage":"sl-SI","potentialAction":[{"@type":"ReadAction","target":["https:\/\/sparkhdw.com\/manufacturer\/interior-barn-door-handles\/"]}]},{"@type":"ImageObject","inLanguage":"sl-SI","@id":"https:\/\/sparkhdw.com\/manufacturer\/interior-barn-door-handles\/#primaryimage","url":"https:\/\/sparkhdw.com\/wp-content\/uploads\/2024\/01\/interior-barn-door-handles.webp","contentUrl":"https:\/\/sparkhdw.com\/wp-content\/uploads\/2024\/01\/interior-barn-door-handles.webp","width":1000,"height":1000,"caption":"interior barn door handle"},{"@type":"BreadcrumbList","@id":"https:\/\/sparkhdw.com\/manufacturer\/interior-barn-door-handles\/#breadcrumb","itemListElement":[{"@type":"ListItem","position":1,"name":"Home","item":"https:\/\/sparkhdw.com\/"},{"@type":"ListItem","position":2,"name":"Products","item":"https:\/\/sparkhdw.com\/shop\/"},{"@type":"ListItem","position":3,"name":"Interior Barn Door Handles"}]},{"@type":"WebSite","@id":"https:\/\/sparkhdw.com\/#website","url":"https:\/\/sparkhdw.com\/","name":"Strojna oprema Spark","description":"","potentialAction":[{"@type":"SearchAction","target":{"@type":"EntryPoint","urlTemplate":"https:\/\/sparkhdw.com\/?s={search_term_string}"},"query-input":"required name=search_term_string"}],"inLanguage":"sl-SI"}]}},"_links":{"self":[{"href":"https:\/\/sparkhdw.com\/sl\/wp-json\/wp\/v2\/product\/2665"}],"collection":[{"href":"https:\/\/sparkhdw.com\/sl\/wp-json\/wp\/v2\/product"}],"about":[{"href":"https:\/\/sparkhdw.com\/sl\/wp-json\/wp\/v2\/types\/product"}],"replies":[{"embeddable":true,"href":"https:\/\/sparkhdw.com\/sl\/wp-json\/wp\/v2\/comments?post=2665"}],"wp:featuredmedia":[{"embeddable":true,"href":"https:\/\/sparkhdw.com\/sl\/wp-json\/wp\/v2\/media\/2566"}],"wp:attachment":[{"href":"https:\/\/sparkhdw.com\/sl\/wp-json\/wp\/v2\/media?parent=2665"}],"wp:term":[{"taxonomy":"product_cat","embeddable":true,"href":"https:\/\/sparkhdw.com\/sl\/wp-json\/wp\/v2\/product_cat?post=2665"},{"taxonomy":"product_tag","embeddable":true,"href":"https:\/\/sparkhdw.com\/sl\/wp-json\/wp\/v2\/product_tag?post=2665"}],"curies":[{"name":"delovni list","href":"https:\/\/api.w.org\/{rel}","templated":true}]}}