{"id":2783,"date":"2024-03-19T07:56:39","date_gmt":"2024-03-19T07:56:39","guid":{"rendered":"https:\/\/sparkhdw.com\/?post_type=product&#038;p=2783"},"modified":"2024-03-20T02:31:16","modified_gmt":"2024-03-20T02:31:16","slug":"metal-glass-door-with-sidelights","status":"publish","type":"product","link":"https:\/\/sparkhdw.com\/sv\/manufacturer\/metal-glass-door-with-sidelights\/","title":{"rendered":"Metallglasd\u00f6rr med sidoljus"},"content":{"rendered":"<ul>\n<li><strong>Metall ram:<\/strong> kolst\u00e5l\u00a0<\/li>\n<li><strong>Ytbehandling: svart, vit, olivgr\u00e5<\/strong><\/li>\n<li><strong>D\u00f6rrstil, glastyp och handtag:<\/strong> Du kan v\u00e4lja bland v\u00e5ra kollektioner, skr\u00e4ddarsydda p\u00e5 beg\u00e4ran.<\/li>\n<li><strong>F\u00f6rpackning:<\/strong>Packad med skum. Vi lovar att de \u00e4r helt i perfekt skick n\u00e4r du f\u00e5r den.<\/li>\n<li><strong>MOQ:<\/strong> 1 st.<\/li>\n<li><strong>Testning:<\/strong> Godk\u00e4nd test av dropbox och dynamisk uth\u00e5llighet.\u00a0<\/li>\n<\/ul>\n\t<div id=\"gap-1906519391\" class=\"gap-element clearfix\" style=\"display:block; height:auto;\">\n\t\t\n<style>\n#gap-1906519391 {\n  padding-top: 30px;\n}\n<\/style>\n\t<\/div>\n\t\n<p><strong>Ladug\u00e5rdsd\u00f6rr av metall i glas Modellnr: SPK-SG6+3+3<\/strong><\/p>\n<table style=\"height: 159px;\" width=\"649\">\n<tbody>\n<tr>\n<td width=\"169\">D\u00f6rrstorlek<\/td>\n<td width=\"735\">Anpassad d\u00f6rrstorlek<\/td>\n<\/tr>\n<tr>\n<td width=\"169\">D\u00f6rrkarm<\/td>\n<td width=\"735\">32-40 mm tjockt kolst\u00e5l i svart pulverlackering<\/td>\n<\/tr>\n<tr>\n<td width=\"169\">D\u00f6rrglas<\/td>\n<td width=\"735\">4-5 mm tjocklek h\u00e4rdat frost eller klart glas<\/td>\n<\/tr>\n<tr>\n<td width=\"169\">Paket\u00a0<\/td>\n<td width=\"735\">packad med skum i en kartong<\/td>\n<\/tr>\n<tr>\n<td width=\"169\">Ans\u00f6kan<\/td>\n<td width=\"735\">Endast anv\u00e4nd inredning<\/td>\n<\/tr>\n<tr>\n<td width=\"169\">Garanti<\/td>\n<td width=\"735\">3 \u00e5r<\/td>\n<\/tr>\n<\/tbody>\n<\/table>\n<div class=\"container section-title-container\" ><h3 class=\"section-title section-title-center\"><b><\/b><span class=\"section-title-main\" >Typ av d\u00f6rr<\/span><b><\/b><\/h3><\/div>\n<div class=\"row\"  id=\"row-843268989\">\n\n\t<div id=\"col-546011419\" class=\"col small-12 large-12\"  >\n\t\t\t\t<div class=\"col-inner\"  >\n\t\t\t\n\t\t\t\n\t<div class=\"img has-hover x md-x lg-x y md-y lg-y\" id=\"image_1385110071\">\n\t\t\t\t\t\t\t\t<div class=\"img-inner dark\" >\n\t\t\t<img width=\"1020\" height=\"541\" src=\"https:\/\/sparkhdw.com\/wp-content\/uploads\/2023\/11\/glass-barn-door-style-1024x543.webp\" class=\"attachment-large size-large\" alt=\"glas ladug\u00e5rdsd\u00f6rr stil\" decoding=\"async\" loading=\"lazy\" srcset=\"https:\/\/sparkhdw.com\/wp-content\/uploads\/2023\/11\/glass-barn-door-style-1024x543.webp 1024w, https:\/\/sparkhdw.com\/wp-content\/uploads\/2023\/11\/glass-barn-door-style-300x159.webp 300w, https:\/\/sparkhdw.com\/wp-content\/uploads\/2023\/11\/glass-barn-door-style-768x407.webp 768w, https:\/\/sparkhdw.com\/wp-content\/uploads\/2023\/11\/glass-barn-door-style-1536x815.webp 1536w, https:\/\/sparkhdw.com\/wp-content\/uploads\/2023\/11\/glass-barn-door-style-600x318.webp 600w, https:\/\/sparkhdw.com\/wp-content\/uploads\/2023\/11\/glass-barn-door-style.webp 1593w\" sizes=\"(max-width: 1020px) 100vw, 1020px\" \/>\t\t\t\t\t\t\n\t\t\t\t\t<\/div>\n\t\t\t\t\t\t\t\t\n<style>\n#image_1385110071 {\n  width: 100%;\n}\n<\/style>\n\t<\/div>\n\t\n\t<section class=\"section\" id=\"section_250357280\">\n\t\t<div class=\"bg section-bg fill bg-fill  bg-loaded\" >\n\n\t\t\t\n\t\t\t\n\t\t\t\n\n\t\t<\/div>\n\n\t\t\n\n\t\t<div class=\"section-content relative\">\n\t\t\t\n<div class=\"container section-title-container\" ><h3 class=\"section-title section-title-center\"><b><\/b><span class=\"section-title-main\" >Typ av glas<\/span><b><\/b><\/h3><\/div>\n\t<div class=\"img has-hover x md-x lg-x y md-y lg-y\" id=\"image_1110069095\">\n\t\t\t\t\t\t\t\t<div class=\"img-inner dark\" >\n\t\t\t<img width=\"784\" height=\"480\" src=\"https:\/\/sparkhdw.com\/wp-content\/uploads\/2023\/11\/Glass-type-.webp\" class=\"attachment-large size-large\" alt=\"\" decoding=\"async\" loading=\"lazy\" srcset=\"https:\/\/sparkhdw.com\/wp-content\/uploads\/2023\/11\/Glass-type-.webp 784w, https:\/\/sparkhdw.com\/wp-content\/uploads\/2023\/11\/Glass-type--300x184.webp 300w, https:\/\/sparkhdw.com\/wp-content\/uploads\/2023\/11\/Glass-type--768x470.webp 768w, https:\/\/sparkhdw.com\/wp-content\/uploads\/2023\/11\/Glass-type--600x367.webp 600w\" sizes=\"(max-width: 784px) 100vw, 784px\" \/>\t\t\t\t\t\t\n\t\t\t\t\t<\/div>\n\t\t\t\t\t\t\t\t\n<style>\n#image_1110069095 {\n  width: 100%;\n}\n<\/style>\n\t<\/div>\n\t\n\t\t<\/div>\n\n\t\t\n<style>\n#section_250357280 {\n  padding-top: 30px;\n  padding-bottom: 30px;\n  background-color: rgb(228, 239, 246);\n}\n#section_250357280 .ux-shape-divider--top svg {\n  height: 150px;\n  --divider-top-width: 100%;\n}\n#section_250357280 .ux-shape-divider--bottom svg {\n  height: 150px;\n  --divider-width: 100%;\n}\n<\/style>\n\t<\/section>\n\t\n\t\t<\/div>\n\t\t\t\t\t<\/div>\n\n\t\n<\/div>\n\t<div id=\"gap-1924607401\" class=\"gap-element clearfix\" style=\"display:block; height:auto;\">\n\t\t\n<style>\n#gap-1924607401 {\n  padding-top: 30px;\n}\n<\/style>\n\t<\/div>\n\t\n\t<div id=\"gap-456196835\" class=\"gap-element clearfix\" style=\"display:block; height:auto;\">\n\t\t\n<style>\n#gap-456196835 {\n  padding-top: 30px;\n}\n<\/style>\n\t<\/div>","protected":false},"excerpt":{"rendered":"<p>Glasd\u00f6rrar av metall hj\u00e4lper till att f\u00f6rhindra kyla ute och h\u00e5ller huset ljust och varmt samtidigt p\u00e5 vintern.<\/p>","protected":false},"featured_media":2785,"comment_status":"open","ping_status":"closed","template":"","meta":[],"product_cat":[41],"product_tag":[],"yoast_head":"<!-- This site is optimized with the Yoast SEO plugin v22.6 - https:\/\/yoast.com\/wordpress\/plugins\/seo\/ -->\n<title>Metal Glass Door with Sidelights - Spark Hardware<\/title>\n<meta name=\"description\" content=\"Find the manufacturer for all kinds of metal glass doors from China, our factory offers free custom services at wholesale price with fast delivery.\" \/>\n<meta name=\"robots\" content=\"index, follow, max-snippet:-1, max-image-preview:large, max-video-preview:-1\" \/>\n<link rel=\"canonical\" href=\"https:\/\/sparkhdw.com\/sv\/manufacturer\/metal-glass-door-with-sidelights\/\" \/>\n<meta property=\"og:locale\" content=\"sv_SE\" \/>\n<meta property=\"og:type\" content=\"article\" \/>\n<meta property=\"og:title\" content=\"Metal Glass Door with Sidelights - Spark Hardware\" \/>\n<meta property=\"og:description\" content=\"Find the manufacturer for all kinds of metal glass doors from China, our factory offers free custom services at wholesale price with fast delivery.\" \/>\n<meta property=\"og:url\" content=\"https:\/\/sparkhdw.com\/sv\/manufacturer\/metal-glass-door-with-sidelights\/\" \/>\n<meta property=\"og:site_name\" content=\"Spark Hardware\" \/>\n<meta property=\"article:modified_time\" content=\"2024-03-20T02:31:16+00:00\" \/>\n<meta property=\"og:image\" content=\"https:\/\/sparkhdw.com\/wp-content\/uploads\/2024\/03\/metal-glass-door-with-sidelight.webp\" \/>\n\t<meta property=\"og:image:width\" content=\"1000\" \/>\n\t<meta property=\"og:image:height\" content=\"1000\" \/>\n\t<meta property=\"og:image:type\" content=\"image\/webp\" \/>\n<meta name=\"twitter:card\" content=\"summary_large_image\" \/>\n<meta name=\"twitter:label1\" content=\"Est. reading time\" \/>\n\t<meta name=\"twitter:data1\" content=\"1 minut\" \/>\n<script type=\"application\/ld+json\" class=\"yoast-schema-graph\">{\"@context\":\"https:\/\/schema.org\",\"@graph\":[{\"@type\":\"WebPage\",\"@id\":\"https:\/\/sparkhdw.com\/manufacturer\/metal-glass-door-with-sidelights\/\",\"url\":\"https:\/\/sparkhdw.com\/manufacturer\/metal-glass-door-with-sidelights\/\",\"name\":\"Metal Glass Door with Sidelights - Spark Hardware\",\"isPartOf\":{\"@id\":\"https:\/\/sparkhdw.com\/#website\"},\"primaryImageOfPage\":{\"@id\":\"https:\/\/sparkhdw.com\/manufacturer\/metal-glass-door-with-sidelights\/#primaryimage\"},\"image\":{\"@id\":\"https:\/\/sparkhdw.com\/manufacturer\/metal-glass-door-with-sidelights\/#primaryimage\"},\"thumbnailUrl\":\"https:\/\/sparkhdw.com\/wp-content\/uploads\/2024\/03\/metal-glass-door-with-sidelight.webp\",\"datePublished\":\"2024-03-19T07:56:39+00:00\",\"dateModified\":\"2024-03-20T02:31:16+00:00\",\"description\":\"Find the manufacturer for all kinds of metal glass doors from China, our factory offers free custom services at wholesale price with fast delivery.\",\"breadcrumb\":{\"@id\":\"https:\/\/sparkhdw.com\/manufacturer\/metal-glass-door-with-sidelights\/#breadcrumb\"},\"inLanguage\":\"sv-SE\",\"potentialAction\":[{\"@type\":\"ReadAction\",\"target\":[\"https:\/\/sparkhdw.com\/manufacturer\/metal-glass-door-with-sidelights\/\"]}]},{\"@type\":\"ImageObject\",\"inLanguage\":\"sv-SE\",\"@id\":\"https:\/\/sparkhdw.com\/manufacturer\/metal-glass-door-with-sidelights\/#primaryimage\",\"url\":\"https:\/\/sparkhdw.com\/wp-content\/uploads\/2024\/03\/metal-glass-door-with-sidelight.webp\",\"contentUrl\":\"https:\/\/sparkhdw.com\/wp-content\/uploads\/2024\/03\/metal-glass-door-with-sidelight.webp\",\"width\":1000,\"height\":1000,\"caption\":\"metal glass door with sidelight\"},{\"@type\":\"BreadcrumbList\",\"@id\":\"https:\/\/sparkhdw.com\/manufacturer\/metal-glass-door-with-sidelights\/#breadcrumb\",\"itemListElement\":[{\"@type\":\"ListItem\",\"position\":1,\"name\":\"Home\",\"item\":\"https:\/\/sparkhdw.com\/\"},{\"@type\":\"ListItem\",\"position\":2,\"name\":\"Products\",\"item\":\"https:\/\/sparkhdw.com\/shop\/\"},{\"@type\":\"ListItem\",\"position\":3,\"name\":\"Metal Glass Door with Sidelights\"}]},{\"@type\":\"WebSite\",\"@id\":\"https:\/\/sparkhdw.com\/#website\",\"url\":\"https:\/\/sparkhdw.com\/\",\"name\":\"Spark Hardware\",\"description\":\"\",\"potentialAction\":[{\"@type\":\"SearchAction\",\"target\":{\"@type\":\"EntryPoint\",\"urlTemplate\":\"https:\/\/sparkhdw.com\/?s={search_term_string}\"},\"query-input\":\"required name=search_term_string\"}],\"inLanguage\":\"sv-SE\"}]}<\/script>\n<!-- \/ Yoast SEO plugin. -->","yoast_head_json":{"title":"Metallglasd\u00f6rr med sidoljus - Spark Hardware","description":"Hitta tillverkaren f\u00f6r alla typer av metallglasd\u00f6rrar fr\u00e5n Kina, v\u00e5r fabrik erbjuder gratis anpassade tj\u00e4nster till grossistpris med snabb leverans.","robots":{"index":"index","follow":"follow","max-snippet":"max-snippet:-1","max-image-preview":"max-image-preview:large","max-video-preview":"max-video-preview:-1"},"canonical":"https:\/\/sparkhdw.com\/sv\/manufacturer\/metal-glass-door-with-sidelights\/","og_locale":"sv_SE","og_type":"article","og_title":"Metal Glass Door with Sidelights - Spark Hardware","og_description":"Find the manufacturer for all kinds of metal glass doors from China, our factory offers free custom services at wholesale price with fast delivery.","og_url":"https:\/\/sparkhdw.com\/sv\/manufacturer\/metal-glass-door-with-sidelights\/","og_site_name":"Spark Hardware","article_modified_time":"2024-03-20T02:31:16+00:00","og_image":[{"width":1000,"height":1000,"url":"https:\/\/sparkhdw.com\/wp-content\/uploads\/2024\/03\/metal-glass-door-with-sidelight.webp","type":"image\/webp"}],"twitter_card":"summary_large_image","twitter_misc":{"Est. reading time":"1 minut"},"schema":{"@context":"https:\/\/schema.org","@graph":[{"@type":"WebPage","@id":"https:\/\/sparkhdw.com\/manufacturer\/metal-glass-door-with-sidelights\/","url":"https:\/\/sparkhdw.com\/manufacturer\/metal-glass-door-with-sidelights\/","name":"Metallglasd\u00f6rr med sidoljus - Spark Hardware","isPartOf":{"@id":"https:\/\/sparkhdw.com\/#website"},"primaryImageOfPage":{"@id":"https:\/\/sparkhdw.com\/manufacturer\/metal-glass-door-with-sidelights\/#primaryimage"},"image":{"@id":"https:\/\/sparkhdw.com\/manufacturer\/metal-glass-door-with-sidelights\/#primaryimage"},"thumbnailUrl":"https:\/\/sparkhdw.com\/wp-content\/uploads\/2024\/03\/metal-glass-door-with-sidelight.webp","datePublished":"2024-03-19T07:56:39+00:00","dateModified":"2024-03-20T02:31:16+00:00","description":"Hitta tillverkaren f\u00f6r alla typer av metallglasd\u00f6rrar fr\u00e5n Kina, v\u00e5r fabrik erbjuder gratis anpassade tj\u00e4nster till grossistpris med snabb leverans.","breadcrumb":{"@id":"https:\/\/sparkhdw.com\/manufacturer\/metal-glass-door-with-sidelights\/#breadcrumb"},"inLanguage":"sv-SE","potentialAction":[{"@type":"ReadAction","target":["https:\/\/sparkhdw.com\/manufacturer\/metal-glass-door-with-sidelights\/"]}]},{"@type":"ImageObject","inLanguage":"sv-SE","@id":"https:\/\/sparkhdw.com\/manufacturer\/metal-glass-door-with-sidelights\/#primaryimage","url":"https:\/\/sparkhdw.com\/wp-content\/uploads\/2024\/03\/metal-glass-door-with-sidelight.webp","contentUrl":"https:\/\/sparkhdw.com\/wp-content\/uploads\/2024\/03\/metal-glass-door-with-sidelight.webp","width":1000,"height":1000,"caption":"metal glass door with sidelight"},{"@type":"BreadcrumbList","@id":"https:\/\/sparkhdw.com\/manufacturer\/metal-glass-door-with-sidelights\/#breadcrumb","itemListElement":[{"@type":"ListItem","position":1,"name":"Home","item":"https:\/\/sparkhdw.com\/"},{"@type":"ListItem","position":2,"name":"Products","item":"https:\/\/sparkhdw.com\/shop\/"},{"@type":"ListItem","position":3,"name":"Metal Glass Door with Sidelights"}]},{"@type":"WebSite","@id":"https:\/\/sparkhdw.com\/#website","url":"https:\/\/sparkhdw.com\/","name":"Spark Hardware","description":"","potentialAction":[{"@type":"SearchAction","target":{"@type":"EntryPoint","urlTemplate":"https:\/\/sparkhdw.com\/?s={search_term_string}"},"query-input":"required name=search_term_string"}],"inLanguage":"sv-SE"}]}},"_links":{"self":[{"href":"https:\/\/sparkhdw.com\/sv\/wp-json\/wp\/v2\/product\/2783"}],"collection":[{"href":"https:\/\/sparkhdw.com\/sv\/wp-json\/wp\/v2\/product"}],"about":[{"href":"https:\/\/sparkhdw.com\/sv\/wp-json\/wp\/v2\/types\/product"}],"replies":[{"embeddable":true,"href":"https:\/\/sparkhdw.com\/sv\/wp-json\/wp\/v2\/comments?post=2783"}],"wp:featuredmedia":[{"embeddable":true,"href":"https:\/\/sparkhdw.com\/sv\/wp-json\/wp\/v2\/media\/2785"}],"wp:attachment":[{"href":"https:\/\/sparkhdw.com\/sv\/wp-json\/wp\/v2\/media?parent=2783"}],"wp:term":[{"taxonomy":"product_cat","embeddable":true,"href":"https:\/\/sparkhdw.com\/sv\/wp-json\/wp\/v2\/product_cat?post=2783"},{"taxonomy":"product_tag","embeddable":true,"href":"https:\/\/sparkhdw.com\/sv\/wp-json\/wp\/v2\/product_tag?post=2783"}],"curies":[{"name":"wp","href":"https:\/\/api.w.org\/{rel}","templated":true}]}}